
{"id":906,"date":"2016-02-04T02:36:13","date_gmt":"2016-02-04T01:36:13","guid":{"rendered":"http:\/\/10.10.20.35\/?page_id=906"},"modified":"2025-11-20T15:33:13","modified_gmt":"2025-11-20T14:33:13","slug":"zdar-nad-sazavou","status":"publish","type":"page","link":"https:\/\/www.gb-geodezie.cz\/?page_id=906","title":{"rendered":"\u017d\u010f\u00e1r nad S\u00e1zavou"},"content":{"rendered":"<h5>Pobo\u010dka \u017d\u010f\u00e1r nad S\u00e1zavou<\/h5>\n<table width=\"100%\">\n<tbody>\n<tr>\n<td width=\"50%\">adresa:<\/td>\n<td width=\"60%\">Doln\u00ed 165\/1<br \/>\n591 01 \u017d\u010f\u00e1r nad S\u00e1zavou<br \/>\n49\u00b033\u201928N , 15\u00b055\u201954\u2033E<\/td>\n<\/tr>\n<tr>\n<td width=\"50%\">kontakt:<\/td>\n<td width=\"60%\">tel: +420 566 623 246<br \/>\nmail: <a href=\"mailto:zdar@geodezie-brno.cz\">zdar(at)geodezie-brno.cz<\/a><\/td>\n<\/tr>\n<tr>\n<td width=\"50%\">prov\u00e1d\u011bn\u00e9 \u010dinnosti:<\/td>\n<td width=\"60%\">geometrick\u00e9 pl\u00e1ny, zam\u011b\u0159en\u00ed, atd.<\/td>\n<\/tr>\n<tr>\n<td width=\"50%\">identifika\u010dn\u00ed \u010d\u00edslo provozovny:<\/td>\n<td width=\"60%\">1009490931<\/td>\n<\/tr>\n<\/tbody>\n<\/table>\n<div id=\"wpgmza_map\" class=\"wpgmza_map\" data-settings='{\"id\":\"8\",\"map_title\":\"\\u017d?\\u00e1r nad S\\u00e1zavou\",\"map_width\":\"100\",\"map_height\":\"400\",\"map_start_lat\":\"49.565838299999996\",\"map_start_lng\":\"15.940196699999998\",\"map_start_location\":\"49.5658260400195,15.939876216852097\",\"map_start_zoom\":\"17\",\"default_marker\":\"\",\"type\":\"1\",\"alignment\":\"1\",\"directions_enabled\":\"0\",\"styling_enabled\":\"0\",\"styling_json\":\"\",\"active\":\"0\",\"kml\":\"\",\"bicycle\":\"0\",\"traffic\":\"1\",\"dbox\":\"1\",\"dbox_width\":\"500\",\"listmarkers\":\"0\",\"listmarkers_advanced\":\"0\",\"filterbycat\":\"0\",\"ugm_enabled\":\"2\",\"ugm_category_enabled\":\"2\",\"fusion\":\"\",\"map_width_type\":\"%\",\"map_height_type\":\"px\",\"mass_marker_support\":\"0\",\"ugm_access\":\"2\",\"order_markers_by\":\"1\",\"order_markers_choice\":\"2\",\"show_user_location\":\"1\",\"default_to\":\"\",\"other_settings\":{\"store_locator_enabled\":false,\"wpgmza_store_locator_restrict\":\"cz\",\"store_locator_distance\":true,\"store_locator_bounce\":1,\"store_locator_hide_before_search\":2,\"store_locator_use_their_location\":2,\"store_locator_name_search\":true,\"store_locator_category\":false,\"store_locator_query_string\":\"ZIP \\\/ Address:\",\"store_locator_name_string\":\"Title \\\/ Description:\",\"wpgmza_dbox_width_type\":\"px\",\"map_max_zoom\":\"3\",\"sl_stroke_color\":\"#000000\",\"sl_stroke_opacity\":\"0.25\",\"sl_fill_color\":\"#000000\",\"sl_fill_opacity\":\"0.15\",\"click_open_link\":true,\"weather_layer\":2,\"weather_layer_temp_type\":1,\"cloud_layer\":1,\"transport_layer\":true,\"wpgmza_iw_type\":\"0\",\"list_markers_by\":\"0\",\"push_in_map\":\"1\",\"push_in_map_placement\":\"1\",\"wpgmza_push_in_map_width\":\"\",\"wpgmza_push_in_map_height\":\"\",\"wpgmza_theme_data\":\"[{\\\"featureType\\\":\\\"landscape\\\",\\\"stylers\\\":[{\\\"saturation\\\":-100},{\\\"lightness\\\":65},{\\\"visibility\\\":\\\"on\\\"}]},{\\\"featureType\\\":\\\"poi\\\",\\\"stylers\\\":[{\\\"saturation\\\":-100},{\\\"lightness\\\":51},{\\\"visibility\\\":\\\"simplified\\\"}]},{\\\"featureType\\\":\\\"road.highway\\\",\\\"stylers\\\":[{\\\"saturation\\\":-100},{\\\"visibility\\\":\\\"simplified\\\"}]},{\\\"featureType\\\":\\\"road.arterial\\\",\\\"stylers\\\":[{\\\"saturation\\\":-100},{\\\"lightness\\\":30},{\\\"visibility\\\":\\\"on\\\"}]},{\\\"featureType\\\":\\\"road.local\\\",\\\"stylers\\\":[{\\\"saturation\\\":-100},{\\\"lightness\\\":40},{\\\"visibility\\\":\\\"on\\\"}]},{\\\"featureType\\\":\\\"transit\\\",\\\"stylers\\\":[{\\\"saturation\\\":-100},{\\\"visibility\\\":\\\"simplified\\\"}]},{\\\"featureType\\\":\\\"administrative.province\\\",\\\"stylers\\\":[{\\\"visibility\\\":\\\"off\\\"}]},{\\\"featureType\\\":\\\"water\\\",\\\"elementType\\\":\\\"labels\\\",\\\"stylers\\\":[{\\\"visibility\\\":\\\"on\\\"},{\\\"lightness\\\":-25},{\\\"saturation\\\":-100}]},{\\\"featureType\\\":\\\"water\\\",\\\"elementType\\\":\\\"geometry\\\",\\\"stylers\\\":[{\\\"hue\\\":\\\"#ffff00\\\"},{\\\"lightness\\\":-25},{\\\"saturation\\\":-97}]}]\",\"wpgmza_theme_selection\":8,\"shortcodeAttributes\":{\"id\":\"8\"},\"action\":\"wpgmza_save_map\",\"redirect_to\":\"\\\/wp-admin\\\/admin-post.php\",\"map_id\":\"8\",\"http_referer\":\"\\\/wp-admin\\\/admin.php?page=wp-google-maps-menu&amp;amp;action=edit&amp;amp;map_id=8\",\"wpgmza_id\":\"8\",\"wpgmza_start_location\":\"49.565838299999996,15.940196699999998\",\"wpgmza_start_zoom\":\"17\",\"wpgmza_theme\":\"3\",\"default_from\":\"\",\"directions_behaviour\":\"default\",\"force_google_directions_app\":false,\"directions_route_origin_icon\":\"http:\\\/\\\/www.gb-geodezie.cz\\\/wp-content\\\/plugins\\\/wp-google-maps\\\/images\\\/spotlight-poi2.png\",\"directions_origin_retina\":false,\"directions_route_destination_icon\":\"http:\\\/\\\/www.gb-geodezie.cz\\\/wp-content\\\/plugins\\\/wp-google-maps\\\/images\\\/spotlight-poi2.png\",\"directions_destination_retina\":false,\"directions_route_stroke_color\":\"#4f8df5\",\"directions_route_stroke_weight\":\"4\",\"directions_route_stroke_opacity\":\"0.8\",\"directions_fit_bounds_to_route\":false,\"store_locator_search_area\":\"radial\",\"wpgmza_store_locator_radius_style\":\"modern\",\"wpgmza_store_locator_default_radius\":\"10\",\"store_locator_auto_area_max_zoom\":\"\",\"wpgmza_store_locator_position\":false,\"store_locator_show_distance\":false,\"wpgmza_store_locator_use_their_location\":false,\"wpgmza_store_locator_bounce\":false,\"upload_default_sl_marker\":\"\",\"upload_default_sl_marker_retina\":false,\"wpgmza_sl_animation\":\"0\",\"wpgmza_store_locator_hide_before_search\":false,\"store_locator_default_address\":\"\",\"store_locator_not_found_message\":\"\",\"retina\":false,\"wpgmza_map_align\":\"1\",\"upload_default_ul_marker\":\"\",\"upload_default_ul_marker_retina\":false,\"jump_to_nearest_marker_on_initialization\":false,\"automatically_pan_to_users_location\":false,\"override_users_location_zoom_level\":false,\"override_users_location_zoom_levels\":\"\",\"show_distance_from_location\":false,\"map_min_zoom\":\"0\",\"fit_maps_bounds_to_markers\":false,\"fit_maps_bounds_to_markers_after_filtering\":false,\"hide_point_of_interest\":false,\"wpgmza_zoom_on_marker_click\":false,\"wpgmza_zoom_on_marker_click_slider\":\"\",\"close_infowindow_on_map_click\":false,\"disable_lightbox_images\":false,\"use_Raw_Jpeg_Coordinates\":false,\"polygon_labels\":false,\"disable_polygon_info_windows\":false,\"enable_advanced_custom_fields_integration\":false,\"enable_toolset_woocommerce_integration\":false,\"only_load_markers_within_viewport\":false,\"iw_primary_color\":\"#000000\",\"iw_accent_color\":\"#000000\",\"iw_text_color\":\"#000000\",\"wpgmza_listmarkers_by\":\"0\",\"wpgmza_marker_listing_position\":false,\"wpgmza_push_in_map\":false,\"wpgmza_push_in_map_placement\":\"1\",\"zoom_level_on_marker_listing_override\":false,\"zoom_level_on_marker_listing_click\":\"\",\"datatable_no_result_message\":\"\",\"remove_search_box_datables\":false,\"dataTable_pagination_style\":\"default\",\"datatable_search_string\":\"\",\"datatable_result_start\":\"\",\"datatable_result_of\":\"\",\"datatable_result_to\":\"\",\"datatable_result_total\":\"\",\"datatable_result_show\":\"\",\"datatable_result_entries\":\"\",\"wpgmza_savemap\":\"Save Map \\u00bb\",\"wpgmza_ugm_upload_images\":2,\"wpgmza_ugm_link_enabled\":\"2\",\"wpgmza_ugm_desc_enabled\":\"1\",\"wpgmza_ugm_form_header\":\"\",\"wpgmza_ugm_form_title\":\"\",\"wpgmza_ugm_form_title_ph\":\"\",\"wpgmza_ugm_form_address\":\"\",\"wpgmza_ugm_form_address_ph\":\"\",\"wpgmza_ugm_form_address_help\":\"\",\"wpgmza_ugm_form_desc\":\"\",\"wpgmza_ugm_form_link\":\"\",\"wpgmza_ugm_form_link_ph\":\"\",\"wpgmza_ugm_form_image\":\"\",\"wpgmza_ugm_form_category\":\"\",\"zoom_after_ugm_submission\":\"0\"}}' data-map-id='8' Data-maps-engine='google-maps' data-shortcode-attributes='{\"id\":\"8\"}' style=\"display:block; overflow:auto; width:100%; height:400px; float:left;\"><\/div>\n<p>&nbsp;<\/p>\n<p><strong>Kontakty na pracovn\u00edky:<\/strong><\/p>\n<table>\n<tbody>\n<tr>\n<td style=\"text-align: justify;\" width=\"40%\">\n<p style=\"text-align: left;\"><strong>Ing. Martin Mokr\u00fd<\/strong><\/p>\n<p>mail: <a href=\"mailto:martin.mokry@geodezie-brno.cz\">martin.mokry(at)geodezie-brno.cz <\/a><br \/>\ntel.: +420 566 623 246<br \/>\nmobil: +420 602 189 118<\/td>\n<td style=\"text-align: left;\" width=\"30%\"><\/td>\n<\/tr>\n<\/tbody>\n<\/table>\n","protected":false},"excerpt":{"rendered":"<p>Pobo\u010dka \u017d\u010f\u00e1r nad S\u00e1zavou adresa: Doln\u00ed 165\/1 591 01 \u017d\u010f\u00e1r nad S\u00e1zavou 49\u00b033\u201928N , 15\u00b055\u201954\u2033E kontakt: tel: +420 566 623 246 mail: zdar(at)geodezie-brno.cz prov\u00e1d\u011bn\u00e9 \u010dinnosti: geometrick\u00e9 pl\u00e1ny, zam\u011b\u0159en\u00ed, atd. identifika\u010dn\u00ed \u010d\u00edslo provozovny: 1009490931 &nbsp; Kontakty na pracovn\u00edky: Ing. Martin Mokr\u00fd&hellip; <\/p>\n","protected":false},"author":1,"featured_media":0,"parent":10,"menu_order":404,"comment_status":"closed","ping_status":"closed","template":"","meta":{"ngg_post_thumbnail":0,"footnotes":""},"class_list":["post-906","page","type-page","status-publish","hentry"],"_links":{"self":[{"href":"https:\/\/www.gb-geodezie.cz\/index.php?rest_route=\/wp\/v2\/pages\/906"}],"collection":[{"href":"https:\/\/www.gb-geodezie.cz\/index.php?rest_route=\/wp\/v2\/pages"}],"about":[{"href":"https:\/\/www.gb-geodezie.cz\/index.php?rest_route=\/wp\/v2\/types\/page"}],"author":[{"embeddable":true,"href":"https:\/\/www.gb-geodezie.cz\/index.php?rest_route=\/wp\/v2\/users\/1"}],"replies":[{"embeddable":true,"href":"https:\/\/www.gb-geodezie.cz\/index.php?rest_route=%2Fwp%2Fv2%2Fcomments&post=906"}],"version-history":[{"count":12,"href":"https:\/\/www.gb-geodezie.cz\/index.php?rest_route=\/wp\/v2\/pages\/906\/revisions"}],"predecessor-version":[{"id":1609,"href":"https:\/\/www.gb-geodezie.cz\/index.php?rest_route=\/wp\/v2\/pages\/906\/revisions\/1609"}],"up":[{"embeddable":true,"href":"https:\/\/www.gb-geodezie.cz\/index.php?rest_route=\/wp\/v2\/pages\/10"}],"wp:attachment":[{"href":"https:\/\/www.gb-geodezie.cz\/index.php?rest_route=%2Fwp%2Fv2%2Fmedia&parent=906"}],"curies":[{"name":"wp","href":"https:\/\/api.w.org\/{rel}","templated":true}]}}