
{"id":901,"date":"2016-02-04T02:22:20","date_gmt":"2016-02-04T01:22:20","guid":{"rendered":"http:\/\/10.10.20.35\/?page_id=901"},"modified":"2017-04-27T13:16:54","modified_gmt":"2017-04-27T12:16:54","slug":"blansko","status":"publish","type":"page","link":"https:\/\/www.gb-geodezie.cz\/?page_id=901","title":{"rendered":"Blansko"},"content":{"rendered":"<h5>Pobo\u010dka Blansko<\/h5>\n<table width=\"100%\">\n<tbody>\n<tr>\n<td width=\"50%\">adresa:<\/td>\n<td width=\"60%\">Smetanova 2359\/6<br \/>\n678 01 Blansko<br \/>\n49\u00b021\u201939\u2033N, 16\u00b038\u201934\u2033E<\/td>\n<\/tr>\n<tr>\n<td width=\"50%\">kontakt:<\/td>\n<td width=\"60%\">tel.: +420 516 411 757<br \/>\ntel.: +420 516 418 623<br \/>\ntel.: +420 516 411 800<br \/>\nmail: <a href=\"mailto:blansko@geodezie-brno.cz\">blansko(at)geodezie-brno.cz<\/a><\/td>\n<\/tr>\n<tr>\n<td width=\"50%\">prov\u00e1d\u011bn\u00e9 \u010dinnosti:<\/td>\n<td width=\"60%\">geometrick\u00e9 pl\u00e1ny, zam\u011b\u0159en\u00ed, rozd\u011blen\u00ed pozemk\u016f, vyty\u010den\u00ed pozemk\u016f, pozemkov\u00e9 \u00fapravy<\/td>\n<\/tr>\n<tr>\n<td width=\"50%\">identifika\u010dn\u00ed \u010d\u00edslo provozovny:<\/td>\n<td width=\"60%\">1001987349<\/td>\n<\/tr>\n<\/tbody>\n<\/table>\n<div id=\"wpgmza_map\" class=\"wpgmza_map\" data-settings='{\"id\":\"7\",\"map_title\":\"Blansko\",\"map_width\":\"100\",\"map_height\":\"400\",\"map_start_lat\":\"49.360548\",\"map_start_lng\":\"16.645023\",\"map_start_location\":\"49.36054799247202,16.645022730023793\",\"map_start_zoom\":\"17\",\"default_marker\":\"0\",\"type\":\"1\",\"alignment\":\"1\",\"directions_enabled\":\"0\",\"styling_enabled\":\"0\",\"styling_json\":\"\",\"active\":\"0\",\"kml\":\"\",\"bicycle\":\"0\",\"traffic\":\"1\",\"dbox\":\"1\",\"dbox_width\":\"500\",\"listmarkers\":\"0\",\"listmarkers_advanced\":\"0\",\"filterbycat\":\"0\",\"ugm_enabled\":\"0\",\"ugm_category_enabled\":\"0\",\"fusion\":\"\",\"map_width_type\":\"\\\\%\",\"map_height_type\":\"px\",\"mass_marker_support\":\"0\",\"ugm_access\":\"0\",\"order_markers_by\":\"1\",\"order_markers_choice\":\"2\",\"show_user_location\":\"2\",\"default_to\":\"\",\"other_settings\":{\"store_locator_enabled\":2,\"wpgmza_store_locator_restrict\":\"\",\"store_locator_distance\":2,\"store_locator_bounce\":1,\"store_locator_hide_before_search\":2,\"store_locator_use_their_location\":2,\"store_locator_name_search\":2,\"store_locator_category\":2,\"store_locator_query_string\":\"ZIP \\\/ Address:\",\"store_locator_name_string\":\"Title \\\/ Description:\",\"wpgmza_dbox_width_type\":\"px\",\"map_max_zoom\":\"3\",\"sl_stroke_color\":\"FF0000\",\"sl_stroke_opacity\":\"0.25\",\"sl_fill_color\":\"FF0000\",\"sl_fill_opacity\":\"0.15\",\"click_open_link\":2,\"weather_layer\":2,\"weather_layer_temp_type\":1,\"cloud_layer\":1,\"transport_layer\":1,\"wpgmza_iw_type\":\"0\",\"list_markers_by\":\"0\",\"push_in_map\":\"1\",\"push_in_map_placement\":\"1\",\"wpgmza_push_in_map_width\":\"\",\"wpgmza_push_in_map_height\":\"\",\"wpgmza_theme_data\":\"[{\\\\\\\"featureType\\\\\\\":\\\\\\\"administrative\\\\\\\",\\\\\\\"stylers\\\\\\\":[{\\\\\\\"visibility\\\\\\\":\\\\\\\"off\\\\\\\"}]},{\\\\\\\"featureType\\\\\\\":\\\\\\\"poi\\\\\\\",\\\\\\\"stylers\\\\\\\":[{\\\\\\\"visibility\\\\\\\":\\\\\\\"simplified\\\\\\\"}]},{\\\\\\\"featureType\\\\\\\":\\\\\\\"road\\\\\\\",\\\\\\\"elementType\\\\\\\":\\\\\\\"labels\\\\\\\",\\\\\\\"stylers\\\\\\\":[{\\\\\\\"visibility\\\\\\\":\\\\\\\"simplified\\\\\\\"}]},{\\\\\\\"featureType\\\\\\\":\\\\\\\"water\\\\\\\",\\\\\\\"stylers\\\\\\\":[{\\\\\\\"visibility\\\\\\\":\\\\\\\"simplified\\\\\\\"}]},{\\\\\\\"featureType\\\\\\\":\\\\\\\"transit\\\\\\\",\\\\\\\"stylers\\\\\\\":[{\\\\\\\"visibility\\\\\\\":\\\\\\\"simplified\\\\\\\"}]},{\\\\\\\"featureType\\\\\\\":\\\\\\\"landscape\\\\\\\",\\\\\\\"stylers\\\\\\\":[{\\\\\\\"visibility\\\\\\\":\\\\\\\"simplified\\\\\\\"}]},{\\\\\\\"featureType\\\\\\\":\\\\\\\"road.highway\\\\\\\",\\\\\\\"stylers\\\\\\\":[{\\\\\\\"visibility\\\\\\\":\\\\\\\"off\\\\\\\"}]},{\\\\\\\"featureType\\\\\\\":\\\\\\\"road.local\\\\\\\",\\\\\\\"stylers\\\\\\\":[{\\\\\\\"visibility\\\\\\\":\\\\\\\"on\\\\\\\"}]},{\\\\\\\"featureType\\\\\\\":\\\\\\\"road.highway\\\\\\\",\\\\\\\"elementType\\\\\\\":\\\\\\\"geometry\\\\\\\",\\\\\\\"stylers\\\\\\\":[{\\\\\\\"visibility\\\\\\\":\\\\\\\"on\\\\\\\"}]},{\\\\\\\"featureType\\\\\\\":\\\\\\\"water\\\\\\\",\\\\\\\"stylers\\\\\\\":[{\\\\\\\"color\\\\\\\":\\\\\\\"#84afa3\\\\\\\"},{\\\\\\\"lightness\\\\\\\":52}]},{\\\\\\\"stylers\\\\\\\":[{\\\\\\\"saturation\\\\\\\":-17},{\\\\\\\"gamma\\\\\\\":0.36}]},{\\\\\\\"featureType\\\\\\\":\\\\\\\"transit.line\\\\\\\",\\\\\\\"elementType\\\\\\\":\\\\\\\"geometry\\\\\\\",\\\\\\\"stylers\\\\\\\":[{\\\\\\\"color\\\\\\\":\\\\\\\"#3f518c\\\\\\\"}]}]\",\"wpgmza_theme_selection\":8,\"shortcodeAttributes\":{\"id\":\"7\"}}}' data-map-id='7' Data-maps-engine='google-maps' data-shortcode-attributes='{\"id\":\"7\"}' style=\"display:block; overflow:auto; width:100%; height:400px; float:left;\"><\/div>\n<p>&nbsp;<\/p>\n<p><strong>Kontakty na pracovn\u00edky:<\/strong><\/p>\n<table>\n<tbody>\n<tr>\n<td style=\"text-align: justify;\" width=\"40%\">\n<p style=\"text-align: left;\"><strong>Leo\u0161 Bla\u017eek<\/strong><\/p>\n<p>mail: <a href=\"mailto:leos.blazek@geodezie-brno.cz\">leos.blazek(at)geodezie-brno.cz<\/a><br \/>\ntel.: +420 516 411\u00a0800<br \/>\nmobil: +420 723 830 686<\/td>\n<td style=\"text-align: left;\" width=\"30%\">\u00a0<a href=\"http:\/\/www.gb-geodezie.cz\/wp-content\/uploads\/2016\/02\/blazek_leos.jpg\"><img loading=\"lazy\" decoding=\"async\" class=\"alignnone size-full wp-image-1177\" src=\"http:\/\/www.gb-geodezie.cz\/wp-content\/uploads\/2016\/02\/blazek_leos.jpg\" alt=\"blazek_leos\" width=\"140\" height=\"180\" \/><\/a><\/td>\n<\/tr>\n<\/tbody>\n<\/table>\n","protected":false},"excerpt":{"rendered":"<p>Pobo\u010dka Blansko adresa: Smetanova 2359\/6 678 01 Blansko 49\u00b021\u201939\u2033N, 16\u00b038\u201934\u2033E kontakt: tel.: +420 516 411 757 tel.: +420 516 418 623 tel.: +420 516 411 800 mail: blansko(at)geodezie-brno.cz prov\u00e1d\u011bn\u00e9 \u010dinnosti: geometrick\u00e9 pl\u00e1ny, zam\u011b\u0159en\u00ed, rozd\u011blen\u00ed pozemk\u016f, vyty\u010den\u00ed pozemk\u016f, pozemkov\u00e9 \u00fapravy identifika\u010dn\u00ed&hellip; <\/p>\n","protected":false},"author":1,"featured_media":0,"parent":10,"menu_order":403,"comment_status":"closed","ping_status":"closed","template":"","meta":{"ngg_post_thumbnail":0,"footnotes":""},"class_list":["post-901","page","type-page","status-publish","hentry"],"_links":{"self":[{"href":"https:\/\/www.gb-geodezie.cz\/index.php?rest_route=\/wp\/v2\/pages\/901"}],"collection":[{"href":"https:\/\/www.gb-geodezie.cz\/index.php?rest_route=\/wp\/v2\/pages"}],"about":[{"href":"https:\/\/www.gb-geodezie.cz\/index.php?rest_route=\/wp\/v2\/types\/page"}],"author":[{"embeddable":true,"href":"https:\/\/www.gb-geodezie.cz\/index.php?rest_route=\/wp\/v2\/users\/1"}],"replies":[{"embeddable":true,"href":"https:\/\/www.gb-geodezie.cz\/index.php?rest_route=%2Fwp%2Fv2%2Fcomments&post=901"}],"version-history":[{"count":16,"href":"https:\/\/www.gb-geodezie.cz\/index.php?rest_route=\/wp\/v2\/pages\/901\/revisions"}],"predecessor-version":[{"id":1346,"href":"https:\/\/www.gb-geodezie.cz\/index.php?rest_route=\/wp\/v2\/pages\/901\/revisions\/1346"}],"up":[{"embeddable":true,"href":"https:\/\/www.gb-geodezie.cz\/index.php?rest_route=\/wp\/v2\/pages\/10"}],"wp:attachment":[{"href":"https:\/\/www.gb-geodezie.cz\/index.php?rest_route=%2Fwp%2Fv2%2Fmedia&parent=901"}],"curies":[{"name":"wp","href":"https:\/\/api.w.org\/{rel}","templated":true}]}}