
{"id":614,"date":"2016-02-01T14:44:13","date_gmt":"2016-02-01T13:44:13","guid":{"rendered":"http:\/\/10.10.20.35\/?page_id=614"},"modified":"2023-05-10T14:14:25","modified_gmt":"2023-05-10T13:14:25","slug":"boskovice","status":"publish","type":"page","link":"https:\/\/www.gb-geodezie.cz\/?page_id=614","title":{"rendered":"Boskovice"},"content":{"rendered":"<h5>Pobo\u010dka Boskovice<\/h5>\n<table width=\"100%\">\n<tbody>\n<tr>\n<td width=\"50%\">adresa:<\/td>\n<td width=\"60%\">Dr. Sv\u011br\u00e1ka 2065\/13<br \/>\n680 01 Boskovice<br \/>\n49\u00b029\u201924\u2033N, 16\u00b039\u201937\u2033E<\/td>\n<\/tr>\n<tr>\n<td width=\"50%\">kontakt:<\/td>\n<td width=\"60%\">mobil: +420 724 885 756<br \/>\ntel.: +420 516 453 917<br \/>\nmail: <a href=\"mailto:boskovice@geodezie-brno.cz\">boskovice(at)geodezie-brno.cz<\/a><\/td>\n<\/tr>\n<tr>\n<td width=\"50%\">prov\u00e1d\u011bn\u00e9 \u010dinnosti:<\/td>\n<td width=\"60%\">geometrick\u00e9 pl\u00e1ny, zam\u011b\u0159en\u00ed, atd.<\/td>\n<\/tr>\n<tr>\n<td width=\"50%\">identifika\u010dn\u00ed \u010d\u00edslo provozovny:<\/td>\n<td width=\"60%\">1012708373<\/td>\n<\/tr>\n<\/tbody>\n<\/table>\n<div id=\"wpgmza_map\" class=\"wpgmza_map\" data-settings='{\"id\":\"12\",\"map_title\":\"Boskovice2\",\"map_width\":\"100\",\"map_height\":\"400\",\"map_start_lat\":\"49.49067267088225\",\"map_start_lng\":\"16.655135544470603\",\"map_start_location\":\"\",\"map_start_zoom\":\"17\",\"default_marker\":\"\",\"type\":\"1\",\"alignment\":\"0\",\"directions_enabled\":\"0\",\"styling_enabled\":\"0\",\"styling_json\":\"\",\"active\":\"0\",\"kml\":\"\",\"bicycle\":\"0\",\"traffic\":\"0\",\"dbox\":\"1\",\"dbox_width\":\"100\",\"listmarkers\":\"0\",\"listmarkers_advanced\":\"0\",\"filterbycat\":\"0\",\"ugm_enabled\":\"2\",\"ugm_category_enabled\":\"2\",\"fusion\":\"\",\"map_width_type\":\"%\",\"map_height_type\":\"px\",\"mass_marker_support\":\"0\",\"ugm_access\":\"2\",\"order_markers_by\":\"1\",\"order_markers_choice\":\"1\",\"show_user_location\":\"0\",\"default_to\":\"\",\"other_settings\":{\"map_type\":1,\"sl_stroke_color\":\"#ff0000\",\"sl_fill_color\":\"#ff0000\",\"sl_stroke_opacity\":\"1\",\"sl_fill_opacity\":\"0.5\",\"transport_layer\":false,\"action\":\"wpgmza_save_map\",\"redirect_to\":\"\\\/wp-admin\\\/admin-post.php\",\"map_id\":\"12\",\"http_referer\":\"\\\/wp-admin\\\/admin.php?page=wp-google-maps-menu&amp;amp;action=edit&amp;amp;map_id=12\",\"wpgmza_id\":\"12\",\"wpgmza_start_location\":\"49.49067267088225,16.655135544470603\",\"wpgmza_start_zoom\":\"17\",\"wpgmza_theme_data\":\"\",\"wpgmza_dbox_width_type\":\"%\",\"default_from\":\"\",\"directions_behaviour\":\"default\",\"force_google_directions_app\":false,\"directions_route_origin_icon\":\"http:\\\/\\\/www.gb-geodezie.cz\\\/wp-content\\\/plugins\\\/wp-google-maps\\\/images\\\/spotlight-poi2.png\",\"directions_origin_retina\":false,\"directions_route_destination_icon\":\"http:\\\/\\\/www.gb-geodezie.cz\\\/wp-content\\\/plugins\\\/wp-google-maps\\\/images\\\/spotlight-poi2.png\",\"directions_destination_retina\":false,\"directions_route_stroke_color\":\"#4f8df5\",\"directions_route_stroke_weight\":\"4\",\"directions_route_stroke_opacity\":\"0.8\",\"directions_fit_bounds_to_route\":false,\"store_locator_enabled\":false,\"store_locator_search_area\":\"radial\",\"wpgmza_store_locator_radius_style\":\"legacy\",\"wpgmza_store_locator_default_radius\":\"10\",\"store_locator_auto_area_max_zoom\":\"\",\"wpgmza_store_locator_restrict\":\"\",\"store_locator_distance\":false,\"wpgmza_store_locator_position\":false,\"store_locator_show_distance\":false,\"store_locator_category\":false,\"wpgmza_store_locator_use_their_location\":false,\"wpgmza_store_locator_bounce\":false,\"upload_default_sl_marker\":\"\",\"upload_default_sl_marker_retina\":false,\"wpgmza_sl_animation\":\"0\",\"wpgmza_store_locator_hide_before_search\":false,\"store_locator_query_string\":\"\",\"store_locator_default_address\":\"\",\"store_locator_name_search\":false,\"store_locator_name_string\":\"\",\"store_locator_not_found_message\":\"\",\"retina\":false,\"wpgmza_map_align\":\"1\",\"upload_default_ul_marker\":\"\",\"upload_default_ul_marker_retina\":false,\"jump_to_nearest_marker_on_initialization\":false,\"automatically_pan_to_users_location\":false,\"override_users_location_zoom_level\":false,\"override_users_location_zoom_levels\":\"\",\"show_distance_from_location\":false,\"map_max_zoom\":\"21\",\"map_min_zoom\":\"0\",\"click_open_link\":false,\"fit_maps_bounds_to_markers\":false,\"fit_maps_bounds_to_markers_after_filtering\":false,\"hide_point_of_interest\":false,\"wpgmza_zoom_on_marker_click\":false,\"wpgmza_zoom_on_marker_click_slider\":\"\",\"close_infowindow_on_map_click\":false,\"disable_lightbox_images\":false,\"use_Raw_Jpeg_Coordinates\":false,\"polygon_labels\":false,\"disable_polygon_info_windows\":false,\"enable_advanced_custom_fields_integration\":false,\"enable_toolset_woocommerce_integration\":false,\"only_load_markers_within_viewport\":false,\"iw_primary_color\":\"#000000\",\"iw_accent_color\":\"#000000\",\"iw_text_color\":\"#000000\",\"wpgmza_listmarkers_by\":\"0\",\"wpgmza_marker_listing_position\":false,\"wpgmza_push_in_map\":false,\"wpgmza_push_in_map_placement\":\"1\",\"wpgmza_push_in_map_width\":\"\",\"wpgmza_push_in_map_height\":\"\",\"zoom_level_on_marker_listing_override\":false,\"zoom_level_on_marker_listing_click\":\"\",\"datatable_no_result_message\":\"\",\"remove_search_box_datables\":false,\"dataTable_pagination_style\":\"default\",\"datatable_search_string\":\"\",\"datatable_result_start\":\"\",\"datatable_result_of\":\"\",\"datatable_result_to\":\"\",\"datatable_result_total\":\"\",\"datatable_result_show\":\"\",\"datatable_result_entries\":\"\",\"wpgmza_savemap\":\"Save Map \\u00bb\",\"wpgmza_ugm_upload_images\":2,\"wpgmza_ugm_link_enabled\":\"2\",\"wpgmza_ugm_desc_enabled\":\"1\",\"wpgmza_ugm_form_header\":\"\",\"wpgmza_ugm_form_title\":\"\",\"wpgmza_ugm_form_title_ph\":\"\",\"wpgmza_ugm_form_address\":\"\",\"wpgmza_ugm_form_address_ph\":\"\",\"wpgmza_ugm_form_address_help\":\"\",\"wpgmza_ugm_form_desc\":\"\",\"wpgmza_ugm_form_link\":\"\",\"wpgmza_ugm_form_link_ph\":\"\",\"wpgmza_ugm_form_image\":\"\",\"wpgmza_ugm_form_category\":\"\",\"zoom_after_ugm_submission\":\"0\",\"shortcodeAttributes\":{\"id\":\"12\"}}}' data-map-id='12' Data-maps-engine='google-maps' data-shortcode-attributes='{\"id\":\"12\"}' style=\"display:block; overflow:auto; width:100%; height:400px; float:left;\"><\/div>\n<p>&nbsp;<\/p>\n<p><strong>Kontakty na\u00a0pracovn\u00edky:<\/strong><\/p>\n<table>\n<tbody>\n<tr>\n<td style=\"text-align: justify;\" width=\"40%\">\n<p style=\"text-align: left;\"><strong>Josef Jakub\u016f <\/strong><\/p>\n<p>mail: <a href=\"mailto:josef.jakubu@geodezie-brno.cz\">josef.jakubu(at)geodezie-brno.cz <\/a><br \/>\ntel.: +420 516 453 917<br \/>\nmobil: +420 724 885 756<\/td>\n<td style=\"text-align: left;\" width=\"30%\">\u00a0<a href=\"http:\/\/www.gb-geodezie.cz\/wp-content\/uploads\/2016\/02\/jakubu_josef.jpg\"><img loading=\"lazy\" decoding=\"async\" class=\"alignnone size-full wp-image-1180\" src=\"http:\/\/www.gb-geodezie.cz\/wp-content\/uploads\/2016\/02\/jakubu_josef.jpg\" alt=\"jakubu_josef\" width=\"140\" height=\"180\" \/><\/a><\/td>\n<\/tr>\n<tr>\n<td style=\"text-align: justify;\" width=\"40%\">\n<p style=\"text-align: left;\"><strong>Martin \u0160t\u011bp\u00e1n<\/strong><\/p>\n<p>mail: <a href=\"mailto:martin.stepan@geodezie-brno.cz\">martin.stepan(at)geodezie-brno.cz <\/a><br \/>\ntel.: +420 516\u00a0453 916<br \/>\nmobil: +420 606 758 460<\/td>\n<td style=\"text-align: left;\" width=\"30%\">\u00a0<a href=\"http:\/\/www.gb-geodezie.cz\/wp-content\/uploads\/2016\/02\/stepan_martin.jpg\"><img loading=\"lazy\" decoding=\"async\" class=\"alignnone size-full wp-image-1182\" src=\"http:\/\/www.gb-geodezie.cz\/wp-content\/uploads\/2016\/02\/stepan_martin.jpg\" alt=\"stepan_martin\" width=\"140\" height=\"180\" \/><\/a><\/td>\n<\/tr>\n<tr>\n<td style=\"text-align: justify;\" width=\"40%\">\n<p style=\"text-align: left;\"><strong>Michal Dvo\u0159\u00e1k <\/strong><\/p>\n<p>mail: <a href=\"mailto:michal.dvorak@geodezie-brno.cz\">michal.dvorak(at)geodezie-brno.cz <\/a><br \/>\nmobil: +420 602 518 338 <\/td>\n<td style=\"text-align: left;\" width=\"30%\">\u00a0<\/td>\n<\/tr>\n<\/tbody>\n<\/table>\n","protected":false},"excerpt":{"rendered":"<p>Pobo\u010dka Boskovice adresa: Dr. Sv\u011br\u00e1ka 2065\/13 680 01 Boskovice 49\u00b029\u201924\u2033N, 16\u00b039\u201937\u2033E kontakt: mobil: +420 724 885 756 tel.: +420 516 453 917 mail: boskovice(at)geodezie-brno.cz prov\u00e1d\u011bn\u00e9 \u010dinnosti: geometrick\u00e9 pl\u00e1ny, zam\u011b\u0159en\u00ed, atd. identifika\u010dn\u00ed \u010d\u00edslo provozovny: 1012708373 &nbsp; Kontakty na\u00a0pracovn\u00edky: Josef Jakub\u016f mail:&hellip; <\/p>\n","protected":false},"author":1,"featured_media":0,"parent":10,"menu_order":401,"comment_status":"closed","ping_status":"closed","template":"","meta":{"ngg_post_thumbnail":0,"footnotes":""},"class_list":["post-614","page","type-page","status-publish","hentry"],"_links":{"self":[{"href":"https:\/\/www.gb-geodezie.cz\/index.php?rest_route=\/wp\/v2\/pages\/614"}],"collection":[{"href":"https:\/\/www.gb-geodezie.cz\/index.php?rest_route=\/wp\/v2\/pages"}],"about":[{"href":"https:\/\/www.gb-geodezie.cz\/index.php?rest_route=\/wp\/v2\/types\/page"}],"author":[{"embeddable":true,"href":"https:\/\/www.gb-geodezie.cz\/index.php?rest_route=\/wp\/v2\/users\/1"}],"replies":[{"embeddable":true,"href":"https:\/\/www.gb-geodezie.cz\/index.php?rest_route=%2Fwp%2Fv2%2Fcomments&post=614"}],"version-history":[{"count":77,"href":"https:\/\/www.gb-geodezie.cz\/index.php?rest_route=\/wp\/v2\/pages\/614\/revisions"}],"predecessor-version":[{"id":1596,"href":"https:\/\/www.gb-geodezie.cz\/index.php?rest_route=\/wp\/v2\/pages\/614\/revisions\/1596"}],"up":[{"embeddable":true,"href":"https:\/\/www.gb-geodezie.cz\/index.php?rest_route=\/wp\/v2\/pages\/10"}],"wp:attachment":[{"href":"https:\/\/www.gb-geodezie.cz\/index.php?rest_route=%2Fwp%2Fv2%2Fmedia&parent=614"}],"curies":[{"name":"wp","href":"https:\/\/api.w.org\/{rel}","templated":true}]}}