
{"id":373,"date":"2016-01-28T15:27:56","date_gmt":"2016-01-28T14:27:56","guid":{"rendered":"http:\/\/10.10.20.35\/?page_id=373"},"modified":"2022-02-03T21:47:51","modified_gmt":"2022-02-03T20:47:51","slug":"skenovani-a-kopirovani-plotrovani","status":"publish","type":"page","link":"https:\/\/www.gb-geodezie.cz\/?page_id=373","title":{"rendered":"Skenov\u00e1n\u00ed a kop\u00edrov\u00e1n\u00ed, plotrov\u00e1n\u00ed"},"content":{"rendered":"<p><strong><a href=\"http:\/\/www.gb-geodezie.cz\/?page_id=317\">Geod\u00e9zie<\/a> <span style=\"font-size: small;\">\u00a0\u00bb\u00a0<\/span> Skenov\u00e1n\u00ed a kop\u00edrov\u00e1n\u00ed, plotrov\u00e1n\u00ed<\/strong><\/p>\n<p>Pot\u0159ebujete sv\u00e9 podklady naskenovat, okop\u00edrovat nebo vytisknout ve velk\u00e9m form\u00e1tu? Jsme tu pro v\u00e1s, abychom v\u00e1m poskytli kompletn\u00ed servis.<\/p>\n<p>Pro na\u0161e z\u00e1kazn\u00edky je p\u0159ipraveno pln\u011b vybaven\u00e9 centrum pro velkoform\u00e1tov\u00fd tisk, kop\u00edrov\u00e1n\u00ed a skenov\u00e1n\u00ed.<\/p>\n<p>Z\u00e1kazn\u00edk\u016fm nab\u00edz\u00edme plotrov\u00e1n\u00ed na plotrech HP DesignJet 5000, 3500 a HP 750. P\u0159\u00edprava dat prob\u00edh\u00e1 v prost\u0159ed\u00ed MicroStation, nebo jsou ti\u0161t\u011bny p\u0159\u00edmo plotrovac\u00ed soubory ve form\u00e1tu HPGL. Po domluv\u011b nab\u00edz\u00edme tisk i z jin\u00fdch aplikac\u00ed (nap\u0159. Autodesk AutoCAD, CorelDraw a dal\u0161\u00ed).<\/p>\n<p><b>Skenov\u00e1n\u00ed <\/b><\/p>\n<p>Skenov\u00e1n\u00ed (\u010dernob\u00edl\u00e9 nebo barevn\u00e9) je t\u00e9m\u011b\u0159 v\u017edy jedn\u00edm z prvn\u00edch krok\u016f p\u0159i po\u0159izov\u00e1n\u00ed digit\u00e1ln\u00ed technick\u00e9 dokumentace. Nalezne upot\u0159eben\u00ed v\u0161ude tam, kde je po\u017eadavek na p\u0159evod star\u0161\u00ed dokumentace do digit\u00e1ln\u00edch arch\u00edv\u016f, p\u0159\u00edpadn\u011b do vektorov\u00e9 podoby.<\/p>\n<p>Na\u0161e spole\u010dnost se specializuje p\u0159edev\u0161\u00edm na p\u0159esn\u00e9 kartometrick\u00e9 skenov\u00e1n\u00ed podklad\u016f v\u011bt\u0161\u00edho form\u00e1tu a na skenov\u00e1n\u00ed leteck\u00fdch sn\u00edmk\u016f pro pot\u0159eby geod\u00e9zie a fotogrammetrie, CAD a GIS.<\/p>\n<p>Na\u0161e slu\u017eby v\u0161ak ocen\u00ed tak\u00e9 projektanti, architekti a v\u0161ichni dal\u0161\u00ed, kte\u0159\u00ed pot\u0159ebuj\u00ed pracovat s digit\u00e1ln\u00ed mapovou a projek\u010dn\u00ed dokumentac\u00ed.<\/p>\n","protected":false},"excerpt":{"rendered":"<p>Geod\u00e9zie \u00a0\u00bb\u00a0 Skenov\u00e1n\u00ed a kop\u00edrov\u00e1n\u00ed, plotrov\u00e1n\u00ed Pot\u0159ebujete sv\u00e9 podklady naskenovat, okop\u00edrovat nebo vytisknout ve velk\u00e9m form\u00e1tu? Jsme tu pro v\u00e1s, abychom v\u00e1m poskytli kompletn\u00ed servis. Pro na\u0161e z\u00e1kazn\u00edky je p\u0159ipraveno pln\u011b vybaven\u00e9 centrum pro velkoform\u00e1tov\u00fd tisk, kop\u00edrov\u00e1n\u00ed a skenov\u00e1n\u00ed. Z\u00e1kazn\u00edk\u016fm&hellip; <\/p>\n","protected":false},"author":1,"featured_media":0,"parent":317,"menu_order":25,"comment_status":"closed","ping_status":"closed","template":"","meta":{"ngg_post_thumbnail":0,"footnotes":""},"class_list":["post-373","page","type-page","status-publish","hentry"],"_links":{"self":[{"href":"https:\/\/www.gb-geodezie.cz\/index.php?rest_route=\/wp\/v2\/pages\/373"}],"collection":[{"href":"https:\/\/www.gb-geodezie.cz\/index.php?rest_route=\/wp\/v2\/pages"}],"about":[{"href":"https:\/\/www.gb-geodezie.cz\/index.php?rest_route=\/wp\/v2\/types\/page"}],"author":[{"embeddable":true,"href":"https:\/\/www.gb-geodezie.cz\/index.php?rest_route=\/wp\/v2\/users\/1"}],"replies":[{"embeddable":true,"href":"https:\/\/www.gb-geodezie.cz\/index.php?rest_route=%2Fwp%2Fv2%2Fcomments&post=373"}],"version-history":[{"count":5,"href":"https:\/\/www.gb-geodezie.cz\/index.php?rest_route=\/wp\/v2\/pages\/373\/revisions"}],"predecessor-version":[{"id":1534,"href":"https:\/\/www.gb-geodezie.cz\/index.php?rest_route=\/wp\/v2\/pages\/373\/revisions\/1534"}],"up":[{"embeddable":true,"href":"https:\/\/www.gb-geodezie.cz\/index.php?rest_route=\/wp\/v2\/pages\/317"}],"wp:attachment":[{"href":"https:\/\/www.gb-geodezie.cz\/index.php?rest_route=%2Fwp%2Fv2%2Fmedia&parent=373"}],"curies":[{"name":"wp","href":"https:\/\/api.w.org\/{rel}","templated":true}]}}