
{"id":370,"date":"2016-01-28T15:26:32","date_gmt":"2016-01-28T14:26:32","guid":{"rendered":"http:\/\/10.10.20.35\/?page_id=370"},"modified":"2022-02-03T21:47:22","modified_gmt":"2022-02-03T20:47:22","slug":"digitalizace","status":"publish","type":"page","link":"https:\/\/www.gb-geodezie.cz\/?page_id=370","title":{"rendered":"Digitalizace"},"content":{"rendered":"<p><strong><a href=\"http:\/\/www.gb-geodezie.cz\/?page_id=317\">Geod\u00e9zie<\/a> <span style=\"font-size: small;\">\u00a0\u00bb\u00a0<\/span> Digitalizace<\/strong><\/p>\n<p>Konec pap\u00edrov\u00e9 dokumentace. Pl\u00e1ny, mapy \u010di jin\u00e9 podklady &#8211; v\u0161e pro v\u00e1s p\u0159evedeme z pap\u00edru do digit\u00e1ln\u00ed podoby. Rastrov\u00e1 data za v\u00e1s zvektorizujeme do topologicky \u010dist\u00e9 podoby.<\/p>\n<p>V dne\u0161n\u00ed digit\u00e1ln\u00ed dob\u011b doch\u00e1z\u00ed k p\u0159echodu od pr\u00e1ce s pap\u00edrov\u00fdmi mapami a pl\u00e1ny k vyu\u017eit\u00ed aplikac\u00ed CAD a GIS, kde pracujeme s digit\u00e1ln\u00edmi vektorov\u00fdmi daty. Spousta na\u0161ich z\u00e1kazn\u00edk\u016f v\u0161ak st\u00e1le \u0159e\u0161\u00ed probl\u00e9m, jak do digit\u00e1ln\u00ed podoby p\u0159ev\u00e9st st\u00e1vaj\u00edc\u00ed dokumentaci. R\u00e1di v\u00e1m s p\u0159echodem na digit\u00e1ln\u00ed dokumentaci pom\u016f\u017eeme.<\/p>\n<p>Va\u0161e analogov\u00e9 dokumenty, pl\u00e1ny, mapovou dokumentaci \u010di jin\u00e9 podklady v\u00e1m p\u0159evedeme do digit\u00e1ln\u00ed vektorov\u00e9 podoby.<\/p>\n<p>P\u0159edlohou mohou b\u00fdt digit\u00e1ln\u00ed rastrov\u00e1 data nebo p\u0159\u00edmo &#8222;pap\u00edrov\u00e9&#8220; pl\u00e1ny, kter\u00e9 v\u00e1m naskenujeme. Vektorov\u00e1 data v\u017edy p\u0159evedeme dle po\u017eadavk\u016f z\u00e1kazn\u00edka do topologicky \u010dist\u00e9ho modelu. V p\u0159\u00edpad\u011b z\u00e1jmu zajist\u00edme i migraci dat do zvolen\u00e9ho software GIS.<\/p>\n<p>Data mohou b\u00fdt takt\u00e9\u017e rekonstruov\u00e1na dle dostupn\u00fdch informac\u00ed p\u0159\u00edmou konstrukc\u00ed v CAD. Polohopisn\u00e1 a v\u00fd\u0161kopisn\u00e1 data um\u00edme d\u00e1le doplnit o popisn\u00e9 informace k jednotliv\u00fdm prvk\u016fm (nap\u0159. typy kabel\u016f, pr\u016fm\u011bry a materi\u00e1ly potrub\u00ed, po\u010dty chr\u00e1ni\u010dek, \u0159ezy kynetou, atd.).<\/p>\n<p>C\u00edlem mohou b\u00fdt data v pokro\u010dil\u00fdch GIS syst\u00e9mech ESRI, INTERGRAPH nebo GE SmallWorld.<\/p>\n","protected":false},"excerpt":{"rendered":"<p>Geod\u00e9zie \u00a0\u00bb\u00a0 Digitalizace Konec pap\u00edrov\u00e9 dokumentace. Pl\u00e1ny, mapy \u010di jin\u00e9 podklady &#8211; v\u0161e pro v\u00e1s p\u0159evedeme z pap\u00edru do digit\u00e1ln\u00ed podoby. Rastrov\u00e1 data za v\u00e1s zvektorizujeme do topologicky \u010dist\u00e9 podoby. V dne\u0161n\u00ed digit\u00e1ln\u00ed dob\u011b doch\u00e1z\u00ed k p\u0159echodu od pr\u00e1ce s&hellip; <\/p>\n","protected":false},"author":1,"featured_media":0,"parent":317,"menu_order":24,"comment_status":"closed","ping_status":"closed","template":"","meta":{"ngg_post_thumbnail":0,"footnotes":""},"class_list":["post-370","page","type-page","status-publish","hentry"],"_links":{"self":[{"href":"https:\/\/www.gb-geodezie.cz\/index.php?rest_route=\/wp\/v2\/pages\/370"}],"collection":[{"href":"https:\/\/www.gb-geodezie.cz\/index.php?rest_route=\/wp\/v2\/pages"}],"about":[{"href":"https:\/\/www.gb-geodezie.cz\/index.php?rest_route=\/wp\/v2\/types\/page"}],"author":[{"embeddable":true,"href":"https:\/\/www.gb-geodezie.cz\/index.php?rest_route=\/wp\/v2\/users\/1"}],"replies":[{"embeddable":true,"href":"https:\/\/www.gb-geodezie.cz\/index.php?rest_route=%2Fwp%2Fv2%2Fcomments&post=370"}],"version-history":[{"count":3,"href":"https:\/\/www.gb-geodezie.cz\/index.php?rest_route=\/wp\/v2\/pages\/370\/revisions"}],"predecessor-version":[{"id":1533,"href":"https:\/\/www.gb-geodezie.cz\/index.php?rest_route=\/wp\/v2\/pages\/370\/revisions\/1533"}],"up":[{"embeddable":true,"href":"https:\/\/www.gb-geodezie.cz\/index.php?rest_route=\/wp\/v2\/pages\/317"}],"wp:attachment":[{"href":"https:\/\/www.gb-geodezie.cz\/index.php?rest_route=%2Fwp%2Fv2%2Fmedia&parent=370"}],"curies":[{"name":"wp","href":"https:\/\/api.w.org\/{rel}","templated":true}]}}