
{"id":365,"date":"2016-01-28T15:24:10","date_gmt":"2016-01-28T14:24:10","guid":{"rendered":"http:\/\/10.10.20.35\/?page_id=365"},"modified":"2022-02-03T21:46:58","modified_gmt":"2022-02-03T20:46:58","slug":"zamereni-skutecneho-provedeni","status":"publish","type":"page","link":"https:\/\/www.gb-geodezie.cz\/?page_id=365","title":{"rendered":"Zam\u011b\u0159en\u00ed skute\u010dn\u00e9ho proveden\u00ed"},"content":{"rendered":"<p><a href=\"http:\/\/www.gb-geodezie.cz\/?page_id=317\"><strong>Geod\u00e9zie<\/strong><\/a><strong> <span style=\"font-size: small;\">\u00a0\u00bb\u00a0<\/span> Zam\u011b\u0159en\u00ed skute\u010dn\u00e9ho proveden\u00ed<\/strong><img loading=\"lazy\" decoding=\"async\" class=\"size-full wp-image-368 alignright\" src=\"http:\/\/www.gb-geodezie.cz\/wp-content\/uploads\/2016\/01\/geodezie-zamereni_skutecneho_provedeni.png\" alt=\"geodezie-zamereni_skutecneho_provedeni\" width=\"300\" height=\"244\" \/><\/p>\n<p>V\u00a0GB-geodezii m\u00e1me zku\u0161enosti z tis\u00edc\u016f realizovan\u00fdch zak\u00e1zek, kdy jsme vedle zam\u011b\u0159en\u00ed skute\u010dn\u00e9ho proveden\u00ed stavby rovn\u011b\u017e vyhotovovali digit\u00e1ln\u00ed a grafickou dokumentaci projektu.<br \/>\nPro jakoukoliv oblast stavebn\u00ed \u010dinnosti zajist\u00edme zpracov\u00e1n\u00ed dokumentace skute\u010dn\u00e9ho proveden\u00ed stavby. V\u00fdsledn\u00e1 data zpracujeme v digit\u00e1ln\u00ed podob\u011b ve form\u011b 2D nebo 3D stavebn\u00edch v\u00fdkres\u016f.<\/p>\n<p><b>M\u00e1me zku\u0161enosti z tis\u00edc\u016f realizovan\u00fdch zak\u00e1zek <\/b><\/p>\n<p>B\u011bhem sv\u00e9 existence zpracoval\u00a0GB-geodezie tis\u00edce zak\u00e1zek tohoto typu p\u0159i v\u00fdstavb\u011b plynovod\u016f, vodovod\u016f, energetick\u00fdch a telekomunika\u010dn\u00edch s\u00edt\u00ed, v silni\u010dn\u00ed a d\u00e1lni\u010dn\u00ed v\u00fdstavb\u011b a cel\u00e9 \u0159ad\u011b staveb komer\u010dn\u00edch i obytn\u00fdch objekt\u016f.<br \/>\nNa\u0161i geodeti, pracuj\u00edc\u00ed s modern\u00edmi technologiemi, p\u0159ipravuj\u00ed na z\u00e1klad\u011b zam\u011b\u0159en\u00ed mapov\u00e9 podklady. Zpracov\u00e1n\u00ed je pak provedeno na z\u00e1klad\u011b sm\u011brnic a pravidel dodan\u00fdch z\u00e1kazn\u00edkem.<br \/>\nData dod\u00e1v\u00e1me \u010dlen\u011bn\u00e1 ve vrstv\u00e1ch v datov\u00fdch form\u00e1tech p\u0159\u00edmo pou\u017eiteln\u00fdch v c\u00edlov\u00fdch aplikac\u00edch z\u00e1kazn\u00edka. Samoz\u0159ejmost\u00ed jsou tisky zpracovan\u00e9 dle p\u0159\u00e1n\u00ed z\u00e1kazn\u00edka.<\/p>\n","protected":false},"excerpt":{"rendered":"<p>Geod\u00e9zie \u00a0\u00bb\u00a0 Zam\u011b\u0159en\u00ed skute\u010dn\u00e9ho proveden\u00ed V\u00a0GB-geodezii m\u00e1me zku\u0161enosti z tis\u00edc\u016f realizovan\u00fdch zak\u00e1zek, kdy jsme vedle zam\u011b\u0159en\u00ed skute\u010dn\u00e9ho proveden\u00ed stavby rovn\u011b\u017e vyhotovovali digit\u00e1ln\u00ed a grafickou dokumentaci projektu. Pro jakoukoliv oblast stavebn\u00ed \u010dinnosti zajist\u00edme zpracov\u00e1n\u00ed dokumentace skute\u010dn\u00e9ho proveden\u00ed stavby. V\u00fdsledn\u00e1 data zpracujeme&hellip; <\/p>\n","protected":false},"author":1,"featured_media":0,"parent":317,"menu_order":23,"comment_status":"closed","ping_status":"closed","template":"","meta":{"ngg_post_thumbnail":0,"footnotes":""},"class_list":["post-365","page","type-page","status-publish","hentry"],"_links":{"self":[{"href":"https:\/\/www.gb-geodezie.cz\/index.php?rest_route=\/wp\/v2\/pages\/365"}],"collection":[{"href":"https:\/\/www.gb-geodezie.cz\/index.php?rest_route=\/wp\/v2\/pages"}],"about":[{"href":"https:\/\/www.gb-geodezie.cz\/index.php?rest_route=\/wp\/v2\/types\/page"}],"author":[{"embeddable":true,"href":"https:\/\/www.gb-geodezie.cz\/index.php?rest_route=\/wp\/v2\/users\/1"}],"replies":[{"embeddable":true,"href":"https:\/\/www.gb-geodezie.cz\/index.php?rest_route=%2Fwp%2Fv2%2Fcomments&post=365"}],"version-history":[{"count":8,"href":"https:\/\/www.gb-geodezie.cz\/index.php?rest_route=\/wp\/v2\/pages\/365\/revisions"}],"predecessor-version":[{"id":1532,"href":"https:\/\/www.gb-geodezie.cz\/index.php?rest_route=\/wp\/v2\/pages\/365\/revisions\/1532"}],"up":[{"embeddable":true,"href":"https:\/\/www.gb-geodezie.cz\/index.php?rest_route=\/wp\/v2\/pages\/317"}],"wp:attachment":[{"href":"https:\/\/www.gb-geodezie.cz\/index.php?rest_route=%2Fwp%2Fv2%2Fmedia&parent=365"}],"curies":[{"name":"wp","href":"https:\/\/api.w.org\/{rel}","templated":true}]}}