
{"id":36,"date":"2016-01-21T16:36:54","date_gmt":"2016-01-21T15:36:54","guid":{"rendered":"http:\/\/10.10.20.35\/?page_id=36"},"modified":"2022-01-24T23:11:00","modified_gmt":"2022-01-24T22:11:00","slug":"mobilni-mapovani","status":"publish","type":"page","link":"https:\/\/www.gb-geodezie.cz\/?page_id=36","title":{"rendered":"Mobiln\u00ed mapov\u00e1n\u00ed"},"content":{"rendered":"<h5>Mobiln\u00ed mapov\u00e1n\u00ed<\/h5>\n<p>\n<div class=\"ngg-galleryoverview ngg-slideshow\"\n\tid=\"ngg-slideshow-cf2914d1fe341a42b8a5045b611ed0d3-15510343090\"\n\tdata-gallery-id=\"cf2914d1fe341a42b8a5045b611ed0d3\"\n\tstyle=\"max-width: 650px;\n\t\t\tmax-height: 400px;\n\t\t\tdisplay: none;\">\n\n\t\n\t\t<a href=\"https:\/\/www.gb-geodezie.cz\/wp-content\/gallery\/mobilni-mapovani\/MM_airport-1.jpg\"\n\t\t\ttitle=\"\"\n\t\t\tdata-src=\"https:\/\/www.gb-geodezie.cz\/wp-content\/gallery\/mobilni-mapovani\/MM_airport-1.jpg\"\n\t\t\tdata-thumbnail=\"https:\/\/www.gb-geodezie.cz\/wp-content\/gallery\/mobilni-mapovani\/thumbs\/thumbs_MM_airport-1.jpg\"\n\t\t\tdata-image-id=\"60\"\n\t\t\tdata-title=\"MM_airport\"\n\t\t\tdata-description=\"\"\n\t\t\t\t\t\t\t\t\t\t\t\t\t\t\tclass=\"shutterset_cf2914d1fe341a42b8a5045b611ed0d3\">\n\t\t\t\n\t\t\t<img data-image-id='60'\n\t\t\t\ttitle=\"\"\n\t\t\t\talt=\"MM_airport\"\n\t\t\t\tsrc=\"https:\/\/www.gb-geodezie.cz\/wp-content\/gallery\/mobilni-mapovani\/MM_airport-1.jpg\"\n\t\t\t\tstyle=\"max-height: 380px;\"\/>\n\t\t<\/a>\n\n\t\t\n\t\t<a href=\"https:\/\/www.gb-geodezie.cz\/wp-content\/gallery\/mobilni-mapovani\/MM_les-1.jpg\"\n\t\t\ttitle=\"\"\n\t\t\tdata-src=\"https:\/\/www.gb-geodezie.cz\/wp-content\/gallery\/mobilni-mapovani\/MM_les-1.jpg\"\n\t\t\tdata-thumbnail=\"https:\/\/www.gb-geodezie.cz\/wp-content\/gallery\/mobilni-mapovani\/thumbs\/thumbs_MM_les-1.jpg\"\n\t\t\tdata-image-id=\"61\"\n\t\t\tdata-title=\"MM_les\"\n\t\t\tdata-description=\"\"\n\t\t\t\t\t\t\t\t\t\t\t\t\t\t\tclass=\"shutterset_cf2914d1fe341a42b8a5045b611ed0d3\">\n\t\t\t\n\t\t\t<img data-image-id='61'\n\t\t\t\ttitle=\"\"\n\t\t\t\talt=\"MM_les\"\n\t\t\t\tsrc=\"https:\/\/www.gb-geodezie.cz\/wp-content\/gallery\/mobilni-mapovani\/MM_les-1.jpg\"\n\t\t\t\tstyle=\"max-height: 380px;\"\/>\n\t\t<\/a>\n\n\t\t\n\t\t<a href=\"https:\/\/www.gb-geodezie.cz\/wp-content\/gallery\/mobilni-mapovani\/MM_m%C4%9Bsto-1.jpg\"\n\t\t\ttitle=\"\"\n\t\t\tdata-src=\"https:\/\/www.gb-geodezie.cz\/wp-content\/gallery\/mobilni-mapovani\/MM_m%C4%9Bsto-1.jpg\"\n\t\t\tdata-thumbnail=\"https:\/\/www.gb-geodezie.cz\/wp-content\/gallery\/mobilni-mapovani\/thumbs\/thumbs_MM_m%C4%9Bsto-1.jpg\"\n\t\t\tdata-image-id=\"62\"\n\t\t\tdata-title=\"MM_m\u011bsto\"\n\t\t\tdata-description=\"\"\n\t\t\t\t\t\t\t\t\t\t\t\t\t\t\tclass=\"shutterset_cf2914d1fe341a42b8a5045b611ed0d3\">\n\t\t\t\n\t\t\t<img data-image-id='62'\n\t\t\t\ttitle=\"\"\n\t\t\t\talt=\"MM_m\u011bsto\"\n\t\t\t\tsrc=\"https:\/\/www.gb-geodezie.cz\/wp-content\/gallery\/mobilni-mapovani\/MM_m%C4%9Bsto-1.jpg\"\n\t\t\t\tstyle=\"max-height: 380px;\"\/>\n\t\t<\/a>\n\n\t\t\n\t\t<a href=\"https:\/\/www.gb-geodezie.cz\/wp-content\/gallery\/mobilni-mapovani\/MM_%C5%BEeleznice-1.jpg\"\n\t\t\ttitle=\"\"\n\t\t\tdata-src=\"https:\/\/www.gb-geodezie.cz\/wp-content\/gallery\/mobilni-mapovani\/MM_%C5%BEeleznice-1.jpg\"\n\t\t\tdata-thumbnail=\"https:\/\/www.gb-geodezie.cz\/wp-content\/gallery\/mobilni-mapovani\/thumbs\/thumbs_MM_%C5%BEeleznice-1.jpg\"\n\t\t\tdata-image-id=\"64\"\n\t\t\tdata-title=\"MM_\u017eeleznice\"\n\t\t\tdata-description=\"\"\n\t\t\t\t\t\t\t\t\t\t\t\t\t\t\tclass=\"shutterset_cf2914d1fe341a42b8a5045b611ed0d3\">\n\t\t\t\n\t\t\t<img data-image-id='64'\n\t\t\t\ttitle=\"\"\n\t\t\t\talt=\"MM_\u017eeleznice\"\n\t\t\t\tsrc=\"https:\/\/www.gb-geodezie.cz\/wp-content\/gallery\/mobilni-mapovani\/MM_%C5%BEeleznice-1.jpg\"\n\t\t\t\tstyle=\"max-height: 380px;\"\/>\n\t\t<\/a>\n\n\t\t\n\t\t<a href=\"https:\/\/www.gb-geodezie.cz\/wp-content\/gallery\/mobilni-mapovani\/MM_VMX250_IP-S2.jpg\"\n\t\t\ttitle=\"\"\n\t\t\tdata-src=\"https:\/\/www.gb-geodezie.cz\/wp-content\/gallery\/mobilni-mapovani\/MM_VMX250_IP-S2.jpg\"\n\t\t\tdata-thumbnail=\"https:\/\/www.gb-geodezie.cz\/wp-content\/gallery\/mobilni-mapovani\/thumbs\/thumbs_MM_VMX250_IP-S2.jpg\"\n\t\t\tdata-image-id=\"65\"\n\t\t\tdata-title=\"MM_VMX250_IP-S2\"\n\t\t\tdata-description=\"\"\n\t\t\t\t\t\t\t\t\t\t\t\t\t\t\tclass=\"shutterset_cf2914d1fe341a42b8a5045b611ed0d3\">\n\t\t\t\n\t\t\t<img data-image-id='65'\n\t\t\t\ttitle=\"\"\n\t\t\t\talt=\"MM_VMX250_IP-S2\"\n\t\t\t\tsrc=\"https:\/\/www.gb-geodezie.cz\/wp-content\/gallery\/mobilni-mapovani\/MM_VMX250_IP-S2.jpg\"\n\t\t\t\tstyle=\"max-height: 380px;\"\/>\n\t\t<\/a>\n\n\t\t<\/div>\n\n\n<\/p>\n<p>Mobiln\u00ed mapov\u00e1n\u00ed, spolu s aplikac\u00ed <a href=\"http:\/\/www.gb-geodezie.cz\/wp-content\/uploads\/2016\/01\/PanoramaGIS_datasheet.pdf\" target=\"_blank\" rel=\"noopener\">PanoramaGIS<\/a> je nejefektivn\u011bj\u0161\u00ed cesta k po\u0159\u00edzen\u00ed geoinforma\u010dn\u00edch dat. Tuto technologii vyvinula na\u0161e spole\u010dnost pro pou\u017eit\u00ed v n\u00e1ro\u010dn\u00fdch podm\u00ednk\u00e1ch zastav\u011bn\u00fdch oblast\u00ed a svou p\u0159esnost\u00ed, rychlost\u00ed a ekonomi\u00ed provozu p\u0159evy\u0161uje v\u0161echny dostupn\u00e9 metody.<\/p>\n<p>Mobiln\u00ed mapov\u00e1n\u00ed je velmi rychl\u00e1 a ekonomick\u00e1 metoda z\u00edsk\u00e1v\u00e1n\u00ed dat pro GIS, spolu s aktu\u00e1ln\u00edmi fotografiemi mapovan\u00fdch objekt\u016f. Vyu\u017eit\u00edm v\u00fdhod n\u011bkolika r\u016fzn\u00fdch m\u011b\u0159\u00edc\u00edch a naviga\u010dn\u00edch technologi\u00ed sou\u010dasn\u011b (GPS, IMU a odometr) dosahuje syst\u00e9m p\u0159esnosti i p\u0159i sn\u00edm\u00e1n\u00ed v zastav\u011bn\u00fdch oblastech, v m\u00edstech pokryt\u00fdch vegetac\u00ed a v tunelech, kde klasick\u00e1 GNSS technologie nevyhovuje nebo selh\u00e1v\u00e1.<\/p>\n<p>Z\u00e1jmov\u00e9 \u00fazem\u00ed je pokryto tis\u00edci sn\u00edmky a mra\u010dny bod\u016f po\u0159\u00edzen\u00fdmi laserov\u00fdmi skenery, kter\u00e9 dohromady tvo\u0159\u00ed kompaktn\u00ed model pro m\u011b\u0159en\u00ed a vizualizace. Mobiln\u00ed mapovac\u00ed syst\u00e9m je technologie oce\u0148ovan\u00e1 a vyu\u017e\u00edvan\u00e1 podniky spr\u00e1vy silnic a m\u011bstsk\u00e9ho vybaven\u00ed, \u00fa\u0159ady, integrovan\u00fdm z\u00e1chrann\u00fdm syst\u00e9mem, poji\u0161\u0165ovnami, realitn\u00edmi agenturami, atd.<\/p>\n<p>Disponujeme t\u0159emi syst\u00e9my pro mobiln\u00ed mapov\u00e1n\u00ed 2 \u00d7 <a href=\"http:\/\/www.gb-geodezie.cz\/wp-content\/uploads\/2016\/01\/Topcon_IP-S2_datasheet.pdf\" target=\"_blank\" rel=\"noopener\">Topcon IP-S2<\/a> a <a href=\"http:\/\/www.gb-geodezie.cz\/wp-content\/uploads\/2016\/01\/DataSheet_Riegl_VMX-250.pdf\" target=\"_blank\" rel=\"noopener\">Riegl VMX250<\/a>.<\/p>\n<p><strong>Mo\u017enosti a vyu\u017eit\u00ed mobiln\u00edho mapov\u00e1n\u00ed<\/strong><\/p>\n<ul>\n<li>Mapov\u00e1n\u00ed prostoru ulic (dopravn\u00ed zna\u010dky, chodn\u00edky, mobili\u00e1\u0159, sloupy, kan\u00e1lov\u00e9 vpusti, hydranty, atd.)<\/li>\n<li>\u00dazemn\u00ed pl\u00e1nov\u00e1n\u00ed<\/li>\n<li>Spr\u00e1va in\u017een\u00fdrsk\u00fdch s\u00edt\u00ed a infrastruktury<\/li>\n<li>Inventarizace dopravn\u00edho zna\u010den\u00ed, zelen\u011b, atd.<\/li>\n<li>Spr\u00e1va nemovitost\u00ed a realitn\u00ed kancel\u00e1\u0159e<\/li>\n<li>Dokumentace fas\u00e1d budov<\/li>\n<li>3D modely m\u011bst a jejich vizualizace<\/li>\n<li>Lokalizace a monitorov\u00e1n\u00ed stavu nemovitost\u00ed<\/li>\n<\/ul>\n<p><strong>Uk\u00e1zky z na\u0161\u00ed pr\u00e1ce: <\/strong><br \/>\n<iframe loading=\"lazy\" width=\"640\" height=\"360\" src=\"https:\/\/www.youtube.com\/embed\/NgKgSFWr3AI\" title=\"YouTube video player\" frameborder=\"0\" allow=\"accelerometer; autoplay; clipboard-write; encrypted-media; gyroscope; picture-in-picture\" allowfullscreen><\/iframe><\/p>\n<p><iframe loading=\"lazy\" width=\"640\" height=\"360\" src=\"https:\/\/www.youtube.com\/embed\/Vls8ws743ds\" title=\"YouTube video player\" frameborder=\"0\" allow=\"accelerometer; autoplay; clipboard-write; encrypted-media; gyroscope; picture-in-picture\" allowfullscreen><\/iframe><\/p>\n","protected":false},"excerpt":{"rendered":"<p>Mobiln\u00ed mapov\u00e1n\u00ed Mobiln\u00ed mapov\u00e1n\u00ed, spolu s aplikac\u00ed PanoramaGIS je nejefektivn\u011bj\u0161\u00ed cesta k po\u0159\u00edzen\u00ed geoinforma\u010dn\u00edch dat. Tuto technologii vyvinula na\u0161e spole\u010dnost pro pou\u017eit\u00ed v n\u00e1ro\u010dn\u00fdch podm\u00ednk\u00e1ch zastav\u011bn\u00fdch oblast\u00ed a svou p\u0159esnost\u00ed, rychlost\u00ed a ekonomi\u00ed provozu p\u0159evy\u0161uje v\u0161echny dostupn\u00e9 metody. Mobiln\u00ed mapov\u00e1n\u00ed&hellip; <\/p>\n","protected":false},"author":1,"featured_media":0,"parent":0,"menu_order":50,"comment_status":"closed","ping_status":"closed","template":"","meta":{"ngg_post_thumbnail":0,"footnotes":""},"class_list":["post-36","page","type-page","status-publish","hentry"],"_links":{"self":[{"href":"https:\/\/www.gb-geodezie.cz\/index.php?rest_route=\/wp\/v2\/pages\/36"}],"collection":[{"href":"https:\/\/www.gb-geodezie.cz\/index.php?rest_route=\/wp\/v2\/pages"}],"about":[{"href":"https:\/\/www.gb-geodezie.cz\/index.php?rest_route=\/wp\/v2\/types\/page"}],"author":[{"embeddable":true,"href":"https:\/\/www.gb-geodezie.cz\/index.php?rest_route=\/wp\/v2\/users\/1"}],"replies":[{"embeddable":true,"href":"https:\/\/www.gb-geodezie.cz\/index.php?rest_route=%2Fwp%2Fv2%2Fcomments&post=36"}],"version-history":[{"count":48,"href":"https:\/\/www.gb-geodezie.cz\/index.php?rest_route=\/wp\/v2\/pages\/36\/revisions"}],"predecessor-version":[{"id":1465,"href":"https:\/\/www.gb-geodezie.cz\/index.php?rest_route=\/wp\/v2\/pages\/36\/revisions\/1465"}],"wp:attachment":[{"href":"https:\/\/www.gb-geodezie.cz\/index.php?rest_route=%2Fwp%2Fv2%2Fmedia&parent=36"}],"curies":[{"name":"wp","href":"https:\/\/api.w.org\/{rel}","templated":true}]}}