
{"id":356,"date":"2016-01-28T15:18:18","date_gmt":"2016-01-28T14:18:18","guid":{"rendered":"http:\/\/10.10.20.35\/?page_id=356"},"modified":"2022-02-03T21:46:20","modified_gmt":"2022-02-03T20:46:20","slug":"mapove-podklady","status":"publish","type":"page","link":"https:\/\/www.gb-geodezie.cz\/?page_id=356","title":{"rendered":"Mapov\u00e9 podklady"},"content":{"rendered":"<p><a href=\"http:\/\/www.gb-geodezie.cz\/?page_id=317\"><strong>Geod\u00e9zie<\/strong><\/a><strong> <span style=\"font-size: small;\">\u00a0\u00bb\u00a0<\/span> Mapov\u00e9 podklady<\/strong><img loading=\"lazy\" decoding=\"async\" class=\"size-full wp-image-359 alignright\" src=\"http:\/\/www.gb-geodezie.cz\/wp-content\/uploads\/2016\/01\/geodezie-mapove_podklady.png\" alt=\"geodezie-mapove_podklady\" width=\"300\" height=\"267\" \/><\/p>\n<p>Pro r\u016fzn\u00e9 z\u00e1kazn\u00edky r\u016fzn\u00e9 mapov\u00e9 podklady. Mapov\u00e9 podklady jsou z\u00e1kladn\u00edm prvkem pro pr\u00e1ci projektant\u016f, architekt\u016f, technik\u016f i vodohospod\u00e1\u0159\u016f. Pro tvorbu kvalitn\u00edch podklad\u016f pou\u017e\u00edv\u00e1me m\u011b\u0159en\u00ed pomoc\u00ed GPS s vyu\u017eit\u00edm s\u00edt\u011b permanentn\u00edch stanic.<\/p>\n<p><b>Mapov\u00e9 podklady pro r\u016fzn\u00e9 \u00fa\u010dely<\/b><br \/>\nNa z\u00e1klad\u011b va\u0161ich konkr\u00e9tn\u00edch po\u017eadavk\u016f vypracujeme mapov\u00e9 podklady k nejr\u016fzn\u011bj\u0161\u00edm \u00fa\u010del\u016fm:<\/p>\n<ul>\n<li>Zam\u011b\u0159en\u00ed polohopisu a v\u00fd\u0161kopisu m\u011bst a obc\u00ed.<\/li>\n<li>Mapov\u00e9 podklady pro projektov\u00e1n\u00ed, rekonstrukci a v\u00fdstavbu.\n<ul>\n<li>Detailn\u00ed podklady pro projektov\u00e1n\u00ed, rekonstrukci a v\u00fdstavbu. M\u016f\u017ee se jednat o stavby rodinn\u00fdch domk\u016f \u010di v\u011bt\u0161\u00edch investi\u010dn\u00edch celk\u016f, jako jsou pr\u016fmyslov\u00e9 z\u00e1vody.<\/li>\n<li>Mapov\u00e9 podklady pro v\u00fdstavbu silnic a d\u00e1lnic v\u010detn\u011b zji\u0161\u0165ov\u00e1n\u00ed pr\u016fb\u011bhu in\u017een\u00fdrsk\u00fdch s\u00edt\u00ed u jednotliv\u00fdch spr\u00e1vc\u016f v\u010detn\u011b zpracov\u00e1n\u00ed mapov\u00fdch podklad\u016f ve 3D.<\/li>\n<li>Mapov\u00e9 podklady pro v\u00fdstavbu a rekonstrukci in\u017een\u00fdrsk\u00fdch s\u00edt\u00ed.<\/li>\n<li>Dokumentace nov\u011b budovan\u00fdch a rekonstruovan\u00fdch plynovod\u016f, vodovod\u016f, kanalizac\u00ed, \u010dist\u00edren odpadn\u00edch vod (\u010cOV) a dal\u0161\u00edch in\u017een\u00fdrsk\u00fdch s\u00edt\u00ed.<\/li>\n<\/ul>\n<\/li>\n<li>Z\u00e1kladn\u00ed mapy z\u00e1vod\u016f.<\/li>\n<\/ul>\n<p><b>Stovky spokojen\u00fdch z\u00e1kazn\u00edk\u016f<\/b><br \/>\nMezi na\u0161e z\u00e1kazn\u00edky pat\u0159\u00ed stovky obc\u00ed v cel\u00e9 \u010cesk\u00e9 republice, spr\u00e1vci s\u00edt\u00ed, projek\u010dn\u00ed kancel\u00e1\u0159e, ale rovn\u011b\u017e develope\u0159i, stavebn\u00ed firmy a pr\u016fmyslov\u00e9 podniky.<br \/>\nMapov\u00e9 podklady jsou p\u0159ipravov\u00e1ny na z\u00e1klad\u011b zam\u011b\u0159en\u00ed proveden\u00e9ho modern\u00edmi technologiemi t\u00fdmy na\u0161ich geodet\u016f.<br \/>\nZpracov\u00e1n\u00ed je pak provedeno na z\u00e1klad\u011b sm\u011brnic a pravidel dodan\u00fdch z\u00e1kazn\u00edkem.<br \/>\nData z\u00e1kazn\u00edk\u016fm dod\u00e1v\u00e1me ve vrstv\u00e1ch a form\u00e1tech, kter\u00e9 umo\u017e\u0148uj\u00ed jejich p\u0159\u00edm\u00e9 pou\u017eit\u00ed v jejich aplikac\u00edch.<br \/>\nVedle digit\u00e1ln\u00edch dat jsme p\u0159ipraveni mapy \u010di pl\u00e1ny dle p\u0159\u00e1n\u00ed z\u00e1kazn\u00edka vytisknout na kvalitn\u00edch velkoform\u00e1tov\u00fdch tisk\u00e1rn\u00e1ch.<\/p>\n","protected":false},"excerpt":{"rendered":"<p>Geod\u00e9zie \u00a0\u00bb\u00a0 Mapov\u00e9 podklady Pro r\u016fzn\u00e9 z\u00e1kazn\u00edky r\u016fzn\u00e9 mapov\u00e9 podklady. Mapov\u00e9 podklady jsou z\u00e1kladn\u00edm prvkem pro pr\u00e1ci projektant\u016f, architekt\u016f, technik\u016f i vodohospod\u00e1\u0159\u016f. Pro tvorbu kvalitn\u00edch podklad\u016f pou\u017e\u00edv\u00e1me m\u011b\u0159en\u00ed pomoc\u00ed GPS s vyu\u017eit\u00edm s\u00edt\u011b permanentn\u00edch stanic. Mapov\u00e9 podklady pro r\u016fzn\u00e9 \u00fa\u010dely&hellip; <\/p>\n","protected":false},"author":1,"featured_media":0,"parent":317,"menu_order":22,"comment_status":"closed","ping_status":"closed","template":"","meta":{"ngg_post_thumbnail":0,"footnotes":""},"class_list":["post-356","page","type-page","status-publish","hentry"],"_links":{"self":[{"href":"https:\/\/www.gb-geodezie.cz\/index.php?rest_route=\/wp\/v2\/pages\/356"}],"collection":[{"href":"https:\/\/www.gb-geodezie.cz\/index.php?rest_route=\/wp\/v2\/pages"}],"about":[{"href":"https:\/\/www.gb-geodezie.cz\/index.php?rest_route=\/wp\/v2\/types\/page"}],"author":[{"embeddable":true,"href":"https:\/\/www.gb-geodezie.cz\/index.php?rest_route=\/wp\/v2\/users\/1"}],"replies":[{"embeddable":true,"href":"https:\/\/www.gb-geodezie.cz\/index.php?rest_route=%2Fwp%2Fv2%2Fcomments&post=356"}],"version-history":[{"count":10,"href":"https:\/\/www.gb-geodezie.cz\/index.php?rest_route=\/wp\/v2\/pages\/356\/revisions"}],"predecessor-version":[{"id":1531,"href":"https:\/\/www.gb-geodezie.cz\/index.php?rest_route=\/wp\/v2\/pages\/356\/revisions\/1531"}],"up":[{"embeddable":true,"href":"https:\/\/www.gb-geodezie.cz\/index.php?rest_route=\/wp\/v2\/pages\/317"}],"wp:attachment":[{"href":"https:\/\/www.gb-geodezie.cz\/index.php?rest_route=%2Fwp%2Fv2%2Fmedia&parent=356"}],"curies":[{"name":"wp","href":"https:\/\/api.w.org\/{rel}","templated":true}]}}