
{"id":349,"date":"2016-01-28T13:25:13","date_gmt":"2016-01-28T12:25:13","guid":{"rendered":"http:\/\/10.10.20.35\/?page_id=349"},"modified":"2022-02-03T21:51:12","modified_gmt":"2022-02-03T20:51:12","slug":"bodova-pole","status":"publish","type":"page","link":"https:\/\/www.gb-geodezie.cz\/?page_id=349","title":{"rendered":"Bodov\u00e1 pole"},"content":{"rendered":"<p><strong><a href=\"http:\/\/www.gb-geodezie.cz\/?page_id=319\">Katastr nemovitost\u00ed<\/a> <span style=\"font-size: small;\">\u00a0\u00bb\u00a0<\/span> Bodov\u00e1 pole<\/strong><\/p>\n<p>Bodov\u00e1 pole tvo\u0159\u00ed geodetick\u00e9 z\u00e1klady pro podrobn\u00e1 m\u011b\u0159en\u00ed. Ji\u017e 20 let je pom\u00e1h\u00e1me budovat pro r\u016fzn\u00e9 \u00fa\u010dely &#8211; revize a dopln\u011bn\u00ed bodov\u00fdch pol\u00ed pro \u010c\u00daZK, p\u0159i obnov\u011b katastr\u00e1ln\u00edho oper\u00e1tu nov\u00fdm mapov\u00e1n\u00edm nebo pro geodetick\u00e9 pr\u00e1ce p\u0159i pozemkov\u00fdch \u00faprav\u00e1ch.<\/p>\n<p>Z\u00e1kladem ve\u0161ker\u00fdch geodetick\u00fdch prac\u00ed je v\u017edy vytvo\u0159en\u00ed bodov\u00e9ho pole. B\u011bhem t\u00e9to etapy je navr\u017eena s\u00ed\u0165 bod\u016f, kter\u00e1 vhodn\u011b pokr\u00fdv\u00e1 z\u00e1jmov\u00e9 \u00fazem\u00ed tak, aby mohla b\u00fdt efektivn\u011b vyu\u017eita k podrobn\u00e9mu m\u011b\u0159en\u00ed. N\u00e1sledn\u011b jsou tyto body v ter\u00e9nu stabilizov\u00e1ny a zam\u011b\u0159eny. Posledn\u00ed etapou je v\u00fdpo\u010det a ur\u010den\u00ed sou\u0159adnic nov\u00fdch bod\u016f.<\/p>\n<p>Pro vytv\u00e1\u0159en\u00ed bodov\u00fdch pol\u00ed pro pot\u0159ebu katastru nemovitost\u00ed se \u0159\u00edd\u00edme Vyhl\u00e1\u0161kou \u010d. 26\/2007 a N\u00e1vodem pro obnovu katastr\u00e1ln\u00edho oper\u00e1tu a p\u0159evod v platn\u00e9m zn\u011bn\u00ed. V minulosti jsme tvo\u0159ili zejm\u00e9na podrobn\u00e9 polohov\u00e9 bodov\u00e9 pole (PPBP) na z\u00e1klad\u011b po\u017eadavku \u010cesk\u00e9ho \u00fa\u0159adu zem\u011bm\u011b\u0159ick\u00e9ho a katastr\u00e1ln\u00edho. V\u011bt\u0161inou se jednalo o dopln\u011bn\u00ed bodov\u00e9ho pole v zastav\u011bn\u00fdch \u010d\u00e1stech \u00fazem\u00ed. V sou\u010dasnosti se jedn\u00e1 sp\u00ed\u0161e o revize a dopln\u011bn\u00ed st\u00e1vaj\u00edc\u00edho PPBP v extravil\u00e1nech katastr\u00e1ln\u00edch \u00fazem\u00ed p\u0159i tvorb\u011b digit\u00e1ln\u00ed katastr\u00e1ln\u00ed mapy (DKM) po pozemkov\u00fdch \u00faprav\u00e1ch.<\/p>\n<p>Zvl\u00e1\u0161tn\u00ed kapitolou bodov\u00fdch pol\u00ed je vytv\u00e1\u0159en\u00ed p\u0159esn\u00fdch vyty\u010dovac\u00edch s\u00edt\u00ed v in\u017een\u00fdrsk\u00e9 v\u00fdstavb\u011b (nap\u0159. d\u00e1lnice a rychlostn\u00ed komunikace), kde je kladen vysok\u00fd po\u017eadavek na vnit\u0159n\u00ed p\u0159esnost.<\/p>\n<p>Body bodov\u00fdch pol\u00ed mohou b\u00fdt stabilizov\u00e1ny r\u016fzn\u00fdm zp\u016fsobem od h\u0159ebov\u00fdch zna\u010dek a\u017e po kamenn\u00e9 hranoly. Pro zam\u011b\u0159en\u00ed bodov\u00fdch pol\u00ed vyu\u017e\u00edv\u00e1me kombinac\u00ed metod m\u011b\u0159en\u00ed s vyu\u017eit\u00edm GNSS, vte\u0159inov\u00fdch tot\u00e1ln\u00edch stanic a technicky p\u0159esn\u00e9 a velmi p\u0159esn\u00e9 nivelace.<\/p>\n","protected":false},"excerpt":{"rendered":"<p>Katastr nemovitost\u00ed \u00a0\u00bb\u00a0 Bodov\u00e1 pole Bodov\u00e1 pole tvo\u0159\u00ed geodetick\u00e9 z\u00e1klady pro podrobn\u00e1 m\u011b\u0159en\u00ed. Ji\u017e 20 let je pom\u00e1h\u00e1me budovat pro r\u016fzn\u00e9 \u00fa\u010dely &#8211; revize a dopln\u011bn\u00ed bodov\u00fdch pol\u00ed pro \u010c\u00daZK, p\u0159i obnov\u011b katastr\u00e1ln\u00edho oper\u00e1tu nov\u00fdm mapov\u00e1n\u00edm nebo pro geodetick\u00e9 pr\u00e1ce&hellip; <\/p>\n","protected":false},"author":1,"featured_media":0,"parent":319,"menu_order":37,"comment_status":"closed","ping_status":"closed","template":"","meta":{"ngg_post_thumbnail":0,"footnotes":""},"class_list":["post-349","page","type-page","status-publish","hentry"],"_links":{"self":[{"href":"https:\/\/www.gb-geodezie.cz\/index.php?rest_route=\/wp\/v2\/pages\/349"}],"collection":[{"href":"https:\/\/www.gb-geodezie.cz\/index.php?rest_route=\/wp\/v2\/pages"}],"about":[{"href":"https:\/\/www.gb-geodezie.cz\/index.php?rest_route=\/wp\/v2\/types\/page"}],"author":[{"embeddable":true,"href":"https:\/\/www.gb-geodezie.cz\/index.php?rest_route=\/wp\/v2\/users\/1"}],"replies":[{"embeddable":true,"href":"https:\/\/www.gb-geodezie.cz\/index.php?rest_route=%2Fwp%2Fv2%2Fcomments&post=349"}],"version-history":[{"count":3,"href":"https:\/\/www.gb-geodezie.cz\/index.php?rest_route=\/wp\/v2\/pages\/349\/revisions"}],"predecessor-version":[{"id":1536,"href":"https:\/\/www.gb-geodezie.cz\/index.php?rest_route=\/wp\/v2\/pages\/349\/revisions\/1536"}],"up":[{"embeddable":true,"href":"https:\/\/www.gb-geodezie.cz\/index.php?rest_route=\/wp\/v2\/pages\/319"}],"wp:attachment":[{"href":"https:\/\/www.gb-geodezie.cz\/index.php?rest_route=%2Fwp%2Fv2%2Fmedia&parent=349"}],"curies":[{"name":"wp","href":"https:\/\/api.w.org\/{rel}","templated":true}]}}