
{"id":347,"date":"2016-01-28T13:23:28","date_gmt":"2016-01-28T12:23:28","guid":{"rendered":"http:\/\/10.10.20.35\/?page_id=347"},"modified":"2022-02-03T21:51:42","modified_gmt":"2022-02-03T20:51:42","slug":"zaborove-elaboraty","status":"publish","type":"page","link":"https:\/\/www.gb-geodezie.cz\/?page_id=347","title":{"rendered":"Z\u00e1borov\u00e9 elabor\u00e1ty"},"content":{"rendered":"<p><strong><a href=\"http:\/\/www.gb-geodezie.cz\/?page_id=319\">Katastr nemovitost\u00ed<\/a> <span style=\"font-size: small;\">\u00a0\u00bb\u00a0<\/span> Z\u00e1borov\u00e9 elabor\u00e1ty<\/strong><\/p>\n<p>Pro ka\u017edou v\u011bt\u0161\u00ed stavbu je v\u017edy nutn\u00e9 vyhotovit dokumentaci k \u00fazemn\u00edmu rozhodnut\u00ed a n\u00e1sledn\u011b dokumentaci ke stavebn\u00edmu povolen\u00ed. Ned\u00edlnou sou\u010d\u00e1st\u00ed t\u011bchto dokumentac\u00ed mus\u00ed b\u00fdt z\u00e1borov\u00fd elabor\u00e1t.<\/p>\n<p>Z\u00e1borov\u00e9 elabor\u00e1ty na\u0161e firma zaji\u0161\u0165uje v\u011bt\u0161inou pro stavby silnic a d\u00e1lnic. Z\u00e1borov\u00fd elabor\u00e1t je specifick\u00fd v tom, \u017ee v sob\u011b obsahuje velk\u00e9 mno\u017estv\u00ed informac\u00ed jako je nov\u00fd projekt, in\u017een\u00fdrsk\u00e9 s\u00edt\u011b, vlastnick\u00e1 mapa, \u00fadaje o vlastnictv\u00ed a dal\u0161\u00ed. Sou\u010d\u00e1st\u00ed z\u00e1borov\u00e9ho elabor\u00e1tu je i textov\u00e1 dokumentace, podle kter\u00e9 se n\u00e1sledn\u011b prov\u00e1d\u00ed v\u00fdkupy od vlastn\u00edk\u016f a uzav\u00edraj\u00ed se do\u010dasn\u00e9 n\u00e1jmy pozemk\u016f.<\/p>\n","protected":false},"excerpt":{"rendered":"<p>Katastr nemovitost\u00ed \u00a0\u00bb\u00a0 Z\u00e1borov\u00e9 elabor\u00e1ty Pro ka\u017edou v\u011bt\u0161\u00ed stavbu je v\u017edy nutn\u00e9 vyhotovit dokumentaci k \u00fazemn\u00edmu rozhodnut\u00ed a n\u00e1sledn\u011b dokumentaci ke stavebn\u00edmu povolen\u00ed. Ned\u00edlnou sou\u010d\u00e1st\u00ed t\u011bchto dokumentac\u00ed mus\u00ed b\u00fdt z\u00e1borov\u00fd elabor\u00e1t. Z\u00e1borov\u00e9 elabor\u00e1ty na\u0161e firma zaji\u0161\u0165uje v\u011bt\u0161inou pro stavby silnic&hellip; <\/p>\n","protected":false},"author":1,"featured_media":0,"parent":319,"menu_order":36,"comment_status":"closed","ping_status":"closed","template":"","meta":{"ngg_post_thumbnail":0,"footnotes":""},"class_list":["post-347","page","type-page","status-publish","hentry"],"_links":{"self":[{"href":"https:\/\/www.gb-geodezie.cz\/index.php?rest_route=\/wp\/v2\/pages\/347"}],"collection":[{"href":"https:\/\/www.gb-geodezie.cz\/index.php?rest_route=\/wp\/v2\/pages"}],"about":[{"href":"https:\/\/www.gb-geodezie.cz\/index.php?rest_route=\/wp\/v2\/types\/page"}],"author":[{"embeddable":true,"href":"https:\/\/www.gb-geodezie.cz\/index.php?rest_route=\/wp\/v2\/users\/1"}],"replies":[{"embeddable":true,"href":"https:\/\/www.gb-geodezie.cz\/index.php?rest_route=%2Fwp%2Fv2%2Fcomments&post=347"}],"version-history":[{"count":3,"href":"https:\/\/www.gb-geodezie.cz\/index.php?rest_route=\/wp\/v2\/pages\/347\/revisions"}],"predecessor-version":[{"id":1537,"href":"https:\/\/www.gb-geodezie.cz\/index.php?rest_route=\/wp\/v2\/pages\/347\/revisions\/1537"}],"up":[{"embeddable":true,"href":"https:\/\/www.gb-geodezie.cz\/index.php?rest_route=\/wp\/v2\/pages\/319"}],"wp:attachment":[{"href":"https:\/\/www.gb-geodezie.cz\/index.php?rest_route=%2Fwp%2Fv2%2Fmedia&parent=347"}],"curies":[{"name":"wp","href":"https:\/\/api.w.org\/{rel}","templated":true}]}}