
{"id":345,"date":"2016-01-28T13:21:59","date_gmt":"2016-01-28T12:21:59","guid":{"rendered":"http:\/\/10.10.20.35\/?page_id=345"},"modified":"2022-02-03T21:52:00","modified_gmt":"2022-02-03T20:52:00","slug":"obnova-katastralniho-operatu-dkm-kmd","status":"publish","type":"page","link":"https:\/\/www.gb-geodezie.cz\/?page_id=345","title":{"rendered":"Obnova katastr\u00e1ln\u00edho oper\u00e1tu &#8211; DKM, KMD"},"content":{"rendered":"<p><strong><a href=\"http:\/\/www.gb-geodezie.cz\/?page_id=319\">Katastr nemovitost\u00ed <\/a><span style=\"font-size: small;\">\u00a0\u00bb\u00a0<\/span> Obnova katastr\u00e1ln\u00edho oper\u00e1tu &#8211; DKM, KMD<\/strong><\/p>\n<p>Firma\u00a0GB-geodezie se pod\u00edl\u00ed na ve\u0159ejn\u00fdch zak\u00e1zk\u00e1ch pro obnovu oper\u00e1tu katastru nemovitost\u00ed a to bu\u010f nov\u00fdm mapov\u00e1n\u00edm, nebo p\u0159epracov\u00e1n\u00edm s\u00e1hov\u00fdch map do digit\u00e1ln\u00ed podoby.\u00a0GB-geodezie se po celou dobu sv\u00e9 \u010dinnosti pod\u00edl\u00ed na obnov\u011b katastr\u00e1ln\u00edho oper\u00e1tu a v t\u00e9to oblasti m\u00e1 mnoholet\u00e9 zku\u0161enosti. Obnova m\u016f\u017ee prob\u00edhat 3 zp\u016fsoby.<\/p>\n<p><b>1. Obnova katastr\u00e1ln\u00edho oper\u00e1tu nov\u00fdm mapov\u00e1n\u00edm <\/b><br \/>\nJedn\u00e1 se o obnovu oper\u00e1tu, kter\u00e1 nab\u00edz\u00ed nejlep\u0161\u00ed a nejp\u0159esn\u011bj\u0161\u00ed \u0159e\u0161en\u00ed pro katastr nemovitost\u00ed. Bohu\u017eel je tak\u00e9 nejv\u00edce finan\u010dn\u011b n\u00e1kladn\u00e1 a n\u00e1\u0161 st\u00e1t si ji m\u016f\u017ee dovolit jen u nejnutn\u011bj\u0161\u00edch p\u0159\u00edpad\u016f, kdy st\u00e1vaj\u00edc\u00ed oper\u00e1t nelze p\u0159epracovat na KMD \u010di DKM. Obnova prob\u00edh\u00e1 v n\u011bkolika kroc\u00edch. Zji\u0161\u0165ov\u00e1n\u00ed hranic, ke kter\u00e9mu katastr\u00e1ln\u00ed \u00fa\u0159ad zve v\u0161echny dot\u010den\u00e9 vlastn\u00edky. Komise (slo\u017een\u00e1 z r\u016fzn\u00fdch org\u00e1n\u016f st\u00e1tn\u00ed spr\u00e1vy) od vlastn\u00edk\u016f zji\u0161\u0165uje a ozna\u010duje pr\u016fb\u011bh jejich spole\u010dn\u00fdch hranic. N\u00e1sleduje mapov\u00e1n\u00ed zji\u0161t\u011bn\u00fdch a ozna\u010den\u00fdch hranic, vytvo\u0159en\u00ed nov\u00e9 digit\u00e1ln\u00ed mapy, n\u00e1mitkov\u00e9 \u0159\u00edzen\u00ed a nakonec zplatn\u011bn\u00ed nov\u00e9ho oper\u00e1tu.<\/p>\n<p>P\u0159ehled realizovan\u00fdch zak\u00e1zek z posledn\u00edch let<\/p>\n<ul>\n<li>Doln\u00ed Dunajovice \u2013 rok 2009<\/li>\n<li>Nov\u00e1 Ves u Poho\u0159elic \u2013 pilotn\u00ed projekt \u010c\u00daZK \u2013 rok 2008<\/li>\n<\/ul>\n<p><b>2. Obnova katastr\u00e1ln\u00edho oper\u00e1tu p\u0159epracov\u00e1n\u00edm na KMD \u010di DKM <\/b><br \/>\nU t\u00e9to obnovy oper\u00e1tu doch\u00e1z\u00ed pouze k p\u0159eveden\u00ed st\u00e1vaj\u00edc\u00edho oper\u00e1tu do digit\u00e1ln\u00ed podoby. Tato metoda je n\u011bkolikr\u00e1te levn\u011bj\u0161\u00ed ne\u017e metoda obnovy nov\u00fdm mapov\u00e1n\u00edm, ale z d\u016fvodu nutnosti digit\u00e1ln\u00ed mapy v cel\u00e9 \u010cR v co nejkrat\u0161\u00edm \u010dase vol\u00ed \u010c\u00daZK tuto metodu nej\u010dast\u011bji. Ke zp\u0159esn\u011bn\u00ed doch\u00e1z\u00ed pouze zam\u011b\u0159en\u00edm stovek identick\u00fdch bod\u016f, na kter\u00e9 se st\u00e1vaj\u00edc\u00ed katastr\u00e1ln\u00ed mapa natransformuje. D\u00e1le se do mapy dopln\u00ed v\u0161echny vyu\u017eiteln\u00e9 geometrick\u00e9 pl\u00e1ny.<br \/>\nD\u00edky skupin\u011b odborn\u00edk\u016f na poli katastru nemovitost\u00ed jsme vyvinuli vlastn\u00ed technologick\u00fd postup a syst\u00e9m kontrol, kter\u00fd umo\u017e\u0148uje v maxim\u00e1ln\u00ed m\u00ed\u0159e vyu\u017e\u00edt vstupn\u00ed podklady. Kvalitn\u011b a efektivn\u011b je p\u0159evede do digit\u00e1ln\u00ed podoby.<\/p>\n<p>P\u0159ehled realizovan\u00fdch zak\u00e1zek z posledn\u00edch let<\/p>\n<ul>\n<li>KMD &#8211; 11 katastr\u00e1ln\u00edch \u00fazem\u00ed &#8211; lokalita T\u0159eb\u00ed\u010d \u2013 rok 2010<\/li>\n<li>KMD &#8211; 3 katastr\u00e1ln\u00ed \u00fazem\u00ed &#8211; lokalita Vi\u0161\u0148ov\u00e9 (JMK) \u2013 rok 2010<\/li>\n<li>DKM \u2013 6 katastr\u00e1ln\u00edch \u00fazem\u00ed \u2013 lokalita P\u0159erov (OLK) \u2013 rok 2010<\/li>\n<li>KMD Archlebov (JMK) \u2013 rok 2010<\/li>\n<li>KMD Chlum u Letovic (JMK) \u2013 rok 2009<\/li>\n<li>KMD Vr\u0161ovice u Opavy \u2013 pilotn\u00ed projekt \u010c\u00daZK \u2013 rok 2008<\/li>\n<\/ul>\n<p><b>3. Obnova katastr\u00e1ln\u00edho oper\u00e1tu na podklad\u011b v\u00fdsledk\u016f pozemkov\u00fdch \u00faprav <\/b><br \/>\n<a href=\"http:\/\/www.gb-geodezie.cz\/index.php\/pozemkove-upravy\/\">Viz Pozemkov\u00e9 \u00fapravy<\/a><a title=\"\" href=\"http:\/\/www.geodisgroup.cz\/cz\/index.php?page=nasereseni_pozemkove-upravy\">.<\/a><\/p>\n","protected":false},"excerpt":{"rendered":"<p>Katastr nemovitost\u00ed \u00a0\u00bb\u00a0 Obnova katastr\u00e1ln\u00edho oper\u00e1tu &#8211; DKM, KMD Firma\u00a0GB-geodezie se pod\u00edl\u00ed na ve\u0159ejn\u00fdch zak\u00e1zk\u00e1ch pro obnovu oper\u00e1tu katastru nemovitost\u00ed a to bu\u010f nov\u00fdm mapov\u00e1n\u00edm, nebo p\u0159epracov\u00e1n\u00edm s\u00e1hov\u00fdch map do digit\u00e1ln\u00ed podoby.\u00a0GB-geodezie se po celou dobu sv\u00e9 \u010dinnosti pod\u00edl\u00ed na&hellip; <\/p>\n","protected":false},"author":1,"featured_media":0,"parent":319,"menu_order":35,"comment_status":"closed","ping_status":"closed","template":"","meta":{"ngg_post_thumbnail":0,"footnotes":""},"class_list":["post-345","page","type-page","status-publish","hentry"],"_links":{"self":[{"href":"https:\/\/www.gb-geodezie.cz\/index.php?rest_route=\/wp\/v2\/pages\/345"}],"collection":[{"href":"https:\/\/www.gb-geodezie.cz\/index.php?rest_route=\/wp\/v2\/pages"}],"about":[{"href":"https:\/\/www.gb-geodezie.cz\/index.php?rest_route=\/wp\/v2\/types\/page"}],"author":[{"embeddable":true,"href":"https:\/\/www.gb-geodezie.cz\/index.php?rest_route=\/wp\/v2\/users\/1"}],"replies":[{"embeddable":true,"href":"https:\/\/www.gb-geodezie.cz\/index.php?rest_route=%2Fwp%2Fv2%2Fcomments&post=345"}],"version-history":[{"count":3,"href":"https:\/\/www.gb-geodezie.cz\/index.php?rest_route=\/wp\/v2\/pages\/345\/revisions"}],"predecessor-version":[{"id":1538,"href":"https:\/\/www.gb-geodezie.cz\/index.php?rest_route=\/wp\/v2\/pages\/345\/revisions\/1538"}],"up":[{"embeddable":true,"href":"https:\/\/www.gb-geodezie.cz\/index.php?rest_route=\/wp\/v2\/pages\/319"}],"wp:attachment":[{"href":"https:\/\/www.gb-geodezie.cz\/index.php?rest_route=%2Fwp%2Fv2%2Fmedia&parent=345"}],"curies":[{"name":"wp","href":"https:\/\/api.w.org\/{rel}","templated":true}]}}