
{"id":343,"date":"2016-01-28T13:19:40","date_gmt":"2016-01-28T12:19:40","guid":{"rendered":"http:\/\/10.10.20.35\/?page_id=343"},"modified":"2022-02-03T21:52:13","modified_gmt":"2022-02-03T20:52:13","slug":"ucelove-katastralni-mapy-ukm","status":"publish","type":"page","link":"https:\/\/www.gb-geodezie.cz\/?page_id=343","title":{"rendered":"\u00da\u010delov\u00e9 katastr\u00e1ln\u00ed mapy &#8211; \u00daKM"},"content":{"rendered":"<p><strong><a href=\"http:\/\/www.gb-geodezie.cz\/?page_id=319\">Katastr nemovitost\u00ed<\/a> <span style=\"font-size: small;\">\u00a0\u00bb\u00a0<\/span> \u00da\u010delov\u00e9 katastr\u00e1ln\u00ed mapy &#8211; \u00daKM<\/strong><\/p>\n<p>\u00da\u010delov\u00e1 katastr\u00e1ln\u00ed mapa (\u00daKM) jako jedna z vrstev \u201eDigit\u00e1ln\u00ed mapy ve\u0159ejn\u00e9 spr\u00e1vy\u201c zaji\u0161\u0165uje digit\u00e1ln\u00ed podobu katastr\u00e1ln\u00ed mapy v m\u00edstech, kde katastr\u00e1ln\u00ed \u00fa\u0159ad vede katastr\u00e1ln\u00ed mapu v analogov\u00e9 (pap\u00edrov\u00e9) podob\u011b.<\/p>\n<p>\u00daKM je beze\u0161v\u00e1 katastr\u00e1ln\u00ed mapa \u010dlen\u011bn\u00e1 po katastr\u00e1ln\u00edch \u00fazem\u00edch, m\u00e1 jednotnou strukturu, kter\u00e1 vych\u00e1z\u00ed ze struktury pro DKM a sou\u0159adnicov\u00fd syst\u00e9m JTSK.<\/p>\n<p>\u00daKM je ve form\u00e1tu DGN \u010di SHP, kresba je topologicky \u010dist\u00e1, v ka\u017ed\u00e9 parcele je pr\u00e1v\u011b jedno parceln\u00ed \u010d\u00edslo a pro ka\u017ed\u00e9 katastr\u00e1ln\u00ed \u00fazem\u00ed je vytvo\u0159en seznam nesoulad\u016f, kter\u00e9 n\u00e1sledn\u011b \u0159e\u0161\u00ed jednotliv\u00e9 katastr\u00e1ln\u00ed pracovi\u0161t\u011b. Obsahem \u00daKM jsou hranice katastr\u00e1ln\u00edch \u00fazem\u00ed, hranice parcel, vnit\u0159n\u00ed kresba a parceln\u00ed \u010d\u00edsla. P\u0159esnost \u00daKM je z\u00e1visl\u00e1 na m\u011b\u0159\u00edtku vstupn\u00ed katastr\u00e1ln\u00ed mapy.<\/p>\n<p>V sou\u010dasn\u00e9 dob\u011b je \u00daKM vytvo\u0159ena pro cel\u00fd Jihomoravsk\u00fd, Zl\u00ednsk\u00fd, Olomouck\u00fd kraj a \u010d\u00e1st Plze\u0148sk\u00e9ho kraje. Ve v\u0161ech t\u011bchto kraj\u00edch je pravideln\u011b aktualizov\u00e1na a to bu\u010f v ro\u010dn\u00edm \u010di p\u016flro\u010dn\u00edm intervalu.<\/p>\n<p>Na uk\u00e1zk\u00e1ch \u00daKM, hlavn\u011b v kombinaci s ortofotomapou, je vid\u011bt \u0161irok\u00e1 \u0161k\u00e1la vyu\u017eit\u00ed. Vyu\u017eit\u00ed je pro \u00fazemn\u00ed pl\u00e1nov\u00e1n\u00ed, projek\u010dn\u00ed \u010dinnost, \u0159e\u0161en\u00ed vlastnick\u00fdch vztah\u016f, vyhled\u00e1n\u00ed \u201e\u010dern\u00fdch\u201c staveb, zn\u00e1zorn\u011bn\u00ed \u00fazem\u00ed dle vlastnictv\u00ed, dle druhu pozemku a mnoh\u00e9 dal\u0161\u00ed.<\/p>\n<p>&nbsp;<\/p>\n","protected":false},"excerpt":{"rendered":"<p>Katastr nemovitost\u00ed \u00a0\u00bb\u00a0 \u00da\u010delov\u00e9 katastr\u00e1ln\u00ed mapy &#8211; \u00daKM \u00da\u010delov\u00e1 katastr\u00e1ln\u00ed mapa (\u00daKM) jako jedna z vrstev \u201eDigit\u00e1ln\u00ed mapy ve\u0159ejn\u00e9 spr\u00e1vy\u201c zaji\u0161\u0165uje digit\u00e1ln\u00ed podobu katastr\u00e1ln\u00ed mapy v m\u00edstech, kde katastr\u00e1ln\u00ed \u00fa\u0159ad vede katastr\u00e1ln\u00ed mapu v analogov\u00e9 (pap\u00edrov\u00e9) podob\u011b. \u00daKM je beze\u0161v\u00e1&hellip; <\/p>\n","protected":false},"author":1,"featured_media":0,"parent":319,"menu_order":34,"comment_status":"closed","ping_status":"closed","template":"","meta":{"ngg_post_thumbnail":0,"footnotes":""},"class_list":["post-343","page","type-page","status-publish","hentry"],"_links":{"self":[{"href":"https:\/\/www.gb-geodezie.cz\/index.php?rest_route=\/wp\/v2\/pages\/343"}],"collection":[{"href":"https:\/\/www.gb-geodezie.cz\/index.php?rest_route=\/wp\/v2\/pages"}],"about":[{"href":"https:\/\/www.gb-geodezie.cz\/index.php?rest_route=\/wp\/v2\/types\/page"}],"author":[{"embeddable":true,"href":"https:\/\/www.gb-geodezie.cz\/index.php?rest_route=\/wp\/v2\/users\/1"}],"replies":[{"embeddable":true,"href":"https:\/\/www.gb-geodezie.cz\/index.php?rest_route=%2Fwp%2Fv2%2Fcomments&post=343"}],"version-history":[{"count":3,"href":"https:\/\/www.gb-geodezie.cz\/index.php?rest_route=\/wp\/v2\/pages\/343\/revisions"}],"predecessor-version":[{"id":1539,"href":"https:\/\/www.gb-geodezie.cz\/index.php?rest_route=\/wp\/v2\/pages\/343\/revisions\/1539"}],"up":[{"embeddable":true,"href":"https:\/\/www.gb-geodezie.cz\/index.php?rest_route=\/wp\/v2\/pages\/319"}],"wp:attachment":[{"href":"https:\/\/www.gb-geodezie.cz\/index.php?rest_route=%2Fwp%2Fv2%2Fmedia&parent=343"}],"curies":[{"name":"wp","href":"https:\/\/api.w.org\/{rel}","templated":true}]}}