
{"id":338,"date":"2016-01-28T13:15:45","date_gmt":"2016-01-28T12:15:45","guid":{"rendered":"http:\/\/10.10.20.35\/?page_id=338"},"modified":"2022-02-03T21:52:53","modified_gmt":"2022-02-03T20:52:53","slug":"kompletni-geodeticke-prace-pri-vystavbe","status":"publish","type":"page","link":"https:\/\/www.gb-geodezie.cz\/?page_id=338","title":{"rendered":"Kompletn\u00ed geodetick\u00e9 pr\u00e1ce p\u0159i v\u00fdstavb\u011b"},"content":{"rendered":"<p><strong><a href=\"http:\/\/www.gb-geodezie.cz\/?page_id=319\">Katastr nemovitost\u00ed <\/a><span style=\"font-size: small;\">\u00a0\u00bb\u00a0<\/span> kompletn\u00ed geodetick\u00e9 pr\u00e1ce p\u0159i v\u00fdstavb\u011b<\/strong><\/p>\n<p>Na\u0161e firma nab\u00edz\u00ed kompletn\u00ed geodetick\u00e9 pr\u00e1ce p\u0159i v\u00fdstavb\u011b nap\u0159. rodinn\u00fdch dom\u016f. Od zam\u011b\u0159en\u00ed skute\u010dn\u00e9ho stavu pro projekt p\u0159es vyty\u010den\u00ed stavby, in\u017een\u00fdrsk\u00fdch s\u00edt\u00ed a\u017e po geometrick\u00fd pl\u00e1n ke kolaudaci.<\/p>\n<p>D\u00edky \u0161irok\u00e9 \u0161k\u00e1le odborn\u00edk\u016f pro V\u00e1s zajist\u00edme kompletn\u00ed servis geodetick\u00fdch prac\u00ed ve v\u00fdstavb\u011b jako je:<\/p>\n<ul>\n<li>Pr\u00e1ce p\u0159i projektov\u00e9 p\u0159\u00edprav\u011b stavby\n<ul>\n<li>Zam\u011b\u0159en\u00ed skute\u010dn\u00e9ho stavu (polohopisn\u00e1 a v\u00fd\u0161kopisn\u00e1 situace, stav in\u017een\u00fdrsk\u00fdch s\u00edt\u00ed)<\/li>\n<li>Vytvo\u0159en\u00ed vlastnick\u00e9 mapy a seznamu dot\u010den\u00fdch vlastn\u00edk\u016f<\/li>\n<\/ul>\n<\/li>\n<li>Pr\u00e1ce v pr\u016fb\u011bhu stavby\n<ul>\n<li>Vyty\u010den\u00ed obvodu staveni\u0161t\u011b<\/li>\n<li>Vyty\u010den\u00ed stavby, vyty\u010den\u00ed in\u017een\u00fdrsk\u00fdch s\u00edt\u00ed<\/li>\n<li>Kontroln\u00ed m\u011b\u0159en\u00ed (\u010dinnosti hlavn\u00edho geodeta investora, dodavatele)<\/li>\n<\/ul>\n<\/li>\n<li>Pr\u00e1ce po dokon\u010den\u00ed stavby\n<ul>\n<li>Dokumentace skute\u010dn\u00e9ho proveden\u00ed stavby (dle p\u0159\u00edsl. technolog. sm\u011brnic)<\/li>\n<li>Periodick\u00e1 m\u011b\u0159en\u00ed posun\u016f a deformac\u00ed<\/li>\n<li>Geometrick\u00fd pl\u00e1n pro z\u00e1pis do KN<\/li>\n<\/ul>\n<\/li>\n<\/ul>\n","protected":false},"excerpt":{"rendered":"<p>Katastr nemovitost\u00ed \u00a0\u00bb\u00a0 kompletn\u00ed geodetick\u00e9 pr\u00e1ce p\u0159i v\u00fdstavb\u011b Na\u0161e firma nab\u00edz\u00ed kompletn\u00ed geodetick\u00e9 pr\u00e1ce p\u0159i v\u00fdstavb\u011b nap\u0159. rodinn\u00fdch dom\u016f. Od zam\u011b\u0159en\u00ed skute\u010dn\u00e9ho stavu pro projekt p\u0159es vyty\u010den\u00ed stavby, in\u017een\u00fdrsk\u00fdch s\u00edt\u00ed a\u017e po geometrick\u00fd pl\u00e1n ke kolaudaci. D\u00edky \u0161irok\u00e9 \u0161k\u00e1le odborn\u00edk\u016f&hellip; <\/p>\n","protected":false},"author":1,"featured_media":0,"parent":319,"menu_order":32,"comment_status":"closed","ping_status":"closed","template":"","meta":{"ngg_post_thumbnail":0,"footnotes":""},"class_list":["post-338","page","type-page","status-publish","hentry"],"_links":{"self":[{"href":"https:\/\/www.gb-geodezie.cz\/index.php?rest_route=\/wp\/v2\/pages\/338"}],"collection":[{"href":"https:\/\/www.gb-geodezie.cz\/index.php?rest_route=\/wp\/v2\/pages"}],"about":[{"href":"https:\/\/www.gb-geodezie.cz\/index.php?rest_route=\/wp\/v2\/types\/page"}],"author":[{"embeddable":true,"href":"https:\/\/www.gb-geodezie.cz\/index.php?rest_route=\/wp\/v2\/users\/1"}],"replies":[{"embeddable":true,"href":"https:\/\/www.gb-geodezie.cz\/index.php?rest_route=%2Fwp%2Fv2%2Fcomments&post=338"}],"version-history":[{"count":4,"href":"https:\/\/www.gb-geodezie.cz\/index.php?rest_route=\/wp\/v2\/pages\/338\/revisions"}],"predecessor-version":[{"id":1541,"href":"https:\/\/www.gb-geodezie.cz\/index.php?rest_route=\/wp\/v2\/pages\/338\/revisions\/1541"}],"up":[{"embeddable":true,"href":"https:\/\/www.gb-geodezie.cz\/index.php?rest_route=\/wp\/v2\/pages\/319"}],"wp:attachment":[{"href":"https:\/\/www.gb-geodezie.cz\/index.php?rest_route=%2Fwp%2Fv2%2Fmedia&parent=338"}],"curies":[{"name":"wp","href":"https:\/\/api.w.org\/{rel}","templated":true}]}}