
{"id":333,"date":"2016-01-28T13:11:11","date_gmt":"2016-01-28T12:11:11","guid":{"rendered":"http:\/\/10.10.20.35\/?page_id=333"},"modified":"2022-02-03T21:53:24","modified_gmt":"2022-02-03T20:53:24","slug":"geometricke-plany-vytyceni-hranic","status":"publish","type":"page","link":"https:\/\/www.gb-geodezie.cz\/?page_id=333","title":{"rendered":"Geometrick\u00e9 pl\u00e1ny, vyty\u010den\u00ed hranic"},"content":{"rendered":"<p><strong><a href=\"http:\/\/www.gb-geodezie.cz\/?page_id=319\">Katastr nemovitost\u00ed<\/a> <span style=\"font-size: small;\">\u00a0\u00bb\u00a0<\/span>Geometrick\u00e9 pl\u00e1ny, vyty\u010den\u00ed hranic<\/strong><\/p>\n<p>Pot\u0159ebujete geometrick\u00fd pl\u00e1n? Chcete stav\u011bt plot, pot\u0159ebujete vyty\u010dit hranici pozemk\u016f? Na\u0161i odborn\u00edci jsou tu pro v\u00e1s. R\u00e1di V\u00e1m porad\u00ed jak postupovat v jednotliv\u00fdch situac\u00edch.<\/p>\n<p><b>Geometrick\u00fd pl\u00e1n<\/b><br \/>\nPro ka\u017edou grafickou zm\u011bnu v katastru nemovitost\u00ed je nutno dolo\u017eit listinu a ned\u00edlnou sou\u010d\u00e1st\u00ed t\u00e9to listiny je geometrick\u00fd pl\u00e1n. R\u00e1di V\u00e1m vyhotov\u00edme geometrick\u00e9 pl\u00e1ny pro:<\/p>\n<ul>\n<li>rozd\u011blen\u00ed pozemku<\/li>\n<li>zm\u011bnu hranice pozemku<\/li>\n<li>vyzna\u010den\u00ed budovy nebo zm\u011bnu jej\u00edho vn\u011bj\u0161\u00edho obvodu<\/li>\n<li>vyzna\u010den\u00ed v\u011bcn\u00e9ho b\u0159emene<\/li>\n<li>dopln\u011bn\u00ed pozemku veden\u00e9ho ve zjednodu\u0161en\u00e9 evidenci<\/li>\n<\/ul>\n<p><a title=\"\" href=\"http:\/\/www.cuzk.cz\/Dokument.aspx?PRARESKOD=700&amp;MENUID=30&amp;AKCE=DOC:10-ZIVOTNI_SITUACE\"><u>Postup a p\u0159\u00edlohy k pod\u00e1n\u00ed n\u00e1vrhu na vklad<\/u><\/a><br \/>\n<a title=\"\" href=\"http:\/\/www.cuzk.cz\/Dokument.aspx?PRARESKOD=998&amp;MENUID=0&amp;AKCE=DOC:10-FORMULARE\"><u>Formul\u00e1\u0159e pro pod\u00e1n\u00ed n\u00e1vrhu na vklad<\/u><\/a><\/p>\n<p><b>Vyty\u010den\u00ed hranic<\/b><br \/>\nPokud se chyst\u00e1te prov\u00e1d\u011bt stavebn\u00ed \u010dinnosti, kter\u00e9 jsou v\u00e1z\u00e1ny na hranici parcely (plot, stavba u hranice), nebo jen chcete zn\u00e1t hranice sv\u00fdch pozemk\u016f, je v\u017edy vhodn\u00e9 si nechat hranici p\u0159edem vyty\u010dit. P\u0159edejdete tak mo\u017en\u00fdm sousedsk\u00fdm spor\u016fm v budoucnosti.<\/p>\n<p>Vyty\u010den\u00ed hranic prob\u00edh\u00e1 ve v\u00edce kroc\u00edch:<\/p>\n<ul>\n<li>Zam\u011b\u0159en\u00ed identick\u00fdch bod\u016f mezi skute\u010dnost\u00ed a katastr\u00e1ln\u00ed mapou.<\/li>\n<li>Transformace katastr\u00e1ln\u00ed mapy na zam\u011b\u0159enou skute\u010dnost.<\/li>\n<li>Doru\u010den\u00ed pozv\u00e1nky k vyty\u010den\u00ed v\u0161em dot\u010den\u00fdm (sousedn\u00edm) vlastn\u00edk\u016fm.<\/li>\n<li>Vyty\u010den\u00ed hranic za \u00fa\u010dasti vlastn\u00edk\u016f.<\/li>\n<li>Zasl\u00e1n\u00ed dokumentace o vyty\u010den\u00ed hranice v\u0161em dot\u010den\u00fdm vlastn\u00edk\u016fm a p\u0159ed\u00e1n\u00ed dokumentace na katastr\u00e1ln\u00ed pracovi\u0161t\u011b.<\/li>\n<\/ul>\n<p><b>Zp\u0159esn\u011bn\u00ed hranic<\/b><br \/>\nP\u0159i vyty\u010den\u00ed hranic m\u016f\u017ee sou\u010dasn\u011b doj\u00edt i k zp\u0159esn\u011bn\u00ed hranic. Pokud v\u0161ichni dot\u010den\u00ed vlastn\u00edci souhlas\u00ed s vyty\u010den\u00fdm bodem, tak p\u0159i podpisu SOUHLASN\u00c9HO PROHL\u00c1\u0160EN\u00cd a vyhotoven\u00ed GEOMETRICK\u00c9HO PL\u00c1NU VLASTN\u00cdKY UP\u0158ESN\u011aN\u00c9 HRANICE dojde ke zp\u0159esn\u011bn\u00ed bodu. Bod je pak ur\u010den s nejvy\u0161\u0161\u00ed mo\u017enou p\u0159esnost\u00ed mxy=0,14m. Nejv\u00edce informac\u00ed o zp\u0159esn\u011bn\u00ed vyty\u010den\u00e9 hranice je mo\u017en\u00e9 z\u00edskat z <a title=\"\" href=\"http:\/\/www.geodisgroup.cz\/doc_product\/letak-cuzk-hranice-150910.pdf\"><u>informa\u010dn\u00edho let\u00e1ku<\/u><\/a>.<\/p>\n<p><b>Zp\u0159esn\u011bn\u00ed hranic<\/b><br \/>\nInformace z katastru nemovitost\u00ed lze jednodu\u0161e z\u00edskat na str\u00e1nk\u00e1ch \u010c\u00daZK: <a title=\"\" href=\"http:\/\/nahlizenidokn.cuzk.cz\/\"><u>http:\/\/nahlizenidokn.cuzk.cz\/<\/u><\/a>.<\/p>\n","protected":false},"excerpt":{"rendered":"<p>Katastr nemovitost\u00ed \u00a0\u00bb\u00a0Geometrick\u00e9 pl\u00e1ny, vyty\u010den\u00ed hranic Pot\u0159ebujete geometrick\u00fd pl\u00e1n? Chcete stav\u011bt plot, pot\u0159ebujete vyty\u010dit hranici pozemk\u016f? Na\u0161i odborn\u00edci jsou tu pro v\u00e1s. R\u00e1di V\u00e1m porad\u00ed jak postupovat v jednotliv\u00fdch situac\u00edch. Geometrick\u00fd pl\u00e1n Pro ka\u017edou grafickou zm\u011bnu v katastru nemovitost\u00ed je&hellip; <\/p>\n","protected":false},"author":1,"featured_media":0,"parent":319,"menu_order":31,"comment_status":"closed","ping_status":"closed","template":"","meta":{"ngg_post_thumbnail":0,"footnotes":""},"class_list":["post-333","page","type-page","status-publish","hentry"],"_links":{"self":[{"href":"https:\/\/www.gb-geodezie.cz\/index.php?rest_route=\/wp\/v2\/pages\/333"}],"collection":[{"href":"https:\/\/www.gb-geodezie.cz\/index.php?rest_route=\/wp\/v2\/pages"}],"about":[{"href":"https:\/\/www.gb-geodezie.cz\/index.php?rest_route=\/wp\/v2\/types\/page"}],"author":[{"embeddable":true,"href":"https:\/\/www.gb-geodezie.cz\/index.php?rest_route=\/wp\/v2\/users\/1"}],"replies":[{"embeddable":true,"href":"https:\/\/www.gb-geodezie.cz\/index.php?rest_route=%2Fwp%2Fv2%2Fcomments&post=333"}],"version-history":[{"count":6,"href":"https:\/\/www.gb-geodezie.cz\/index.php?rest_route=\/wp\/v2\/pages\/333\/revisions"}],"predecessor-version":[{"id":1542,"href":"https:\/\/www.gb-geodezie.cz\/index.php?rest_route=\/wp\/v2\/pages\/333\/revisions\/1542"}],"up":[{"embeddable":true,"href":"https:\/\/www.gb-geodezie.cz\/index.php?rest_route=\/wp\/v2\/pages\/319"}],"wp:attachment":[{"href":"https:\/\/www.gb-geodezie.cz\/index.php?rest_route=%2Fwp%2Fv2%2Fmedia&parent=333"}],"curies":[{"name":"wp","href":"https:\/\/api.w.org\/{rel}","templated":true}]}}