
{"id":325,"date":"2016-01-28T12:44:44","date_gmt":"2016-01-28T11:44:44","guid":{"rendered":"http:\/\/10.10.20.35\/?page_id=325"},"modified":"2016-02-12T08:53:21","modified_gmt":"2016-02-12T07:53:21","slug":"laserove-skenovani","status":"publish","type":"page","link":"https:\/\/www.gb-geodezie.cz\/?page_id=325","title":{"rendered":"Laserov\u00e9 skenov\u00e1n\u00ed"},"content":{"rendered":"<h5>Laserov\u00e9 skenov\u00e1n\u00ed<\/h5>\n<p>\n<div class=\"ngg-galleryoverview ngg-slideshow\"\n\tid=\"ngg-slideshow-2009f73463075c2abae34373bb7745e1-675836530\"\n\tdata-gallery-id=\"2009f73463075c2abae34373bb7745e1\"\n\tstyle=\"max-width: 650px;\n\t\t\tmax-height: 400px;\n\t\t\tdisplay: none;\">\n\n\t\n\t\t<a href=\"https:\/\/www.gb-geodezie.cz\/wp-content\/gallery\/laserove_skenovani\/laser6.jpg\"\n\t\t\ttitle=\"\"\n\t\t\tdata-src=\"https:\/\/www.gb-geodezie.cz\/wp-content\/gallery\/laserove_skenovani\/laser6.jpg\"\n\t\t\tdata-thumbnail=\"https:\/\/www.gb-geodezie.cz\/wp-content\/gallery\/laserove_skenovani\/thumbs\/thumbs_laser6.jpg\"\n\t\t\tdata-image-id=\"58\"\n\t\t\tdata-title=\"laser6\"\n\t\t\tdata-description=\"\"\n\t\t\t\t\t\t\t\t\t\t\t\t\t\t\tclass=\"shutterset_2009f73463075c2abae34373bb7745e1\">\n\t\t\t\n\t\t\t<img data-image-id='58'\n\t\t\t\ttitle=\"\"\n\t\t\t\talt=\"laser6\"\n\t\t\t\tsrc=\"https:\/\/www.gb-geodezie.cz\/wp-content\/gallery\/laserove_skenovani\/laser6.jpg\"\n\t\t\t\tstyle=\"max-height: 380px;\"\/>\n\t\t<\/a>\n\n\t\t\n\t\t<a href=\"https:\/\/www.gb-geodezie.cz\/wp-content\/gallery\/laserove_skenovani\/laser7.jpg\"\n\t\t\ttitle=\"\"\n\t\t\tdata-src=\"https:\/\/www.gb-geodezie.cz\/wp-content\/gallery\/laserove_skenovani\/laser7.jpg\"\n\t\t\tdata-thumbnail=\"https:\/\/www.gb-geodezie.cz\/wp-content\/gallery\/laserove_skenovani\/thumbs\/thumbs_laser7.jpg\"\n\t\t\tdata-image-id=\"59\"\n\t\t\tdata-title=\"laser7\"\n\t\t\tdata-description=\"\"\n\t\t\t\t\t\t\t\t\t\t\t\t\t\t\tclass=\"shutterset_2009f73463075c2abae34373bb7745e1\">\n\t\t\t\n\t\t\t<img data-image-id='59'\n\t\t\t\ttitle=\"\"\n\t\t\t\talt=\"laser7\"\n\t\t\t\tsrc=\"https:\/\/www.gb-geodezie.cz\/wp-content\/gallery\/laserove_skenovani\/laser7.jpg\"\n\t\t\t\tstyle=\"max-height: 380px;\"\/>\n\t\t<\/a>\n\n\t\t\n\t\t<a href=\"https:\/\/www.gb-geodezie.cz\/wp-content\/gallery\/laserove_skenovani\/laser3.jpg\"\n\t\t\ttitle=\"\"\n\t\t\tdata-src=\"https:\/\/www.gb-geodezie.cz\/wp-content\/gallery\/laserove_skenovani\/laser3.jpg\"\n\t\t\tdata-thumbnail=\"https:\/\/www.gb-geodezie.cz\/wp-content\/gallery\/laserove_skenovani\/thumbs\/thumbs_laser3.jpg\"\n\t\t\tdata-image-id=\"55\"\n\t\t\tdata-title=\"laser3\"\n\t\t\tdata-description=\"\"\n\t\t\t\t\t\t\t\t\t\t\t\t\t\t\tclass=\"shutterset_2009f73463075c2abae34373bb7745e1\">\n\t\t\t\n\t\t\t<img data-image-id='55'\n\t\t\t\ttitle=\"\"\n\t\t\t\talt=\"laser3\"\n\t\t\t\tsrc=\"https:\/\/www.gb-geodezie.cz\/wp-content\/gallery\/laserove_skenovani\/laser3.jpg\"\n\t\t\t\tstyle=\"max-height: 380px;\"\/>\n\t\t<\/a>\n\n\t\t\n\t\t<a href=\"https:\/\/www.gb-geodezie.cz\/wp-content\/gallery\/laserove_skenovani\/laser4.jpg\"\n\t\t\ttitle=\"\"\n\t\t\tdata-src=\"https:\/\/www.gb-geodezie.cz\/wp-content\/gallery\/laserove_skenovani\/laser4.jpg\"\n\t\t\tdata-thumbnail=\"https:\/\/www.gb-geodezie.cz\/wp-content\/gallery\/laserove_skenovani\/thumbs\/thumbs_laser4.jpg\"\n\t\t\tdata-image-id=\"56\"\n\t\t\tdata-title=\"laser4\"\n\t\t\tdata-description=\"\"\n\t\t\t\t\t\t\t\t\t\t\t\t\t\t\tclass=\"shutterset_2009f73463075c2abae34373bb7745e1\">\n\t\t\t\n\t\t\t<img data-image-id='56'\n\t\t\t\ttitle=\"\"\n\t\t\t\talt=\"laser4\"\n\t\t\t\tsrc=\"https:\/\/www.gb-geodezie.cz\/wp-content\/gallery\/laserove_skenovani\/laser4.jpg\"\n\t\t\t\tstyle=\"max-height: 380px;\"\/>\n\t\t<\/a>\n\n\t\t\n\t\t<a href=\"https:\/\/www.gb-geodezie.cz\/wp-content\/gallery\/laserove_skenovani\/laser5.jpg\"\n\t\t\ttitle=\"\"\n\t\t\tdata-src=\"https:\/\/www.gb-geodezie.cz\/wp-content\/gallery\/laserove_skenovani\/laser5.jpg\"\n\t\t\tdata-thumbnail=\"https:\/\/www.gb-geodezie.cz\/wp-content\/gallery\/laserove_skenovani\/thumbs\/thumbs_laser5.jpg\"\n\t\t\tdata-image-id=\"57\"\n\t\t\tdata-title=\"laser5\"\n\t\t\tdata-description=\"\"\n\t\t\t\t\t\t\t\t\t\t\t\t\t\t\tclass=\"shutterset_2009f73463075c2abae34373bb7745e1\">\n\t\t\t\n\t\t\t<img data-image-id='57'\n\t\t\t\ttitle=\"\"\n\t\t\t\talt=\"laser5\"\n\t\t\t\tsrc=\"https:\/\/www.gb-geodezie.cz\/wp-content\/gallery\/laserove_skenovani\/laser5.jpg\"\n\t\t\t\tstyle=\"max-height: 380px;\"\/>\n\t\t<\/a>\n\n\t\t\n\t\t<a href=\"https:\/\/www.gb-geodezie.cz\/wp-content\/gallery\/laserove_skenovani\/laser1_.jpg\"\n\t\t\ttitle=\"\"\n\t\t\tdata-src=\"https:\/\/www.gb-geodezie.cz\/wp-content\/gallery\/laserove_skenovani\/laser1_.jpg\"\n\t\t\tdata-thumbnail=\"https:\/\/www.gb-geodezie.cz\/wp-content\/gallery\/laserove_skenovani\/thumbs\/thumbs_laser1_.jpg\"\n\t\t\tdata-image-id=\"66\"\n\t\t\tdata-title=\"laser1_\"\n\t\t\tdata-description=\"\"\n\t\t\t\t\t\t\t\t\t\t\t\t\t\t\tclass=\"shutterset_2009f73463075c2abae34373bb7745e1\">\n\t\t\t\n\t\t\t<img data-image-id='66'\n\t\t\t\ttitle=\"\"\n\t\t\t\talt=\"laser1_\"\n\t\t\t\tsrc=\"https:\/\/www.gb-geodezie.cz\/wp-content\/gallery\/laserove_skenovani\/laser1_.jpg\"\n\t\t\t\tstyle=\"max-height: 380px;\"\/>\n\t\t<\/a>\n\n\t\t\n\t\t<a href=\"https:\/\/www.gb-geodezie.cz\/wp-content\/gallery\/laserove_skenovani\/laser2_.jpg\"\n\t\t\ttitle=\"\"\n\t\t\tdata-src=\"https:\/\/www.gb-geodezie.cz\/wp-content\/gallery\/laserove_skenovani\/laser2_.jpg\"\n\t\t\tdata-thumbnail=\"https:\/\/www.gb-geodezie.cz\/wp-content\/gallery\/laserove_skenovani\/thumbs\/thumbs_laser2_.jpg\"\n\t\t\tdata-image-id=\"67\"\n\t\t\tdata-title=\"laser2_\"\n\t\t\tdata-description=\"\"\n\t\t\t\t\t\t\t\t\t\t\t\t\t\t\tclass=\"shutterset_2009f73463075c2abae34373bb7745e1\">\n\t\t\t\n\t\t\t<img data-image-id='67'\n\t\t\t\ttitle=\"\"\n\t\t\t\talt=\"laser2_\"\n\t\t\t\tsrc=\"https:\/\/www.gb-geodezie.cz\/wp-content\/gallery\/laserove_skenovani\/laser2_.jpg\"\n\t\t\t\tstyle=\"max-height: 380px;\"\/>\n\t\t<\/a>\n\n\t\t<\/div>\n\n\n<\/p>\n<p>&nbsp;<\/p>\n<p>Laserov\u00e9 skenovac\u00ed syst\u00e9my umo\u017e\u0148uj\u00ed bezkontaktn\u00ed ur\u010dov\u00e1n\u00ed prostorov\u00fdch sou\u0159adnic, 3D modelov\u00e1n\u00ed, vizualizaci slo\u017eit\u00fdch staveb a konstrukc\u00ed, interi\u00e9r\u016f, podzemn\u00edch prostor, libovoln\u00fdch ter\u00e9n\u016f atp. s\u00a0mimo\u0159\u00e1dnou rychlost\u00ed, p\u0159esnost\u00ed, komplexnost\u00ed a bezpe\u010dnost\u00ed. Nasn\u00edman\u00fd objekt m\u016f\u017ee b\u00fdt pomoc\u00ed softwaru zobrazen ve form\u011b mra\u010den bod\u016f, na jejich\u017e z\u00e1klad\u011b m\u016f\u017ee b\u00fdt vytvo\u0159en model objektu, kter\u00fd lze p\u0159en\u00e9st do CAD syst\u00e9mu.<\/p>\n<p>Ve spole\u010dnosti GB-geodezie, spol. s\u00a0r.o. m\u00e1me s\u00a0technologi\u00ed laserov\u00e9ho skenov\u00e1n\u00ed zku\u0161enosti ji\u017e od roku 2001.<\/p>\n<p>Disponujeme dv\u011bma pozemn\u00edmi skenery \u00a0<a href=\"http:\/\/www.gb-geodezie.cz\/wp-content\/uploads\/2016\/01\/FARO_-Focus_3D.pdf\" target=\"_blank\">FARO Focus 3D<\/a>, pozemn\u00edm skenerem <a href=\"http:\/\/www.geodisgroup.cz\/doc_product\/datasheet\/datenblatt_imager_5006i.pdf\">Z<\/a><a href=\"http:\/\/www.gb-geodezie.cz\/wp-content\/uploads\/2016\/01\/datenblatt_imager_5006i.pdf\" target=\"_blank\">+F Imager 5006i<\/a>\u00a0a <a href=\"http:\/\/www.gb-geodezie.cz\/wp-content\/uploads\/2016\/01\/Topcon_IP-S2_datasheet.pdf\" target=\"_blank\">Topcon IP-S2<\/a>\u00a0a <a href=\"http:\/\/www.gb-geodezie.cz\/wp-content\/uploads\/2016\/01\/DataSheet_Riegl_VMX-250.pdf\" target=\"_blank\">Riegl VMX250<\/a> (Momas).<\/p>\n<p>&nbsp;<\/p>\n<p><strong>Mo\u017enosti a vyu\u017eit\u00ed laserov\u00e9ho skenov\u00e1n\u00ed<\/strong><\/p>\n<p><strong>Pozemn\u00ed stavitelstv\u00ed<\/strong><\/p>\n<ul>\n<li>Dokumentace architektonicky v\u00fdznamn\u00fdch budov<\/li>\n<li>Dokumentace geometricky slo\u017eit\u00fdch budov<\/li>\n<li>Dokumentace rozs\u00e1hl\u00fdch stavebn\u00edch komplex\u016f<\/li>\n<li>Tvorba kompletn\u00ed stavebn\u00ed projektov\u00e9 dokumentace st\u00e1vaj\u00edc\u00edho stavu objektu<\/li>\n<li>Dokumentace uli\u010dn\u00edch \u0159ad<\/li>\n<li>Dokumentace tvarov\u011b n\u00e1ro\u010dn\u00fdch a \u010dlenit\u00fdch fas\u00e1d<\/li>\n<\/ul>\n<p>&nbsp;<\/p>\n<p><strong>Dopravn\u00ed, vodn\u00ed a podzemn\u00ed stavitelstv\u00ed<\/strong><\/p>\n<ul>\n<li>Dokumentace silnic, d\u00e1lnic, tunel\u016f, most\u016f,&#8230;<\/li>\n<li>Dokumentace \u017eelezni\u010dn\u00edch za\u0159\u00edzen\u00ed a objekt\u016f<\/li>\n<li>Dokumentace p\u0159ehradn\u00edch hr\u00e1z\u00ed<\/li>\n<li>Dokumentace \u0161tol<\/li>\n<\/ul>\n<p>&nbsp;<\/p>\n<p><strong>Pam\u00e1tky a archeologie<\/strong><\/p>\n<ul>\n<li>Dokumentace historick\u00fdch staveb<\/li>\n<li>Dokumentace technick\u00fdch pam\u00e1tek<\/li>\n<li>Dokumentace objekt\u016f archeologick\u00fdch nalezi\u0161\u0165<\/li>\n<\/ul>\n<p>&nbsp;<\/p>\n<p><strong>Monitoring a anal\u00fdza<\/strong><\/p>\n<ul>\n<li>Etapov\u00e1 m\u011b\u0159en\u00ed posun\u016f a deformac\u00ed stavebn\u00edch objekt\u016f<\/li>\n<li>M\u011b\u0159en\u00ed pohyb\u016f skaln\u00edch mas<\/li>\n<li>Monitoring objekt\u016f a okol\u00ed p\u0159i stavebn\u00ed nebo d\u016fln\u00ed \u010dinnosti<\/li>\n<li>M\u011b\u0159en\u00ed a anal\u00fdza projektovan\u00e9ho a realizovan\u00e9ho stavu objektu<\/li>\n<\/ul>\n<p>&nbsp;<\/p>\n<p><strong>Lesnictv\u00ed<\/strong><\/p>\n<ul>\n<li>Inventarizace lesa<\/li>\n<li>Dokumentace solit\u00e9rn\u00edch pam\u00e1tn\u00fdch strom\u016f<\/li>\n<\/ul>\n<p>&nbsp;<\/p>\n<p><strong>Pr\u016fmysl a stroj\u00edrenstv\u00ed<\/strong><\/p>\n<ul>\n<li>Dokumentace potrubn\u00edch syst\u00e9m\u016f<\/li>\n<li>M\u011b\u0159en\u00ed kubatur skl\u00e1dek materi\u00e1l\u016f<\/li>\n<li>M\u011b\u0159en\u00ed kubatur povrchov\u00fdch lom\u016f<\/li>\n<li>Dokumentace pr\u016fmyslov\u00fdch stroj\u016f a za\u0159\u00edzen\u00ed<\/li>\n<li>Reverzn\u00ed in\u017een\u00fdrstv\u00ed v\u011bt\u0161\u00edch za\u0159\u00edzen\u00ed<\/li>\n<li>Dokumentace interi\u00e9r\u016f<\/li>\n<li>Dokumentace za\u0159\u00edzen\u00ed v energetick\u00e9m pr\u016fmyslu<\/li>\n<\/ul>\n<p>&nbsp;<\/p>\n<p><strong>Virtu\u00e1ln\u00ed sv\u011bty<\/strong><\/p>\n<ul>\n<li>Tvorba 3D model\u016f pro vizualizace<\/li>\n<li>Dokumentace skute\u010dnosti pro tvorbu virtu\u00e1ln\u00edch realit<\/li>\n<li>Tvorba podklad\u016f pro animace<\/li>\n<li>Tvorba podklad\u016f pro po\u010d\u00edta\u010dov\u00e9 hry<\/li>\n<li>Tvorba podklad\u016f pro filmov\u00fd pr\u016fmysl<\/li>\n<\/ul>\n<p>&nbsp;<\/p>\n<p><strong>Dal\u0161\u00ed mo\u017enosti vyu\u017eit\u00ed TLS<\/strong><\/p>\n<ul>\n<li>Dokumentace stavebn\u00edch objekt\u016f pro realitn\u00ed kancel\u00e1\u0159e<\/li>\n<li>Dokumentace pro soudn\u00ed znalectv\u00ed<\/li>\n<li>Dokumentace pro poji\u0161\u0165ovnick\u00e9 instituty<\/li>\n<li>Pasport a sb\u011br podklad\u016f stavebn\u00edch objekt\u016f pro facility management<\/li>\n<li>Dokumentace jeskyn\u00ed<\/li>\n<li>Pasport h\u0159bitov\u016f<\/li>\n<\/ul>\n<p>&nbsp;<\/p>\n<p><strong>Mo\u017enosti v\u00fdstup\u016f dat laserov\u00e9ho skenov\u00e1n\u00ed<\/strong><\/p>\n<ul>\n<li>3D bodov\u00e9 mra\u010dno \u201eobarven\u00e9\u201c intenzitou odrazu laserov\u00e9ho paprsku<\/li>\n<li>3D bodov\u00e9 mra\u010dno s RGB kan\u00e1ly z\u00edskan\u00e9 extern\u00ed \/ intern\u00ed kamerou<\/li>\n<li>Prostorov\u00e9 parametry za\u0159\u00edzen\u00ed\/objektu ur\u010den\u00e9 z bodov\u00e9ho mra\u010dna<\/li>\n<li>2D vektorov\u00e1 kresba<\/li>\n<li>3D vektorov\u00e1 kresba (dr\u00e1tov\u00fd model)<\/li>\n<li>3D st\u00ednovateln\u00fd model<\/li>\n<li>3D texturovan\u00fd model<\/li>\n<li>Polygonov\u00fd model \/ NURBS model<\/li>\n<\/ul>\n<p>&nbsp;<\/p>\n","protected":false},"excerpt":{"rendered":"<p>Laserov\u00e9 skenov\u00e1n\u00ed &nbsp; Laserov\u00e9 skenovac\u00ed syst\u00e9my umo\u017e\u0148uj\u00ed bezkontaktn\u00ed ur\u010dov\u00e1n\u00ed prostorov\u00fdch sou\u0159adnic, 3D modelov\u00e1n\u00ed, vizualizaci slo\u017eit\u00fdch staveb a konstrukc\u00ed, interi\u00e9r\u016f, podzemn\u00edch prostor, libovoln\u00fdch ter\u00e9n\u016f atp. s\u00a0mimo\u0159\u00e1dnou rychlost\u00ed, p\u0159esnost\u00ed, komplexnost\u00ed a bezpe\u010dnost\u00ed. Nasn\u00edman\u00fd objekt m\u016f\u017ee b\u00fdt pomoc\u00ed softwaru zobrazen ve form\u011b mra\u010den&hellip; <\/p>\n","protected":false},"author":1,"featured_media":0,"parent":0,"menu_order":60,"comment_status":"closed","ping_status":"closed","template":"","meta":{"ngg_post_thumbnail":0,"footnotes":""},"class_list":["post-325","page","type-page","status-publish","hentry"],"_links":{"self":[{"href":"https:\/\/www.gb-geodezie.cz\/index.php?rest_route=\/wp\/v2\/pages\/325"}],"collection":[{"href":"https:\/\/www.gb-geodezie.cz\/index.php?rest_route=\/wp\/v2\/pages"}],"about":[{"href":"https:\/\/www.gb-geodezie.cz\/index.php?rest_route=\/wp\/v2\/types\/page"}],"author":[{"embeddable":true,"href":"https:\/\/www.gb-geodezie.cz\/index.php?rest_route=\/wp\/v2\/users\/1"}],"replies":[{"embeddable":true,"href":"https:\/\/www.gb-geodezie.cz\/index.php?rest_route=%2Fwp%2Fv2%2Fcomments&post=325"}],"version-history":[{"count":22,"href":"https:\/\/www.gb-geodezie.cz\/index.php?rest_route=\/wp\/v2\/pages\/325\/revisions"}],"predecessor-version":[{"id":1167,"href":"https:\/\/www.gb-geodezie.cz\/index.php?rest_route=\/wp\/v2\/pages\/325\/revisions\/1167"}],"wp:attachment":[{"href":"https:\/\/www.gb-geodezie.cz\/index.php?rest_route=%2Fwp%2Fv2%2Fmedia&parent=325"}],"curies":[{"name":"wp","href":"https:\/\/api.w.org\/{rel}","templated":true}]}}