
{"id":319,"date":"2016-01-26T19:04:51","date_gmt":"2016-01-26T18:04:51","guid":{"rendered":"http:\/\/10.10.20.35\/?page_id=319"},"modified":"2022-02-03T21:50:52","modified_gmt":"2022-02-03T20:50:52","slug":"katastr-nemovitosti","status":"publish","type":"page","link":"https:\/\/www.gb-geodezie.cz\/?page_id=319","title":{"rendered":"Katastr nemovitost\u00ed"},"content":{"rendered":"<h5>Katastr nemovitost\u00ed<img loading=\"lazy\" decoding=\"async\" class=\"size-full wp-image-331 alignright\" src=\"http:\/\/www.gb-geodezie.cz\/wp-content\/uploads\/2016\/01\/katastr-nemovitosti.png\" alt=\"katastr-nemovitosti\" width=\"300\" height=\"195\" \/><\/h5>\n<p>Pot\u0159ebujete vyty\u010dit hranice pozemk\u016f? Zpracovat geometrick\u00fd pl\u00e1n? Vytvo\u0159it vlastnickou mapu \u010di z\u00e1borov\u00fd pl\u00e1n? Pak se na n\u00e1s bez obav obra\u0165te.<\/p>\n<ul>\n<li>na zak\u00e1zk\u00e1ch pro V\u00e1s budou pracovat odborn\u00edci s dlouholet\u00fdmi zku\u0161enostmi<\/li>\n<li>v\u0161echny pr\u00e1ce v\u017edy kontroluje a ov\u011b\u0159uje \u00fa\u0159edn\u011b opr\u00e1vn\u011bn\u00fd zem\u011bm\u011b\u0159ick\u00fd in\u017een\u00fdr<\/li>\n<li>zak\u00e1zky jsou v\u017edy zpracov\u00e1ny podle platn\u00fdch z\u00e1kon\u016f a vyhl\u00e1\u0161ek v katastru nemovitost\u00ed<\/li>\n<\/ul>\n<p><strong>Jednotliv\u00e9 odd\u00edly katastru nemovitost\u00ed:<\/strong><\/p>\n<ul>\n<li><a title=\"\" href=\"http:\/\/www.gb-geodezie.cz\/?page_id=333\"><u>geometrick\u00e9 pl\u00e1ny a vyt\u00fd\u010den\u00ed hranic<\/u><\/a><\/li>\n<li><a title=\"\" href=\"http:\/\/www.gb-geodezie.cz\/?page_id=338\"><u>kompletn\u00ed geodetick\u00e9 pr\u00e1ce p\u0159i v\u00fdstavb\u011b<\/u><\/a><\/li>\n<li><a title=\"\" href=\"http:\/\/www.gb-geodezie.cz\/?page_id=341\"><u>vlastnick\u00e9 mapy a p\u0159ehled vlastnictv\u00ed<\/u><\/a><\/li>\n<li><a title=\"\" href=\"http:\/\/www.gb-geodezie.cz\/?page_id=343\"><u>\u00fa\u010delov\u00e9 katastr\u00e1ln\u00ed mapy \u2013 \u00daKM<\/u><\/a><\/li>\n<li><a title=\"\" href=\"http:\/\/www.gb-geodezie.cz\/?page_id=345\"><u>obnova katastr\u00e1ln\u00edho oper\u00e1tu- DKM, KMD<\/u><\/a><\/li>\n<li><a title=\"\" href=\"http:\/\/www.gb-geodezie.cz\/?page_id=347\"><u>z\u00e1borov\u00e9 elabor\u00e1ty<\/u><\/a><\/li>\n<li><a title=\"\" href=\"http:\/\/www.gb-geodezie.cz\/?page_id=349\"><u>bodov\u00e1 pole<\/u><\/a><\/li>\n<\/ul>\n","protected":false},"excerpt":{"rendered":"<p>Katastr nemovitost\u00ed Pot\u0159ebujete vyty\u010dit hranice pozemk\u016f? Zpracovat geometrick\u00fd pl\u00e1n? Vytvo\u0159it vlastnickou mapu \u010di z\u00e1borov\u00fd pl\u00e1n? Pak se na n\u00e1s bez obav obra\u0165te. na zak\u00e1zk\u00e1ch pro V\u00e1s budou pracovat odborn\u00edci s dlouholet\u00fdmi zku\u0161enostmi v\u0161echny pr\u00e1ce v\u017edy kontroluje a ov\u011b\u0159uje \u00fa\u0159edn\u011b opr\u00e1vn\u011bn\u00fd&hellip; <\/p>\n","protected":false},"author":1,"featured_media":0,"parent":0,"menu_order":30,"comment_status":"closed","ping_status":"closed","template":"","meta":{"ngg_post_thumbnail":0,"footnotes":""},"class_list":["post-319","page","type-page","status-publish","hentry"],"_links":{"self":[{"href":"https:\/\/www.gb-geodezie.cz\/index.php?rest_route=\/wp\/v2\/pages\/319"}],"collection":[{"href":"https:\/\/www.gb-geodezie.cz\/index.php?rest_route=\/wp\/v2\/pages"}],"about":[{"href":"https:\/\/www.gb-geodezie.cz\/index.php?rest_route=\/wp\/v2\/types\/page"}],"author":[{"embeddable":true,"href":"https:\/\/www.gb-geodezie.cz\/index.php?rest_route=\/wp\/v2\/users\/1"}],"replies":[{"embeddable":true,"href":"https:\/\/www.gb-geodezie.cz\/index.php?rest_route=%2Fwp%2Fv2%2Fcomments&post=319"}],"version-history":[{"count":10,"href":"https:\/\/www.gb-geodezie.cz\/index.php?rest_route=\/wp\/v2\/pages\/319\/revisions"}],"predecessor-version":[{"id":1535,"href":"https:\/\/www.gb-geodezie.cz\/index.php?rest_route=\/wp\/v2\/pages\/319\/revisions\/1535"}],"wp:attachment":[{"href":"https:\/\/www.gb-geodezie.cz\/index.php?rest_route=%2Fwp%2Fv2%2Fmedia&parent=319"}],"curies":[{"name":"wp","href":"https:\/\/api.w.org\/{rel}","templated":true}]}}