
{"id":317,"date":"2016-01-26T19:02:25","date_gmt":"2016-01-26T18:02:25","guid":{"rendered":"http:\/\/10.10.20.35\/?page_id=317"},"modified":"2022-02-03T21:44:41","modified_gmt":"2022-02-03T20:44:41","slug":"geodezie","status":"publish","type":"page","link":"https:\/\/www.gb-geodezie.cz\/?page_id=317","title":{"rendered":"Geodezie"},"content":{"rendered":"<h5>Geod\u00e9zie<\/h5>\n<h5>&nbsp;<\/h5>\n<p>Zajist\u00edme pro v\u00e1s komplexn\u00ed geodetick\u00e9 pr\u00e1ce. Poskytujeme \u0161irok\u00e9 spektrum slu\u017eeb v oblasti geod\u00e9zie, kartografie a katastru nemovitost\u00ed a to od zam\u011b\u0159en\u00ed skute\u010dn\u00e9ho proveden\u00ed staveb p\u0159es in\u017een\u00fdrskou geod\u00e9zii, tvorbu map a mapov\u00fdch podklad\u016f, pl\u00e1n\u016f z\u00e1vod\u016f, pl\u00e1n\u016f m\u011bst a obc\u00ed, vektorizace a digitalizace a\u017e po zpracov\u00e1n\u00ed dat pro GIS a projektov\u00e1n\u00ed komplexn\u00edch pozemkov\u00fdch \u00faprav.<\/p>\n<p><img loading=\"lazy\" decoding=\"async\" class=\"size-medium wp-image-363 alignright\" src=\"http:\/\/www.gb-geodezie.cz\/wp-content\/uploads\/2016\/01\/geodezie-300x250.png\" alt=\"geodezie\" width=\"300\" height=\"250\"><br \/>\nGB-geodezie dnes p\u0159edstavuje jednu z nejsiln\u011bj\u0161\u00edch geodetick\u00fdch firem v r\u00e1mci \u010cesk\u00e9 Republiky. V\u00edce ne\u017e 50 geodet\u016f vybaven\u00fdch \u0161pi\u010dkovou technikou je denn\u011b p\u0159ipraveno plnit nejn\u00e1ro\u010dn\u011bj\u0161\u00ed po\u017eadavky z\u00e1kazn\u00edk\u016f u n\u00e1s i v zahrani\u010d\u00ed. V oblasti geod\u00e9zie nab\u00edz\u00edme kompletn\u00ed spektrum slu\u017eeb v n\u00e1sleduj\u00edc\u00edch oblastech:<\/p>\n<p>&nbsp;<\/p>\n<ul>\n<li><a title=\"\" href=\"http:\/\/www.gb-geodezie.cz\/?page_id=354\"><u>in\u017een\u00fdrsk\u00e1 geod\u00e9zie<\/u><\/a><\/li>\n<li><a title=\"\" href=\"http:\/\/www.gb-geodezie.cz\/?page_id=356\"><u>mapov\u00e9 podklady<\/u><\/a><\/li>\n<li><a title=\"\" href=\"http:\/\/www.gb-geodezie.cz\/?page_id=365\"><u>zam\u011b\u0159en\u00ed skute\u010dn\u00e9ho proveden\u00ed<\/u><\/a><\/li>\n<li><a title=\"\" href=\"http:\/\/www.gb-geodezie.cz\/?page_id=370\"><u>digitalizace<\/u><\/a><\/li>\n<li><a title=\"\" href=\"http:\/\/www.gb-geodezie.cz\/?page_id=373\"><u>skenov\u00e1n\u00ed, kop\u00edrov\u00e1n\u00ed a plotrov\u00e1n\u00ed<\/u><\/a><\/li>\n<li>monitoring a pr\u016fmyslov\u00e1 m\u011b\u0159en\u00ed<\/li>\n<\/ul>\n<p>&nbsp;<\/p>\n<p>\n<div class=\"ngg-galleryoverview ngg-slideshow\"\n\tid=\"ngg-slideshow-3d37b7ef7164eadad23ab30da0b21466-795384480\"\n\tdata-gallery-id=\"3d37b7ef7164eadad23ab30da0b21466\"\n\tstyle=\"max-width: 650px;\n\t\t\tmax-height: 400px;\n\t\t\tdisplay: none;\">\n\n\t\n\t\t<a href=\"https:\/\/www.gb-geodezie.cz\/wp-content\/gallery\/geodezie_1\/2012-02-27-13.56.30.jpg\"\n\t\t\ttitle=\"\"\n\t\t\tdata-src=\"https:\/\/www.gb-geodezie.cz\/wp-content\/gallery\/geodezie_1\/2012-02-27-13.56.30.jpg\"\n\t\t\tdata-thumbnail=\"https:\/\/www.gb-geodezie.cz\/wp-content\/gallery\/geodezie_1\/thumbs\/thumbs_2012-02-27-13.56.30.jpg\"\n\t\t\tdata-image-id=\"15\"\n\t\t\tdata-title=\"2012-02-27 13.56.30\"\n\t\t\tdata-description=\"\"\n\t\t\t\t\t\t\t\t\t\t\t\t\t\t\tclass=\"shutterset_3d37b7ef7164eadad23ab30da0b21466\">\n\t\t\t\n\t\t\t<img data-image-id='15'\n\t\t\t\ttitle=\"\"\n\t\t\t\talt=\"2012-02-27 13.56.30\"\n\t\t\t\tsrc=\"https:\/\/www.gb-geodezie.cz\/wp-content\/gallery\/geodezie_1\/2012-02-27-13.56.30.jpg\"\n\t\t\t\tstyle=\"max-height: 380px;\"\/>\n\t\t<\/a>\n\n\t\t\n\t\t<a href=\"https:\/\/www.gb-geodezie.cz\/wp-content\/gallery\/geodezie_1\/2012-10-30-10.01.48.jpg\"\n\t\t\ttitle=\"\"\n\t\t\tdata-src=\"https:\/\/www.gb-geodezie.cz\/wp-content\/gallery\/geodezie_1\/2012-10-30-10.01.48.jpg\"\n\t\t\tdata-thumbnail=\"https:\/\/www.gb-geodezie.cz\/wp-content\/gallery\/geodezie_1\/thumbs\/thumbs_2012-10-30-10.01.48.jpg\"\n\t\t\tdata-image-id=\"16\"\n\t\t\tdata-title=\"2012-10-30 10.01.48\"\n\t\t\tdata-description=\"\"\n\t\t\t\t\t\t\t\t\t\t\t\t\t\t\tclass=\"shutterset_3d37b7ef7164eadad23ab30da0b21466\">\n\t\t\t\n\t\t\t<img data-image-id='16'\n\t\t\t\ttitle=\"\"\n\t\t\t\talt=\"2012-10-30 10.01.48\"\n\t\t\t\tsrc=\"https:\/\/www.gb-geodezie.cz\/wp-content\/gallery\/geodezie_1\/2012-10-30-10.01.48.jpg\"\n\t\t\t\tstyle=\"max-height: 380px;\"\/>\n\t\t<\/a>\n\n\t\t\n\t\t<a href=\"https:\/\/www.gb-geodezie.cz\/wp-content\/gallery\/geodezie_1\/2013-05-01-11.49.38.jpg\"\n\t\t\ttitle=\"\"\n\t\t\tdata-src=\"https:\/\/www.gb-geodezie.cz\/wp-content\/gallery\/geodezie_1\/2013-05-01-11.49.38.jpg\"\n\t\t\tdata-thumbnail=\"https:\/\/www.gb-geodezie.cz\/wp-content\/gallery\/geodezie_1\/thumbs\/thumbs_2013-05-01-11.49.38.jpg\"\n\t\t\tdata-image-id=\"17\"\n\t\t\tdata-title=\"2013-05-01 11.49.38\"\n\t\t\tdata-description=\"\"\n\t\t\t\t\t\t\t\t\t\t\t\t\t\t\tclass=\"shutterset_3d37b7ef7164eadad23ab30da0b21466\">\n\t\t\t\n\t\t\t<img data-image-id='17'\n\t\t\t\ttitle=\"\"\n\t\t\t\talt=\"2013-05-01 11.49.38\"\n\t\t\t\tsrc=\"https:\/\/www.gb-geodezie.cz\/wp-content\/gallery\/geodezie_1\/2013-05-01-11.49.38.jpg\"\n\t\t\t\tstyle=\"max-height: 380px;\"\/>\n\t\t<\/a>\n\n\t\t\n\t\t<a href=\"https:\/\/www.gb-geodezie.cz\/wp-content\/gallery\/geodezie_1\/2013-07-12-11.21.29.jpg\"\n\t\t\ttitle=\"\"\n\t\t\tdata-src=\"https:\/\/www.gb-geodezie.cz\/wp-content\/gallery\/geodezie_1\/2013-07-12-11.21.29.jpg\"\n\t\t\tdata-thumbnail=\"https:\/\/www.gb-geodezie.cz\/wp-content\/gallery\/geodezie_1\/thumbs\/thumbs_2013-07-12-11.21.29.jpg\"\n\t\t\tdata-image-id=\"18\"\n\t\t\tdata-title=\"2013-07-12 11.21.29\"\n\t\t\tdata-description=\"\"\n\t\t\t\t\t\t\t\t\t\t\t\t\t\t\tclass=\"shutterset_3d37b7ef7164eadad23ab30da0b21466\">\n\t\t\t\n\t\t\t<img data-image-id='18'\n\t\t\t\ttitle=\"\"\n\t\t\t\talt=\"2013-07-12 11.21.29\"\n\t\t\t\tsrc=\"https:\/\/www.gb-geodezie.cz\/wp-content\/gallery\/geodezie_1\/2013-07-12-11.21.29.jpg\"\n\t\t\t\tstyle=\"max-height: 380px;\"\/>\n\t\t<\/a>\n\n\t\t\n\t\t<a href=\"https:\/\/www.gb-geodezie.cz\/wp-content\/gallery\/geodezie_1\/2014-10-16-12.56.18.jpg\"\n\t\t\ttitle=\"\"\n\t\t\tdata-src=\"https:\/\/www.gb-geodezie.cz\/wp-content\/gallery\/geodezie_1\/2014-10-16-12.56.18.jpg\"\n\t\t\tdata-thumbnail=\"https:\/\/www.gb-geodezie.cz\/wp-content\/gallery\/geodezie_1\/thumbs\/thumbs_2014-10-16-12.56.18.jpg\"\n\t\t\tdata-image-id=\"19\"\n\t\t\tdata-title=\"2014-10-16 12.56.18\"\n\t\t\tdata-description=\"\"\n\t\t\t\t\t\t\t\t\t\t\t\t\t\t\tclass=\"shutterset_3d37b7ef7164eadad23ab30da0b21466\">\n\t\t\t\n\t\t\t<img data-image-id='19'\n\t\t\t\ttitle=\"\"\n\t\t\t\talt=\"2014-10-16 12.56.18\"\n\t\t\t\tsrc=\"https:\/\/www.gb-geodezie.cz\/wp-content\/gallery\/geodezie_1\/2014-10-16-12.56.18.jpg\"\n\t\t\t\tstyle=\"max-height: 380px;\"\/>\n\t\t<\/a>\n\n\t\t\n\t\t<a href=\"https:\/\/www.gb-geodezie.cz\/wp-content\/gallery\/geodezie_1\/01082007426.jpg\"\n\t\t\ttitle=\"\"\n\t\t\tdata-src=\"https:\/\/www.gb-geodezie.cz\/wp-content\/gallery\/geodezie_1\/01082007426.jpg\"\n\t\t\tdata-thumbnail=\"https:\/\/www.gb-geodezie.cz\/wp-content\/gallery\/geodezie_1\/thumbs\/thumbs_01082007426.jpg\"\n\t\t\tdata-image-id=\"20\"\n\t\t\tdata-title=\"01082007426\"\n\t\t\tdata-description=\"\"\n\t\t\t\t\t\t\t\t\t\t\t\t\t\t\tclass=\"shutterset_3d37b7ef7164eadad23ab30da0b21466\">\n\t\t\t\n\t\t\t<img data-image-id='20'\n\t\t\t\ttitle=\"\"\n\t\t\t\talt=\"01082007426\"\n\t\t\t\tsrc=\"https:\/\/www.gb-geodezie.cz\/wp-content\/gallery\/geodezie_1\/01082007426.jpg\"\n\t\t\t\tstyle=\"max-height: 380px;\"\/>\n\t\t<\/a>\n\n\t\t\n\t\t<a href=\"https:\/\/www.gb-geodezie.cz\/wp-content\/gallery\/geodezie_1\/26082011219.jpg\"\n\t\t\ttitle=\"\"\n\t\t\tdata-src=\"https:\/\/www.gb-geodezie.cz\/wp-content\/gallery\/geodezie_1\/26082011219.jpg\"\n\t\t\tdata-thumbnail=\"https:\/\/www.gb-geodezie.cz\/wp-content\/gallery\/geodezie_1\/thumbs\/thumbs_26082011219.jpg\"\n\t\t\tdata-image-id=\"21\"\n\t\t\tdata-title=\"26082011219\"\n\t\t\tdata-description=\"\"\n\t\t\t\t\t\t\t\t\t\t\t\t\t\t\tclass=\"shutterset_3d37b7ef7164eadad23ab30da0b21466\">\n\t\t\t\n\t\t\t<img data-image-id='21'\n\t\t\t\ttitle=\"\"\n\t\t\t\talt=\"26082011219\"\n\t\t\t\tsrc=\"https:\/\/www.gb-geodezie.cz\/wp-content\/gallery\/geodezie_1\/26082011219.jpg\"\n\t\t\t\tstyle=\"max-height: 380px;\"\/>\n\t\t<\/a>\n\n\t\t\n\t\t<a href=\"https:\/\/www.gb-geodezie.cz\/wp-content\/gallery\/geodezie_1\/DSC00113.JPG\"\n\t\t\ttitle=\"\"\n\t\t\tdata-src=\"https:\/\/www.gb-geodezie.cz\/wp-content\/gallery\/geodezie_1\/DSC00113.JPG\"\n\t\t\tdata-thumbnail=\"https:\/\/www.gb-geodezie.cz\/wp-content\/gallery\/geodezie_1\/thumbs\/thumbs_DSC00113.JPG\"\n\t\t\tdata-image-id=\"22\"\n\t\t\tdata-title=\"DSC00113\"\n\t\t\tdata-description=\"\"\n\t\t\t\t\t\t\t\t\t\t\t\t\t\t\tclass=\"shutterset_3d37b7ef7164eadad23ab30da0b21466\">\n\t\t\t\n\t\t\t<img data-image-id='22'\n\t\t\t\ttitle=\"\"\n\t\t\t\talt=\"DSC00113\"\n\t\t\t\tsrc=\"https:\/\/www.gb-geodezie.cz\/wp-content\/gallery\/geodezie_1\/DSC00113.JPG\"\n\t\t\t\tstyle=\"max-height: 380px;\"\/>\n\t\t<\/a>\n\n\t\t\n\t\t<a href=\"https:\/\/www.gb-geodezie.cz\/wp-content\/gallery\/geodezie_1\/P5133410.JPG\"\n\t\t\ttitle=\"OLYMPUS DIGITAL CAMERA\"\n\t\t\tdata-src=\"https:\/\/www.gb-geodezie.cz\/wp-content\/gallery\/geodezie_1\/P5133410.JPG\"\n\t\t\tdata-thumbnail=\"https:\/\/www.gb-geodezie.cz\/wp-content\/gallery\/geodezie_1\/thumbs\/thumbs_P5133410.JPG\"\n\t\t\tdata-image-id=\"23\"\n\t\t\tdata-title=\"OLYMPUS DIGITAL CAMERA\"\n\t\t\tdata-description=\"OLYMPUS DIGITAL CAMERA\"\n\t\t\t\t\t\t\t\t\t\t\t\t\t\t\tclass=\"shutterset_3d37b7ef7164eadad23ab30da0b21466\">\n\t\t\t\n\t\t\t<img data-image-id='23'\n\t\t\t\ttitle=\"OLYMPUS DIGITAL CAMERA\"\n\t\t\t\talt=\"OLYMPUS DIGITAL CAMERA\"\n\t\t\t\tsrc=\"https:\/\/www.gb-geodezie.cz\/wp-content\/gallery\/geodezie_1\/P5133410.JPG\"\n\t\t\t\tstyle=\"max-height: 380px;\"\/>\n\t\t<\/a>\n\n\t\t\n\t\t<a href=\"https:\/\/www.gb-geodezie.cz\/wp-content\/gallery\/geodezie_1\/P5163783.JPG\"\n\t\t\ttitle=\"OLYMPUS DIGITAL CAMERA\"\n\t\t\tdata-src=\"https:\/\/www.gb-geodezie.cz\/wp-content\/gallery\/geodezie_1\/P5163783.JPG\"\n\t\t\tdata-thumbnail=\"https:\/\/www.gb-geodezie.cz\/wp-content\/gallery\/geodezie_1\/thumbs\/thumbs_P5163783.JPG\"\n\t\t\tdata-image-id=\"24\"\n\t\t\tdata-title=\"OLYMPUS DIGITAL CAMERA\"\n\t\t\tdata-description=\"OLYMPUS DIGITAL CAMERA\"\n\t\t\t\t\t\t\t\t\t\t\t\t\t\t\tclass=\"shutterset_3d37b7ef7164eadad23ab30da0b21466\">\n\t\t\t\n\t\t\t<img data-image-id='24'\n\t\t\t\ttitle=\"OLYMPUS DIGITAL CAMERA\"\n\t\t\t\talt=\"OLYMPUS DIGITAL CAMERA\"\n\t\t\t\tsrc=\"https:\/\/www.gb-geodezie.cz\/wp-content\/gallery\/geodezie_1\/P5163783.JPG\"\n\t\t\t\tstyle=\"max-height: 380px;\"\/>\n\t\t<\/a>\n\n\t\t\n\t\t<a href=\"https:\/\/www.gb-geodezie.cz\/wp-content\/gallery\/geodezie_1\/P9041896.JPG\"\n\t\t\ttitle=\"\"\n\t\t\tdata-src=\"https:\/\/www.gb-geodezie.cz\/wp-content\/gallery\/geodezie_1\/P9041896.JPG\"\n\t\t\tdata-thumbnail=\"https:\/\/www.gb-geodezie.cz\/wp-content\/gallery\/geodezie_1\/thumbs\/thumbs_P9041896.JPG\"\n\t\t\tdata-image-id=\"25\"\n\t\t\tdata-title=\"OLYMPUS DIGITAL CAMERA\"\n\t\t\tdata-description=\"\"\n\t\t\t\t\t\t\t\t\t\t\t\t\t\t\tclass=\"shutterset_3d37b7ef7164eadad23ab30da0b21466\">\n\t\t\t\n\t\t\t<img data-image-id='25'\n\t\t\t\ttitle=\"\"\n\t\t\t\talt=\"OLYMPUS DIGITAL CAMERA\"\n\t\t\t\tsrc=\"https:\/\/www.gb-geodezie.cz\/wp-content\/gallery\/geodezie_1\/P9041896.JPG\"\n\t\t\t\tstyle=\"max-height: 380px;\"\/>\n\t\t<\/a>\n\n\t\t\n\t\t<a href=\"https:\/\/www.gb-geodezie.cz\/wp-content\/gallery\/geodezie_1\/P9192243.JPG\"\n\t\t\ttitle=\"OLYMPUS DIGITAL CAMERA\"\n\t\t\tdata-src=\"https:\/\/www.gb-geodezie.cz\/wp-content\/gallery\/geodezie_1\/P9192243.JPG\"\n\t\t\tdata-thumbnail=\"https:\/\/www.gb-geodezie.cz\/wp-content\/gallery\/geodezie_1\/thumbs\/thumbs_P9192243.JPG\"\n\t\t\tdata-image-id=\"26\"\n\t\t\tdata-title=\"OLYMPUS DIGITAL CAMERA\"\n\t\t\tdata-description=\"OLYMPUS DIGITAL CAMERA\"\n\t\t\t\t\t\t\t\t\t\t\t\t\t\t\tclass=\"shutterset_3d37b7ef7164eadad23ab30da0b21466\">\n\t\t\t\n\t\t\t<img data-image-id='26'\n\t\t\t\ttitle=\"OLYMPUS DIGITAL CAMERA\"\n\t\t\t\talt=\"OLYMPUS DIGITAL CAMERA\"\n\t\t\t\tsrc=\"https:\/\/www.gb-geodezie.cz\/wp-content\/gallery\/geodezie_1\/P9192243.JPG\"\n\t\t\t\tstyle=\"max-height: 380px;\"\/>\n\t\t<\/a>\n\n\t\t\n\t\t<a href=\"https:\/\/www.gb-geodezie.cz\/wp-content\/gallery\/geodezie_1\/PP0997_1.jpg\"\n\t\t\ttitle=\"\"\n\t\t\tdata-src=\"https:\/\/www.gb-geodezie.cz\/wp-content\/gallery\/geodezie_1\/PP0997_1.jpg\"\n\t\t\tdata-thumbnail=\"https:\/\/www.gb-geodezie.cz\/wp-content\/gallery\/geodezie_1\/thumbs\/thumbs_PP0997_1.jpg\"\n\t\t\tdata-image-id=\"27\"\n\t\t\tdata-title=\"PP0997_1\"\n\t\t\tdata-description=\"\"\n\t\t\t\t\t\t\t\t\t\t\t\t\t\t\tclass=\"shutterset_3d37b7ef7164eadad23ab30da0b21466\">\n\t\t\t\n\t\t\t<img data-image-id='27'\n\t\t\t\ttitle=\"\"\n\t\t\t\talt=\"PP0997_1\"\n\t\t\t\tsrc=\"https:\/\/www.gb-geodezie.cz\/wp-content\/gallery\/geodezie_1\/PP0997_1.jpg\"\n\t\t\t\tstyle=\"max-height: 380px;\"\/>\n\t\t<\/a>\n\n\t\t\n\t\t<a href=\"https:\/\/www.gb-geodezie.cz\/wp-content\/gallery\/geodezie_1\/VeFabrice2.jpg\"\n\t\t\ttitle=\"\"\n\t\t\tdata-src=\"https:\/\/www.gb-geodezie.cz\/wp-content\/gallery\/geodezie_1\/VeFabrice2.jpg\"\n\t\t\tdata-thumbnail=\"https:\/\/www.gb-geodezie.cz\/wp-content\/gallery\/geodezie_1\/thumbs\/thumbs_VeFabrice2.jpg\"\n\t\t\tdata-image-id=\"28\"\n\t\t\tdata-title=\"VeFabrice2\"\n\t\t\tdata-description=\"\"\n\t\t\t\t\t\t\t\t\t\t\t\t\t\t\tclass=\"shutterset_3d37b7ef7164eadad23ab30da0b21466\">\n\t\t\t\n\t\t\t<img data-image-id='28'\n\t\t\t\ttitle=\"\"\n\t\t\t\talt=\"VeFabrice2\"\n\t\t\t\tsrc=\"https:\/\/www.gb-geodezie.cz\/wp-content\/gallery\/geodezie_1\/VeFabrice2.jpg\"\n\t\t\t\tstyle=\"max-height: 380px;\"\/>\n\t\t<\/a>\n\n\t\t<\/div>\n\n\n<\/p>\n","protected":false},"excerpt":{"rendered":"<p>Geod\u00e9zie &nbsp; Zajist\u00edme pro v\u00e1s komplexn\u00ed geodetick\u00e9 pr\u00e1ce. Poskytujeme \u0161irok\u00e9 spektrum slu\u017eeb v oblasti geod\u00e9zie, kartografie a katastru nemovitost\u00ed a to od zam\u011b\u0159en\u00ed skute\u010dn\u00e9ho proveden\u00ed staveb p\u0159es in\u017een\u00fdrskou geod\u00e9zii, tvorbu map a mapov\u00fdch podklad\u016f, pl\u00e1n\u016f z\u00e1vod\u016f, pl\u00e1n\u016f m\u011bst a obc\u00ed,&hellip; <\/p>\n","protected":false},"author":1,"featured_media":0,"parent":0,"menu_order":20,"comment_status":"closed","ping_status":"closed","template":"","meta":{"ngg_post_thumbnail":0,"footnotes":""},"class_list":["post-317","page","type-page","status-publish","hentry"],"_links":{"self":[{"href":"https:\/\/www.gb-geodezie.cz\/index.php?rest_route=\/wp\/v2\/pages\/317"}],"collection":[{"href":"https:\/\/www.gb-geodezie.cz\/index.php?rest_route=\/wp\/v2\/pages"}],"about":[{"href":"https:\/\/www.gb-geodezie.cz\/index.php?rest_route=\/wp\/v2\/types\/page"}],"author":[{"embeddable":true,"href":"https:\/\/www.gb-geodezie.cz\/index.php?rest_route=\/wp\/v2\/users\/1"}],"replies":[{"embeddable":true,"href":"https:\/\/www.gb-geodezie.cz\/index.php?rest_route=%2Fwp%2Fv2%2Fcomments&post=317"}],"version-history":[{"count":21,"href":"https:\/\/www.gb-geodezie.cz\/index.php?rest_route=\/wp\/v2\/pages\/317\/revisions"}],"predecessor-version":[{"id":1529,"href":"https:\/\/www.gb-geodezie.cz\/index.php?rest_route=\/wp\/v2\/pages\/317\/revisions\/1529"}],"wp:attachment":[{"href":"https:\/\/www.gb-geodezie.cz\/index.php?rest_route=%2Fwp%2Fv2%2Fmedia&parent=317"}],"curies":[{"name":"wp","href":"https:\/\/api.w.org\/{rel}","templated":true}]}}