
{"id":300,"date":"2016-01-26T18:36:23","date_gmt":"2016-01-26T17:36:23","guid":{"rendered":"http:\/\/10.10.20.35\/?page_id=300"},"modified":"2022-02-03T21:59:33","modified_gmt":"2022-02-03T20:59:33","slug":"realizacni-prace","status":"publish","type":"page","link":"https:\/\/www.gb-geodezie.cz\/?page_id=300","title":{"rendered":"Realiza\u010dn\u00ed pr\u00e1ce"},"content":{"rendered":"<p><strong><a href=\"http:\/\/www.gb-geodezie.cz\/?page_id=215\">Pozemkov\u00e9 \u00fapravy<\/a><strong>\u00a0<\/strong><span style=\"font-size: small;\">\u00bb <\/span>Realiza\u010dn\u00ed pr\u00e1ce<\/strong><\/p>\n<p>Po dokon\u010den\u00ed pozemkov\u00fdch \u00faprav doch\u00e1z\u00ed k postupn\u00e9 realizaci n\u011bkter\u00fdch spole\u010dn\u00fdch za\u0159\u00edzen\u00ed.<\/p>\n<p>P\u0159i pozemkov\u00e9 \u00faprav\u011b jsou v sou\u010dinnosti se sborem z\u00e1stupc\u016f stanoveny priority v r\u00e1mci spole\u010dn\u00fdch za\u0159\u00edzen\u00ed. N\u00e1sledn\u011b je zpracov\u00e1n realiza\u010dn\u00ed projekt a doch\u00e1z\u00ed k realizaci prvku spole\u010dn\u00fdch za\u0159\u00edzen\u00ed.<\/p>\n","protected":false},"excerpt":{"rendered":"<p>Pozemkov\u00e9 \u00fapravy\u00a0\u00bb Realiza\u010dn\u00ed pr\u00e1ce Po dokon\u010den\u00ed pozemkov\u00fdch \u00faprav doch\u00e1z\u00ed k postupn\u00e9 realizaci n\u011bkter\u00fdch spole\u010dn\u00fdch za\u0159\u00edzen\u00ed. P\u0159i pozemkov\u00e9 \u00faprav\u011b jsou v sou\u010dinnosti se sborem z\u00e1stupc\u016f stanoveny priority v r\u00e1mci spole\u010dn\u00fdch za\u0159\u00edzen\u00ed. N\u00e1sledn\u011b je zpracov\u00e1n realiza\u010dn\u00ed projekt a doch\u00e1z\u00ed k realizaci prvku&hellip; <\/p>\n","protected":false},"author":1,"featured_media":0,"parent":215,"menu_order":90,"comment_status":"closed","ping_status":"closed","template":"","meta":{"ngg_post_thumbnail":0,"footnotes":""},"class_list":["post-300","page","type-page","status-publish","hentry"],"_links":{"self":[{"href":"https:\/\/www.gb-geodezie.cz\/index.php?rest_route=\/wp\/v2\/pages\/300"}],"collection":[{"href":"https:\/\/www.gb-geodezie.cz\/index.php?rest_route=\/wp\/v2\/pages"}],"about":[{"href":"https:\/\/www.gb-geodezie.cz\/index.php?rest_route=\/wp\/v2\/types\/page"}],"author":[{"embeddable":true,"href":"https:\/\/www.gb-geodezie.cz\/index.php?rest_route=\/wp\/v2\/users\/1"}],"replies":[{"embeddable":true,"href":"https:\/\/www.gb-geodezie.cz\/index.php?rest_route=%2Fwp%2Fv2%2Fcomments&post=300"}],"version-history":[{"count":4,"href":"https:\/\/www.gb-geodezie.cz\/index.php?rest_route=\/wp\/v2\/pages\/300\/revisions"}],"predecessor-version":[{"id":1545,"href":"https:\/\/www.gb-geodezie.cz\/index.php?rest_route=\/wp\/v2\/pages\/300\/revisions\/1545"}],"up":[{"embeddable":true,"href":"https:\/\/www.gb-geodezie.cz\/index.php?rest_route=\/wp\/v2\/pages\/215"}],"wp:attachment":[{"href":"https:\/\/www.gb-geodezie.cz\/index.php?rest_route=%2Fwp%2Fv2%2Fmedia&parent=300"}],"curies":[{"name":"wp","href":"https:\/\/api.w.org\/{rel}","templated":true}]}}