
{"id":298,"date":"2016-01-26T18:35:19","date_gmt":"2016-01-26T17:35:19","guid":{"rendered":"http:\/\/10.10.20.35\/?page_id=298"},"modified":"2022-02-03T22:00:25","modified_gmt":"2022-02-03T21:00:25","slug":"digitalni-katastralni-mapa","status":"publish","type":"page","link":"https:\/\/www.gb-geodezie.cz\/?page_id=298","title":{"rendered":"Digit\u00e1ln\u00ed katastr\u00e1ln\u00ed mapa"},"content":{"rendered":"<p><strong><a href=\"http:\/\/www.gb-geodezie.cz\/?page_id=215\">Pozemkov\u00e9 \u00fapravy<\/a><strong>\u00a0<\/strong><span style=\"font-size: small;\">\u00bb <\/span>Digit\u00e1ln\u00ed katastr\u00e1ln\u00ed mapa<\/strong><\/p>\n<p>V\u00fdsledkem pozemkov\u00e9 \u00fapravy je digit\u00e1ln\u00ed katastr\u00e1ln\u00ed mapa, kter\u00e1 je po vyd\u00e1n\u00ed v\u0161ech pot\u0159ebn\u00fdch rozhodnut\u00ed zaps\u00e1na do katastru nemovitost\u00ed.<\/p>\n<p>V p\u0159\u00edpad\u011b, \u017ee dojde ke schv\u00e1len\u00ed n\u00e1vrhu pozemkov\u00e9 \u00fapravy (nabude pr\u00e1vn\u00ed moci rozhodnut\u00ed o schv\u00e1len\u00ed n\u00e1vrhu pozemkov\u00e9 \u00fapravy), je zpracov\u00e1n elabor\u00e1t digit\u00e1ln\u00ed katastr\u00e1ln\u00ed mapy. Digit\u00e1ln\u00ed \u010d\u00e1st tohoto elabor\u00e1tu je prakticky v\u00fdsledn\u00fd projekt nov\u00e9ho uspo\u0159\u00e1d\u00e1n\u00ed dopln\u011bn\u00fd o n\u00e1zvoslov\u00ed a dal\u0161\u00ed prvky polohopisu, kter\u00fdmi jsou nap\u0159. osa kolej\u00ed, mosty, osy koryta men\u0161\u00edch tok\u016f, propustky, tunely, k\u0159\u00ed\u017ee, bo\u017e\u00ed muka, vn\u011bj\u0161\u00ed obvody budov ad. D\u00e1le je dopln\u011bn rozsah v\u011bcn\u00fdch b\u0159emen vztahuj\u00edc\u00ed se k \u010d\u00e1sti pozemku. Digit\u00e1ln\u00ed \u010d\u00e1st je p\u0159ed\u00e1na p\u0159\u00edslu\u0161n\u00e9mu katastr\u00e1ln\u00edmu \u00fa\u0159adu ke kontrole ve v\u00fdm\u011bnn\u00e9m form\u00e1tu.<\/p>\n<p>Pap\u00edrov\u00e1 \u010d\u00e1st elabor\u00e1tu obsahuje p\u0159edev\u0161\u00edm tabulky, zjednodu\u0161uj\u00edc\u00ed kontrolu a z\u00e1pis ze strany katastr\u00e1ln\u00edch \u00fa\u0159ad\u016f. N\u00e1le\u017eitostmi mus\u00ed odpov\u00eddat \u00a7 66 katastr\u00e1ln\u00ed vyhl\u00e1\u0161ky \u010d. 26\/2007 Sb.<\/p>\n","protected":false},"excerpt":{"rendered":"<p>Pozemkov\u00e9 \u00fapravy\u00a0\u00bb Digit\u00e1ln\u00ed katastr\u00e1ln\u00ed mapa V\u00fdsledkem pozemkov\u00e9 \u00fapravy je digit\u00e1ln\u00ed katastr\u00e1ln\u00ed mapa, kter\u00e1 je po vyd\u00e1n\u00ed v\u0161ech pot\u0159ebn\u00fdch rozhodnut\u00ed zaps\u00e1na do katastru nemovitost\u00ed. V p\u0159\u00edpad\u011b, \u017ee dojde ke schv\u00e1len\u00ed n\u00e1vrhu pozemkov\u00e9 \u00fapravy (nabude pr\u00e1vn\u00ed moci rozhodnut\u00ed o schv\u00e1len\u00ed n\u00e1vrhu pozemkov\u00e9&hellip; <\/p>\n","protected":false},"author":1,"featured_media":0,"parent":215,"menu_order":89,"comment_status":"closed","ping_status":"closed","template":"","meta":{"ngg_post_thumbnail":0,"footnotes":""},"class_list":["post-298","page","type-page","status-publish","hentry"],"_links":{"self":[{"href":"https:\/\/www.gb-geodezie.cz\/index.php?rest_route=\/wp\/v2\/pages\/298"}],"collection":[{"href":"https:\/\/www.gb-geodezie.cz\/index.php?rest_route=\/wp\/v2\/pages"}],"about":[{"href":"https:\/\/www.gb-geodezie.cz\/index.php?rest_route=\/wp\/v2\/types\/page"}],"author":[{"embeddable":true,"href":"https:\/\/www.gb-geodezie.cz\/index.php?rest_route=\/wp\/v2\/users\/1"}],"replies":[{"embeddable":true,"href":"https:\/\/www.gb-geodezie.cz\/index.php?rest_route=%2Fwp%2Fv2%2Fcomments&post=298"}],"version-history":[{"count":5,"href":"https:\/\/www.gb-geodezie.cz\/index.php?rest_route=\/wp\/v2\/pages\/298\/revisions"}],"predecessor-version":[{"id":1546,"href":"https:\/\/www.gb-geodezie.cz\/index.php?rest_route=\/wp\/v2\/pages\/298\/revisions\/1546"}],"up":[{"embeddable":true,"href":"https:\/\/www.gb-geodezie.cz\/index.php?rest_route=\/wp\/v2\/pages\/215"}],"wp:attachment":[{"href":"https:\/\/www.gb-geodezie.cz\/index.php?rest_route=%2Fwp%2Fv2%2Fmedia&parent=298"}],"curies":[{"name":"wp","href":"https:\/\/api.w.org\/{rel}","templated":true}]}}