
{"id":296,"date":"2016-01-26T18:34:38","date_gmt":"2016-01-26T17:34:38","guid":{"rendered":"http:\/\/10.10.20.35\/?page_id=296"},"modified":"2022-02-03T22:00:26","modified_gmt":"2022-02-03T21:00:26","slug":"zaverecne-jednani","status":"publish","type":"page","link":"https:\/\/www.gb-geodezie.cz\/?page_id=296","title":{"rendered":"Z\u00e1v\u011bre\u010dn\u00e9 jedn\u00e1n\u00ed"},"content":{"rendered":"<p><strong><a href=\"http:\/\/www.gb-geodezie.cz\/?page_id=215\">Pozemkov\u00e9 \u00fapravy<\/a><strong>\u00a0<\/strong><span style=\"font-size: small;\">\u00bb <\/span>Z\u00e1v\u011bre\u010dn\u00e9 jedn\u00e1n\u00ed<\/strong><\/p>\n<p>Po vystaven\u00ed n\u00e1vrhu pozemkov\u00e9 \u00fapravy je svol\u00e1no z\u00e1v\u011bre\u010dn\u00e9 jedn\u00e1n\u00ed, kde jsou zhodnoceny v\u00fdsledky pozemkov\u00fdch \u00faprav a pops\u00e1n zbyl\u00fd pr\u016fb\u011bh pozemkov\u00e9 \u00fapravy.<\/p>\n<p>N\u00e1sledn\u011b po z\u00e1v\u011bre\u010dn\u00e9m rozhodnut\u00ed dojde k\u00a0vyd\u00e1n\u00ed rozhodnut\u00ed \u201eo schv\u00e1len\u00ed n\u00e1vrhu pozemkov\u00e9 \u00fapravy\u201c (tzv. I. rozhodnut\u00ed).<\/p>\n<p>Vlastn\u00edci jsou upozorn\u011bni, \u017ee pokud dojde k p\u0159\u00edpadn\u00e9mu odvol\u00e1n\u00ed k\u00a0I. rozhodnut\u00ed ze strany n\u011bkter\u00e9ho z vlastn\u00edk\u016f, je cel\u00fd spis p\u0159ed\u00e1n odvolac\u00edmu org\u00e1nu k posouzen\u00ed, co\u017e m\u00e1 za n\u00e1sledek zdr\u017een\u00ed z\u00e1v\u011bre\u010dn\u00e9 f\u00e1ze pozemkov\u00e9 \u00fapravy.<\/p>\n<p>V\u00a0p\u0159\u00edpad\u011b, \u017ee k\u00a0odvol\u00e1n\u00ed nedojde, nebo, \u017ee odvolac\u00ed org\u00e1n rozhodnut\u00ed potvrd\u00ed dojde k\u00a0vyd\u00e1n\u00ed \u201erozhodnut\u00ed o v\u00fdm\u011bn\u011b nebo p\u0159echodu vlastnick\u00fdch pr\u00e1v\u201c (tzv. II. rozhodnut\u00ed). Toto rozhodnut\u00ed m\u00e1 charakter nab\u00fdvac\u00edho titulu k\u00a0nov\u00fdm pozemk\u016fm \u2013 v\u00a0okam\u017eiku vyd\u00e1n\u00ed doch\u00e1z\u00ed k\u00a0z\u00e1pisu do katastru nemovitost\u00ed. Od okam\u017eiku II. rozhodnut\u00ed zanik\u00e1 vlastnick\u00e9 pr\u00e1vo k\u00a0p\u016fvodn\u00edm parcel\u00e1m a vznik\u00e1 pr\u00e1vo vlastnick\u00e9 k\u00a0parcel\u00e1m nov\u00fdm \u2013 dle schv\u00e1len\u00e9ho n\u00e1vrhu.<\/p>\n<p>Dle z\u00e1kona \u010d. 139\/2002 Sb. vyd\u00e1n\u00edm \u201erozhodnut\u00ed o v\u00fdm\u011bn\u011b nebo p\u0159echodu vlastnick\u00fdch pr\u00e1v\u201c zanikaj\u00ed n\u00e1jemn\u00ed vztahy k\u00a0pozemk\u016fm a to v\u017edy k\u00a01.10. n\u00e1sleduj\u00edc\u00edm po vyd\u00e1n\u00ed rozhodnut\u00ed (nech\u00e1v\u00e1 se tedy dob\u011bhnout hospod\u00e1\u0159sk\u00fd rok se star\u00fdmi n\u00e1jemn\u00edmi smlouvami).<\/p>\n<p>V\u00fdstupem z pozemkov\u00e9 \u00fapravy jsou pouze parcely katastru nemovitost\u00ed (zanikaj\u00ed parcely zjednodu\u0161en\u00e9 evidence). U t\u011bchto parcel je da\u0148ov\u00e1 povinnost na vlastn\u00edkovi. <strong>Po z\u00e1pisu pozemkov\u00e9 \u00fapravy do katastru nemovitost\u00ed je v\u017edy nutn\u00e9 do konce ledna n\u00e1sleduj\u00edc\u00edho roku podat da\u0148ov\u00e9 p\u0159izn\u00e1n\u00ed k dani z nemovitosti. <\/strong>V p\u0159\u00edpad\u011b, \u017ee p\u016fvodn\u00ed pozemek byl veden ve zjednodu\u0161en\u00e9 evidenci, byla placena da\u0148 z nemovitosti u\u017eivatelem. Ze zku\u0161enost\u00ed v\u00edme, \u017ee jeliko\u017e da\u0148ov\u00e1 povinnosti p\u0159ech\u00e1z\u00ed na vlastn\u00edka, b\u00fdv\u00e1 u\u017eivateli navy\u0161ov\u00e1no n\u00e1jemn\u00e9 o da\u0148 z nemovitosti.<\/p>\n<p>V\u0161em vlastn\u00edk\u016fm je rovn\u011b\u017e d\u00e1na mo\u017enost nechat si vyty\u010dit sv\u016fj nov\u011b um\u00edst\u011bn\u00fd pozemek \u2013 po z\u00e1pisu pozemkov\u00e9 \u00fapravy do katastru nemovitost\u00ed. Toto vyt\u00fd\u010den\u00ed je hrazeno pozemkov\u00fdm \u00fa\u0159adem, ale pouze jednou! P\u0159\u00edpadn\u00e9 op\u011btovn\u00e9 vyt\u00fd\u010den\u00ed je ji\u017e hrazeno vlastn\u00edkem. T\u00fdk\u00e1 se ale ve\u0161ker\u00fdch pozemk\u016f v\u00a0pozemkov\u00e9 \u00faprav\u011b. Pr\u00e1va na vyt\u00fd\u010den\u00ed zdarma mohou vlastn\u00edci vyu\u017e\u00edt kdykoli (tedy i n\u011bkolik let po dokon\u010den\u00ed pozemkov\u00e9 \u00fapravy). \u017d\u00e1dosti je nutno sm\u011b\u0159ovat p\u0159\u00edslu\u0161n\u00e9mu pozemkov\u00e9mu \u00fa\u0159adu.<\/p>\n<p><strong>Souvisej\u00edc\u00ed dokumenty<\/strong>:<\/p>\n<ul>\n<li><span style=\"text-decoration: underline;\"><a href=\"http:\/\/www.gb-geodezie.cz\/wp-content\/uploads\/2016\/01\/zadost_o_vytyceni.doc\">\u017e\u00e1dost o vyty\u010den\u00ed<\/a><\/span><\/li>\n<\/ul>\n","protected":false},"excerpt":{"rendered":"<p>Pozemkov\u00e9 \u00fapravy\u00a0\u00bb Z\u00e1v\u011bre\u010dn\u00e9 jedn\u00e1n\u00ed Po vystaven\u00ed n\u00e1vrhu pozemkov\u00e9 \u00fapravy je svol\u00e1no z\u00e1v\u011bre\u010dn\u00e9 jedn\u00e1n\u00ed, kde jsou zhodnoceny v\u00fdsledky pozemkov\u00fdch \u00faprav a pops\u00e1n zbyl\u00fd pr\u016fb\u011bh pozemkov\u00e9 \u00fapravy. N\u00e1sledn\u011b po z\u00e1v\u011bre\u010dn\u00e9m rozhodnut\u00ed dojde k\u00a0vyd\u00e1n\u00ed rozhodnut\u00ed \u201eo schv\u00e1len\u00ed n\u00e1vrhu pozemkov\u00e9 \u00fapravy\u201c (tzv. I. rozhodnut\u00ed).&hellip; <\/p>\n","protected":false},"author":1,"featured_media":0,"parent":215,"menu_order":88,"comment_status":"closed","ping_status":"closed","template":"","meta":{"ngg_post_thumbnail":0,"footnotes":""},"class_list":["post-296","page","type-page","status-publish","hentry"],"_links":{"self":[{"href":"https:\/\/www.gb-geodezie.cz\/index.php?rest_route=\/wp\/v2\/pages\/296"}],"collection":[{"href":"https:\/\/www.gb-geodezie.cz\/index.php?rest_route=\/wp\/v2\/pages"}],"about":[{"href":"https:\/\/www.gb-geodezie.cz\/index.php?rest_route=\/wp\/v2\/types\/page"}],"author":[{"embeddable":true,"href":"https:\/\/www.gb-geodezie.cz\/index.php?rest_route=\/wp\/v2\/users\/1"}],"replies":[{"embeddable":true,"href":"https:\/\/www.gb-geodezie.cz\/index.php?rest_route=%2Fwp%2Fv2%2Fcomments&post=296"}],"version-history":[{"count":7,"href":"https:\/\/www.gb-geodezie.cz\/index.php?rest_route=\/wp\/v2\/pages\/296\/revisions"}],"predecessor-version":[{"id":1547,"href":"https:\/\/www.gb-geodezie.cz\/index.php?rest_route=\/wp\/v2\/pages\/296\/revisions\/1547"}],"up":[{"embeddable":true,"href":"https:\/\/www.gb-geodezie.cz\/index.php?rest_route=\/wp\/v2\/pages\/215"}],"wp:attachment":[{"href":"https:\/\/www.gb-geodezie.cz\/index.php?rest_route=%2Fwp%2Fv2%2Fmedia&parent=296"}],"curies":[{"name":"wp","href":"https:\/\/api.w.org\/{rel}","templated":true}]}}