
{"id":288,"date":"2016-01-26T18:31:28","date_gmt":"2016-01-26T17:31:28","guid":{"rendered":"http:\/\/10.10.20.35\/?page_id=288"},"modified":"2022-02-03T22:01:13","modified_gmt":"2022-02-03T21:01:13","slug":"plan-spolecnych-zarizeni","status":"publish","type":"page","link":"https:\/\/www.gb-geodezie.cz\/?page_id=288","title":{"rendered":"Pl\u00e1n spole\u010dn\u00fdch za\u0159\u00edzen\u00ed"},"content":{"rendered":"<p><strong><a href=\"http:\/\/www.gb-geodezie.cz\/?page_id=215\">Pozemkov\u00e9 \u00fapravy<\/a><strong>\u00a0<\/strong><span style=\"font-size: small;\">\u00bb <\/span>Pl\u00e1n spole\u010dn\u00fdch za\u0159\u00edzen\u00ed<\/strong><\/p>\n<p>\n<div class=\"ngg-galleryoverview ngg-slideshow\"\n\tid=\"ngg-slideshow-31f78fa47fcd22c4dc47e8cf0ad67c0e-3296138110\"\n\tdata-gallery-id=\"31f78fa47fcd22c4dc47e8cf0ad67c0e\"\n\tstyle=\"max-width: 650px;\n\t\t\tmax-height: 238px;\n\t\t\tdisplay: none;\">\n\n\t\n\t\t<a href=\"https:\/\/www.gb-geodezie.cz\/wp-content\/gallery\/pozemkove_upravy-psz\/pozemkove_upravy-psz1.jpg\"\n\t\t\ttitle=\"\"\n\t\t\tdata-src=\"https:\/\/www.gb-geodezie.cz\/wp-content\/gallery\/pozemkove_upravy-psz\/pozemkove_upravy-psz1.jpg\"\n\t\t\tdata-thumbnail=\"https:\/\/www.gb-geodezie.cz\/wp-content\/gallery\/pozemkove_upravy-psz\/thumbs\/thumbs_pozemkove_upravy-psz1.jpg\"\n\t\t\tdata-image-id=\"46\"\n\t\t\tdata-title=\"pozemkove_upravy-psz1\"\n\t\t\tdata-description=\"\"\n\t\t\t\t\t\t\t\t\t\t\t\t\t\t\tclass=\"shutterset_31f78fa47fcd22c4dc47e8cf0ad67c0e\">\n\t\t\t\n\t\t\t<img data-image-id='46'\n\t\t\t\ttitle=\"\"\n\t\t\t\talt=\"pozemkove_upravy-psz1\"\n\t\t\t\tsrc=\"https:\/\/www.gb-geodezie.cz\/wp-content\/gallery\/pozemkove_upravy-psz\/pozemkove_upravy-psz1.jpg\"\n\t\t\t\tstyle=\"max-height: 218px;\"\/>\n\t\t<\/a>\n\n\t\t\n\t\t<a href=\"https:\/\/www.gb-geodezie.cz\/wp-content\/gallery\/pozemkove_upravy-psz\/pozemkove_upravy-psz3.jpg\"\n\t\t\ttitle=\"\"\n\t\t\tdata-src=\"https:\/\/www.gb-geodezie.cz\/wp-content\/gallery\/pozemkove_upravy-psz\/pozemkove_upravy-psz3.jpg\"\n\t\t\tdata-thumbnail=\"https:\/\/www.gb-geodezie.cz\/wp-content\/gallery\/pozemkove_upravy-psz\/thumbs\/thumbs_pozemkove_upravy-psz3.jpg\"\n\t\t\tdata-image-id=\"48\"\n\t\t\tdata-title=\"pozemkove_upravy-psz3\"\n\t\t\tdata-description=\"\"\n\t\t\t\t\t\t\t\t\t\t\t\t\t\t\tclass=\"shutterset_31f78fa47fcd22c4dc47e8cf0ad67c0e\">\n\t\t\t\n\t\t\t<img data-image-id='48'\n\t\t\t\ttitle=\"\"\n\t\t\t\talt=\"pozemkove_upravy-psz3\"\n\t\t\t\tsrc=\"https:\/\/www.gb-geodezie.cz\/wp-content\/gallery\/pozemkove_upravy-psz\/pozemkove_upravy-psz3.jpg\"\n\t\t\t\tstyle=\"max-height: 218px;\"\/>\n\t\t<\/a>\n\n\t\t\n\t\t<a href=\"https:\/\/www.gb-geodezie.cz\/wp-content\/gallery\/pozemkove_upravy-psz\/pozemkove_upravy-psz2.jpg\"\n\t\t\ttitle=\"\"\n\t\t\tdata-src=\"https:\/\/www.gb-geodezie.cz\/wp-content\/gallery\/pozemkove_upravy-psz\/pozemkove_upravy-psz2.jpg\"\n\t\t\tdata-thumbnail=\"https:\/\/www.gb-geodezie.cz\/wp-content\/gallery\/pozemkove_upravy-psz\/thumbs\/thumbs_pozemkove_upravy-psz2.jpg\"\n\t\t\tdata-image-id=\"47\"\n\t\t\tdata-title=\"pozemkove_upravy-psz2\"\n\t\t\tdata-description=\"\"\n\t\t\t\t\t\t\t\t\t\t\t\t\t\t\tclass=\"shutterset_31f78fa47fcd22c4dc47e8cf0ad67c0e\">\n\t\t\t\n\t\t\t<img data-image-id='47'\n\t\t\t\ttitle=\"\"\n\t\t\t\talt=\"pozemkove_upravy-psz2\"\n\t\t\t\tsrc=\"https:\/\/www.gb-geodezie.cz\/wp-content\/gallery\/pozemkove_upravy-psz\/pozemkove_upravy-psz2.jpg\"\n\t\t\t\tstyle=\"max-height: 218px;\"\/>\n\t\t<\/a>\n\n\t\t\n\t\t<a href=\"https:\/\/www.gb-geodezie.cz\/wp-content\/gallery\/pozemkove_upravy-psz\/pozemkove_upravy-psz4.jpg\"\n\t\t\ttitle=\"\"\n\t\t\tdata-src=\"https:\/\/www.gb-geodezie.cz\/wp-content\/gallery\/pozemkove_upravy-psz\/pozemkove_upravy-psz4.jpg\"\n\t\t\tdata-thumbnail=\"https:\/\/www.gb-geodezie.cz\/wp-content\/gallery\/pozemkove_upravy-psz\/thumbs\/thumbs_pozemkove_upravy-psz4.jpg\"\n\t\t\tdata-image-id=\"49\"\n\t\t\tdata-title=\"pozemkove_upravy-psz4\"\n\t\t\tdata-description=\"\"\n\t\t\t\t\t\t\t\t\t\t\t\t\t\t\tclass=\"shutterset_31f78fa47fcd22c4dc47e8cf0ad67c0e\">\n\t\t\t\n\t\t\t<img data-image-id='49'\n\t\t\t\ttitle=\"\"\n\t\t\t\talt=\"pozemkove_upravy-psz4\"\n\t\t\t\tsrc=\"https:\/\/www.gb-geodezie.cz\/wp-content\/gallery\/pozemkove_upravy-psz\/pozemkove_upravy-psz4.jpg\"\n\t\t\t\tstyle=\"max-height: 218px;\"\/>\n\t\t<\/a>\n\n\t\t<\/div>\n\n\n<\/p>\n<p>Obsahuje zejm\u00e9na cestn\u00ed s\u00ed\u0165, protierozn\u00ed a vodohospod\u00e1\u0159sk\u00e9 opat\u0159en\u00ed a opat\u0159en\u00ed k ochran\u011b a tvorb\u011b \u017eivotn\u00edho prost\u0159ed\u00ed. Je posuzov\u00e1n sborem z\u00e1stupc\u016f vlastn\u00edk\u016f a schvalov\u00e1n zastupitelstvem obce.<\/p>\n<p>P\u0159ed n\u00e1vrhem nov\u00e9ho uspo\u0159\u00e1d\u00e1n\u00ed nov\u00fdch pozemk\u016f se zpracov\u00e1v\u00e1 pl\u00e1n spole\u010dn\u00fdch za\u0159\u00edzen\u00ed (d\u00e1le jen PSZ), co\u017e je soubor:<br \/>\n<b>opat\u0159en\u00ed ke zp\u0159\u00edstupn\u011bn\u00ed pozemk\u016f<\/b> \u2013 n\u00e1vrh poln\u00edch a lesn\u00edch cest, propustky, brody aj.<br \/>\n<b>opat\u0159en\u00ed k ochran\u011b p\u016fdn\u00edho fondu<\/b> \u2013 n\u00e1vrh protierozn\u00edch opat\u0159en\u00ed jako jsou meze, p\u0159\u00edkopy, pr\u016flehy, ochrann\u00e9 zatravn\u011bn\u00ed, ochrann\u00e9 zalesn\u011bn\u00ed aj.<br \/>\n<b>vodohospod\u00e1\u0159sk\u00fdch opat\u0159en\u00ed<\/b> k ne\u0161kodn\u00e9mu odveden\u00ed povrchov\u00fdch vod a ochran\u011b \u00fazem\u00ed p\u0159ed z\u00e1plavami jako jsou n\u00e1dr\u017ee, rybn\u00edky, \u00fapravy tok\u016f, odvodn\u011bn\u00ed, ochrann\u00e9 hr\u00e1ze, such\u00e9 poldry aj.<br \/>\n<b>opat\u0159en\u00ed k ochran\u011b a tvorb\u011b \u017eivotn\u00edho prost\u0159ed\u00ed<\/b> zvy\u0161uj\u00edc\u00ed ekologickou stabilitu \u00fazem\u00ed (prvky \u00fazemn\u00edho syst\u00e9mu ekologick\u00e9 stability (\u00daSES) \u2013 biocentra, biokoridory, interak\u010dn\u00ed prvky), zaji\u0161\u0165uj\u00edc\u00ed propustnost krajiny a navr\u00e1cen\u00ed zelen\u011b do krajiny nap\u0159. ve form\u011b liniov\u00fdch prvk\u016f pod\u00e9l vodote\u010d\u00ed a poln\u00edch cest apod. (z\u00e1kon 139\/2002 Sb.).<\/p>\n<p><b>C\u00edlem v\u00fd\u0161e vyjmenovan\u00fdch opat\u0159en\u00ed je: <\/b><\/p>\n<ul>\n<li>\u0159e\u0161en\u00ed zem\u011bd\u011blsk\u00e9ho dopravn\u00edho syst\u00e9mu tj. zp\u0159\u00edstupn\u011bn\u00ed pozemkov\u00fdch trat\u00ed i jednotliv\u00fdch pozemk\u016f, zv\u00fd\u0161en\u00ed prostupnosti krajiny a zaji\u0161t\u011bn\u00ed n\u00e1vaznosti na sousedn\u00ed k. \u00fa.<\/li>\n<li>zpomalen\u00ed nebo potla\u010den\u00ed degrada\u010dn\u00edho procesu na zem\u011bd\u011blsk\u00e9 p\u016fd\u011b, p\u0159edev\u0161\u00edm minimalizace \u0161kod zp\u016fsobovan\u00fdch vodn\u00ed a v\u011btrnou eroz\u00ed, ochrana a z\u00farodn\u011bn\u00ed p\u016fdn\u00edho fondu, po\u017eadovan\u00e9 sn\u00ed\u017een\u00ed smyvu p\u016fdy, sn\u00ed\u017een\u00ed maxim\u00e1ln\u00edch pr\u016ftok\u016f a nezbytn\u00e1 ochrana vodn\u00edch zdroj\u016f, koryt vodn\u00edch tok\u016f, vodn\u00edch n\u00e1dr\u017e\u00ed a zastav\u011bn\u00fdch \u010d\u00e1st\u00ed obce<\/li>\n<li>zlep\u0161en\u00ed vodn\u00edho re\u017eimu v\u010detn\u011b kvality povrchov\u00fdch a podzemn\u00edch vod, \u0159e\u0161en\u00ed vodohospod\u00e1\u0159sk\u00fdch pom\u011br\u016f v\u010d. protipovod\u0148ov\u00e9 ochrany a ochrany vodn\u00edch zdroj\u016f<\/li>\n<li>zaji\u0161t\u011bn\u00ed ekologick\u00e9 rovnov\u00e1hy p\u0159\u00edrodn\u00edho prost\u0159ed\u00ed tj. \u0159e\u0161en\u00ed \u00daSES na \u00farovni pl\u00e1nu, \u0159e\u0161en\u00ed tvorby a ochrany krajinn\u00e9ho r\u00e1zu, podpory biodiverzity krajiny, udr\u017een\u00ed estetick\u00fdch hodnot, obnovy tradi\u010dn\u00edch a kulturn\u00edch hodnot \u00fazem\u00ed<\/li>\n<\/ul>\n<p>N\u00e1vrh PSZ spo\u010d\u00edv\u00e1 ve vymezen\u00ed z\u00e1boru na jednotliv\u00e9 prvky, kter\u00e9 budou p\u0159ech\u00e1zet do vlastnictv\u00ed obce. Pro pokryt\u00ed plo\u0161n\u00fdch n\u00e1rok\u016f na jednotliv\u00e9 prvky PSZ se pou\u017eije p\u0159ednostn\u011b st\u00e1tn\u00ed a obecn\u00ed p\u016fda.<\/p>\n<p>Zpracovatel prov\u00e1d\u00ed n\u00e1vrh PSZ na z\u00e1klad\u011b ter\u00e9nn\u00edch poch\u016fzek a pr\u016fzkum\u016f, prov\u00e1d\u011bn\u00fdch v\u00fdpo\u010dt\u016f a na z\u00e1klad\u011b konzultac\u00ed se sborem z\u00e1stupc\u016f vlastn\u00edk\u016f pozemk\u016f.<\/p>\n<p>V\u00fdsledn\u00fd pl\u00e1n spole\u010dn\u00fdch za\u0159\u00edzen\u00ed posoud\u00ed sbor a schv\u00e1l\u00ed jej zastupitelstvo obce na ve\u0159ejn\u00e9m zased\u00e1n\u00ed. PSZ je rovn\u011b\u017e p\u0159edlo\u017een dot\u010den\u00fdm org\u00e1n\u016fm st\u00e1tn\u00ed spr\u00e1vy, kter\u00e9 se k n\u011bmu do 30 dn\u016f p\u00edsemn\u011b vyj\u00e1d\u0159\u00ed.<\/p>\n<p>&nbsp;<\/p>\n","protected":false},"excerpt":{"rendered":"<p>Pozemkov\u00e9 \u00fapravy\u00a0\u00bb Pl\u00e1n spole\u010dn\u00fdch za\u0159\u00edzen\u00ed Obsahuje zejm\u00e9na cestn\u00ed s\u00ed\u0165, protierozn\u00ed a vodohospod\u00e1\u0159sk\u00e9 opat\u0159en\u00ed a opat\u0159en\u00ed k ochran\u011b a tvorb\u011b \u017eivotn\u00edho prost\u0159ed\u00ed. Je posuzov\u00e1n sborem z\u00e1stupc\u016f vlastn\u00edk\u016f a schvalov\u00e1n zastupitelstvem obce. P\u0159ed n\u00e1vrhem nov\u00e9ho uspo\u0159\u00e1d\u00e1n\u00ed nov\u00fdch pozemk\u016f se zpracov\u00e1v\u00e1 pl\u00e1n spole\u010dn\u00fdch&hellip; <\/p>\n","protected":false},"author":1,"featured_media":0,"parent":215,"menu_order":85,"comment_status":"closed","ping_status":"closed","template":"","meta":{"ngg_post_thumbnail":0,"footnotes":""},"class_list":["post-288","page","type-page","status-publish","hentry"],"_links":{"self":[{"href":"https:\/\/www.gb-geodezie.cz\/index.php?rest_route=\/wp\/v2\/pages\/288"}],"collection":[{"href":"https:\/\/www.gb-geodezie.cz\/index.php?rest_route=\/wp\/v2\/pages"}],"about":[{"href":"https:\/\/www.gb-geodezie.cz\/index.php?rest_route=\/wp\/v2\/types\/page"}],"author":[{"embeddable":true,"href":"https:\/\/www.gb-geodezie.cz\/index.php?rest_route=\/wp\/v2\/users\/1"}],"replies":[{"embeddable":true,"href":"https:\/\/www.gb-geodezie.cz\/index.php?rest_route=%2Fwp%2Fv2%2Fcomments&post=288"}],"version-history":[{"count":5,"href":"https:\/\/www.gb-geodezie.cz\/index.php?rest_route=\/wp\/v2\/pages\/288\/revisions"}],"predecessor-version":[{"id":1550,"href":"https:\/\/www.gb-geodezie.cz\/index.php?rest_route=\/wp\/v2\/pages\/288\/revisions\/1550"}],"up":[{"embeddable":true,"href":"https:\/\/www.gb-geodezie.cz\/index.php?rest_route=\/wp\/v2\/pages\/215"}],"wp:attachment":[{"href":"https:\/\/www.gb-geodezie.cz\/index.php?rest_route=%2Fwp%2Fv2%2Fmedia&parent=288"}],"curies":[{"name":"wp","href":"https:\/\/api.w.org\/{rel}","templated":true}]}}