
{"id":285,"date":"2016-01-26T18:30:15","date_gmt":"2016-01-26T17:30:15","guid":{"rendered":"http:\/\/10.10.20.35\/?page_id=285"},"modified":"2022-02-03T22:01:33","modified_gmt":"2022-02-03T21:01:33","slug":"zjistovani-prubehu-hranic-na-obvodu-pozemkovych-uprav","status":"publish","type":"page","link":"https:\/\/www.gb-geodezie.cz\/?page_id=285","title":{"rendered":"Zji\u0161\u0165ov\u00e1n\u00ed pr\u016fb\u011bhu hranic na obvodu pozemkov\u00fdch \u00faprav"},"content":{"rendered":"<p><strong><a href=\"http:\/\/www.gb-geodezie.cz\/?page_id=215\">Pozemkov\u00e9 \u00fapravy<\/a><strong>\u00a0<\/strong><span style=\"font-size: small;\">\u00bb <\/span>Zji\u0161\u0165ov\u00e1n\u00ed pr\u016fb\u011bhu hranic na obvodu pozemkov\u00fdch \u00faprav<\/strong><\/p>\n<p>\n<div class=\"ngg-galleryoverview ngg-slideshow\"\n\tid=\"ngg-slideshow-969901695e043c5cd8fb9f11000eb61f-5274552280\"\n\tdata-gallery-id=\"969901695e043c5cd8fb9f11000eb61f\"\n\tstyle=\"max-width: 650px;\n\t\t\tmax-height: 238px;\n\t\t\tdisplay: none;\">\n\n\t\n\t\t<a href=\"https:\/\/www.gb-geodezie.cz\/wp-content\/gallery\/pozemkove_upravy-zjistovani_prubehu_hranic\/pozemkove_upravy-zjistovani_prubehu_hranic1.jpg\"\n\t\t\ttitle=\"\"\n\t\t\tdata-src=\"https:\/\/www.gb-geodezie.cz\/wp-content\/gallery\/pozemkove_upravy-zjistovani_prubehu_hranic\/pozemkove_upravy-zjistovani_prubehu_hranic1.jpg\"\n\t\t\tdata-thumbnail=\"https:\/\/www.gb-geodezie.cz\/wp-content\/gallery\/pozemkove_upravy-zjistovani_prubehu_hranic\/thumbs\/thumbs_pozemkove_upravy-zjistovani_prubehu_hranic1.jpg\"\n\t\t\tdata-image-id=\"41\"\n\t\t\tdata-title=\"pozemkove_upravy-zjistovani_prubehu_hranic1\"\n\t\t\tdata-description=\"\"\n\t\t\t\t\t\t\t\t\t\t\t\t\t\t\tclass=\"shutterset_969901695e043c5cd8fb9f11000eb61f\">\n\t\t\t\n\t\t\t<img data-image-id='41'\n\t\t\t\ttitle=\"\"\n\t\t\t\talt=\"pozemkove_upravy-zjistovani_prubehu_hranic1\"\n\t\t\t\tsrc=\"https:\/\/www.gb-geodezie.cz\/wp-content\/gallery\/pozemkove_upravy-zjistovani_prubehu_hranic\/pozemkove_upravy-zjistovani_prubehu_hranic1.jpg\"\n\t\t\t\tstyle=\"max-height: 218px;\"\/>\n\t\t<\/a>\n\n\t\t\n\t\t<a href=\"https:\/\/www.gb-geodezie.cz\/wp-content\/gallery\/pozemkove_upravy-zjistovani_prubehu_hranic\/pozemkove_upravy-zjistovani_prubehu_hranic2.jpg\"\n\t\t\ttitle=\"\"\n\t\t\tdata-src=\"https:\/\/www.gb-geodezie.cz\/wp-content\/gallery\/pozemkove_upravy-zjistovani_prubehu_hranic\/pozemkove_upravy-zjistovani_prubehu_hranic2.jpg\"\n\t\t\tdata-thumbnail=\"https:\/\/www.gb-geodezie.cz\/wp-content\/gallery\/pozemkove_upravy-zjistovani_prubehu_hranic\/thumbs\/thumbs_pozemkove_upravy-zjistovani_prubehu_hranic2.jpg\"\n\t\t\tdata-image-id=\"42\"\n\t\t\tdata-title=\"pozemkove_upravy-zjistovani_prubehu_hranic2\"\n\t\t\tdata-description=\"\"\n\t\t\t\t\t\t\t\t\t\t\t\t\t\t\tclass=\"shutterset_969901695e043c5cd8fb9f11000eb61f\">\n\t\t\t\n\t\t\t<img data-image-id='42'\n\t\t\t\ttitle=\"\"\n\t\t\t\talt=\"pozemkove_upravy-zjistovani_prubehu_hranic2\"\n\t\t\t\tsrc=\"https:\/\/www.gb-geodezie.cz\/wp-content\/gallery\/pozemkove_upravy-zjistovani_prubehu_hranic\/pozemkove_upravy-zjistovani_prubehu_hranic2.jpg\"\n\t\t\t\tstyle=\"max-height: 218px;\"\/>\n\t\t<\/a>\n\n\t\t<\/div>\n\n\n<\/p>\n<p>K n\u011bmu jsou zv\u00e1ni ti vlastn\u00edci, kte\u0159\u00ed se dot\u00fdkaj\u00ed obvodu pozemkov\u00e9 \u00fapravy &#8211; bu\u010f je obvod veden po jejich vlastnick\u00fdch hranic\u00edch, nebo je obvodem rozd\u011blen jejich pozemek na \u010d\u00e1sti zahrnut\u00e9 a vylou\u010den\u00e9 z KP\u00da.<\/p>\n<p>Pro \u00fa\u010dely pozemkov\u00fdch \u00faprav je nezbytn\u00e9 stanovit hranici (obvod) pozemkov\u00fdch \u00faprav a t\u00edm jednozna\u010dn\u011b vymezit pozemky, kter\u00e9 do pozemkov\u00e9 \u00fapravy vstoup\u00ed (orn\u00e1 p\u016fda, louky, \u2026) a pozemky, kter\u00e9 p\u0159edm\u011btem \u00fapravy nebudou (zastav\u011bn\u00e1 \u010d\u00e1st obce, lesy, \u2026). Aby bylo mo\u017en\u00e9 pozemky v prostoru pozemkov\u00e9 \u00fapravy sm\u011b\u0148ovat a po pozemkov\u00e9 \u00faprav\u011b tyto pozemky vystoupily v podob\u011b digit\u00e1ln\u00ed katastr\u00e1ln\u00ed mapy s nesporn\u00fdmi hranicemi, je nutno dop\u0159edu zp\u0159esnit hranice pozemk\u016f na obvodu pozemkov\u00e9 \u00fapravy.<\/p>\n<p>Zp\u0159esn\u011bn\u00ed hranice se prov\u00e1d\u00ed ter\u00e9nn\u00ed poch\u016fzkou v r\u00e1mci \u201ezji\u0161\u0165ov\u00e1n\u00ed hranic\u201c za \u00fa\u010dasti vlastn\u00edk\u016f dot\u010den\u00fdch pozemk\u016f a komise. \u010cleny komise jmenuje p\u0159\u00edslu\u0161n\u00fd pozemkov\u00fd \u00fa\u0159ad. V\u011bt\u0161inou jde o z\u00e1stupce pozemkov\u00e9ho \u00fa\u0159adu, katastr\u00e1ln\u00edho \u00fa\u0159adu, obecn\u00edho \u00fa\u0159adu, zpracovatelsk\u00e9 firmy, p\u0159\u00edpadn\u011b dal\u0161\u00edch org\u00e1n\u016f st\u00e1tn\u00ed spr\u00e1vy. P\u0159edsedou komise je v\u017edy \u00fa\u0159edn\u011b opr\u00e1vn\u011bn\u00fd zem\u011bm\u011b\u0159ick\u00fd in\u017een\u00fdr v oboru katastru nemovitost\u00ed. Komise db\u00e1 na \u0159\u00e1dn\u00fd pr\u016fb\u011bh zji\u0161\u0165ov\u00e1n\u00ed hranic.<\/p>\n<p>Vlastn\u00edci jednotliv\u00fdch pozemk\u016f jsou vyzv\u00e1ni k ozna\u010den\u00ed hranice sv\u00fdch pozemk\u016f, a to v\u017edy na z\u00e1klad\u011b vz\u00e1jemn\u00e9 shody soused\u016f. V p\u0159\u00edpad\u011b, \u017ee vlastn\u00edci nejsou schopni v ter\u00e9nu hranice sv\u00fdch pozemk\u016f ozna\u010dit, nebo pokud se vlastn\u00edk nedostav\u00ed, pak, na z\u00e1klad\u011b dostupn\u00fdch podklad\u016f, o pr\u016fb\u011bhu hranice rozhodne komise. Ozna\u010den\u00e9 hranice jsou n\u00e1sledn\u011b stabilizov\u00e1ny (ozna\u010deny kol\u00edkem, mezn\u00edkem, \u2026). Z\u00e1rove\u0148 vznik\u00e1 n\u00e1\u010drt o zji\u0161\u0165ov\u00e1n\u00ed hranic, do kter\u00e9ho je pr\u016fb\u011bh hranice, jej\u00ed ozna\u010den\u00ed a stabilizace jednozna\u010dn\u011b zakreslov\u00e1n. Vlastn\u00edk je n\u00e1sledn\u011b vyzv\u00e1n k vyj\u00e1d\u0159en\u00ed souhlasu se zji\u0161t\u011bn\u00fdm pr\u016fb\u011bhem hranice formou podpisu v soupisu nemovitost\u00ed, kter\u00fd je p\u0159\u00edlohou n\u00e1\u010drtu o zji\u0161\u0165ov\u00e1n\u00ed hranic.<\/p>\n<p>Takto zji\u0161t\u011bn\u00e9 hranice jsou n\u00e1sledn\u011b p\u0159edm\u011btem zam\u011b\u0159en\u00ed v po\u017eadovan\u00e9 p\u0159esnosti pro pr\u00e1ci v katastru nemovitost\u00ed a vstoup\u00ed do katastr\u00e1ln\u00edho oper\u00e1tu jako zp\u0159esn\u011bn\u00e1, jednozna\u010dn\u00e1 a nem\u011bnn\u00e1 hranice parcely, kter\u00e1 z\u00e1rove\u0148 tvo\u0159\u00ed obvod pozemkov\u00e9 \u00fapravy.<\/p>\n<p><b>Zji\u0161\u0165ov\u00e1n\u00ed hranic pro projek\u010dn\u00ed \u00fa\u010dely<\/b><br \/>\nV z\u00e1jmov\u00fdch \u00fazem\u00edch jsou na\u0161imi geodety vy\u0161et\u0159eny pro projek\u010dn\u00ed \u00fa\u010dely i pozemky, u nich\u017e se p\u0159edpokl\u00e1d\u00e1 d\u016fsledn\u00e9 dodr\u017een\u00ed p\u016fvodn\u00ed polohy. Jedn\u00e1 se p\u0159edev\u0161\u00edm o pozemky pod liniov\u00fdmi stavbami (silnice, \u017eeleznice, vodn\u00ed toky), lokality \u201edrobn\u00e9 dr\u017eby\u201c (v\u011bt\u0161\u00ed mno\u017estv\u00ed pozemk\u016f, kter\u00e9 jsou obhospoda\u0159ov\u00e1ny soukrom\u00fdmi osobami) a lesn\u00edch pozemk\u016f, u kter\u00fdch se m\u016f\u017eeme obvykle setkat i s p\u016fvodn\u00edm ozna\u010den\u00edm hranic.<\/p>\n<p><strong>Souvisej\u00edc\u00ed dokumenty:<\/strong><\/p>\n<ul>\n<li><span style=\"text-decoration: underline;\"><a href=\"http:\/\/www.gb-geodezie.cz\/wp-content\/uploads\/2016\/01\/plna_moc_zjistovani_hranic.doc\" target=\"_blank\" rel=\"noopener\">pln\u00e1 moc ke zji\u0161\u0165ov\u00e1n\u00ed hranic ke sta\u017een\u00ed<\/a><\/span><\/li>\n<\/ul>\n","protected":false},"excerpt":{"rendered":"<p>Pozemkov\u00e9 \u00fapravy\u00a0\u00bb Zji\u0161\u0165ov\u00e1n\u00ed pr\u016fb\u011bhu hranic na obvodu pozemkov\u00fdch \u00faprav K n\u011bmu jsou zv\u00e1ni ti vlastn\u00edci, kte\u0159\u00ed se dot\u00fdkaj\u00ed obvodu pozemkov\u00e9 \u00fapravy &#8211; bu\u010f je obvod veden po jejich vlastnick\u00fdch hranic\u00edch, nebo je obvodem rozd\u011blen jejich pozemek na \u010d\u00e1sti zahrnut\u00e9 a&hellip; <\/p>\n","protected":false},"author":1,"featured_media":0,"parent":215,"menu_order":84,"comment_status":"closed","ping_status":"closed","template":"","meta":{"ngg_post_thumbnail":0,"footnotes":""},"class_list":["post-285","page","type-page","status-publish","hentry"],"_links":{"self":[{"href":"https:\/\/www.gb-geodezie.cz\/index.php?rest_route=\/wp\/v2\/pages\/285"}],"collection":[{"href":"https:\/\/www.gb-geodezie.cz\/index.php?rest_route=\/wp\/v2\/pages"}],"about":[{"href":"https:\/\/www.gb-geodezie.cz\/index.php?rest_route=\/wp\/v2\/types\/page"}],"author":[{"embeddable":true,"href":"https:\/\/www.gb-geodezie.cz\/index.php?rest_route=\/wp\/v2\/users\/1"}],"replies":[{"embeddable":true,"href":"https:\/\/www.gb-geodezie.cz\/index.php?rest_route=%2Fwp%2Fv2%2Fcomments&post=285"}],"version-history":[{"count":10,"href":"https:\/\/www.gb-geodezie.cz\/index.php?rest_route=\/wp\/v2\/pages\/285\/revisions"}],"predecessor-version":[{"id":1551,"href":"https:\/\/www.gb-geodezie.cz\/index.php?rest_route=\/wp\/v2\/pages\/285\/revisions\/1551"}],"up":[{"embeddable":true,"href":"https:\/\/www.gb-geodezie.cz\/index.php?rest_route=\/wp\/v2\/pages\/215"}],"wp:attachment":[{"href":"https:\/\/www.gb-geodezie.cz\/index.php?rest_route=%2Fwp%2Fv2%2Fmedia&parent=285"}],"curies":[{"name":"wp","href":"https:\/\/api.w.org\/{rel}","templated":true}]}}