
{"id":281,"date":"2016-01-26T18:28:49","date_gmt":"2016-01-26T17:28:49","guid":{"rendered":"http:\/\/10.10.20.35\/?page_id=281"},"modified":"2022-02-03T22:02:01","modified_gmt":"2022-02-03T21:02:01","slug":"uvodni-jednani","status":"publish","type":"page","link":"https:\/\/www.gb-geodezie.cz\/?page_id=281","title":{"rendered":"\u00davodn\u00ed jedn\u00e1n\u00ed"},"content":{"rendered":"<p><strong><a href=\"http:\/\/www.gb-geodezie.cz\/?page_id=215\">Pozemkov\u00e9 \u00fapravy<\/a><strong>\u00a0<\/strong><span style=\"font-size: small;\">\u00bb <\/span>\u00davodn\u00ed jedn\u00e1n\u00ed<\/strong><\/p>\n<p>\n<div class=\"ngg-galleryoverview ngg-slideshow\"\n\tid=\"ngg-slideshow-06925c50f1eca6d75635665909426b85-8539512570\"\n\tdata-gallery-id=\"06925c50f1eca6d75635665909426b85\"\n\tstyle=\"max-width: 650px;\n\t\t\tmax-height: 238px;\n\t\t\tdisplay: none;\">\n\n\t\n\t\t<a href=\"https:\/\/www.gb-geodezie.cz\/wp-content\/gallery\/pozemkove_upravy-uvodni_jednani\/pozemkove_upravy1-1.jpg\"\n\t\t\ttitle=\"\"\n\t\t\tdata-src=\"https:\/\/www.gb-geodezie.cz\/wp-content\/gallery\/pozemkove_upravy-uvodni_jednani\/pozemkove_upravy1-1.jpg\"\n\t\t\tdata-thumbnail=\"https:\/\/www.gb-geodezie.cz\/wp-content\/gallery\/pozemkove_upravy-uvodni_jednani\/thumbs\/thumbs_pozemkove_upravy1-1.jpg\"\n\t\t\tdata-image-id=\"38\"\n\t\t\tdata-title=\"pozemkove_upravy1\"\n\t\t\tdata-description=\"\"\n\t\t\t\t\t\t\t\t\t\t\t\t\t\t\tclass=\"shutterset_06925c50f1eca6d75635665909426b85\">\n\t\t\t\n\t\t\t<img data-image-id='38'\n\t\t\t\ttitle=\"\"\n\t\t\t\talt=\"pozemkove_upravy1\"\n\t\t\t\tsrc=\"https:\/\/www.gb-geodezie.cz\/wp-content\/gallery\/pozemkove_upravy-uvodni_jednani\/pozemkove_upravy1-1.jpg\"\n\t\t\t\tstyle=\"max-height: 218px;\"\/>\n\t\t<\/a>\n\n\t\t\n\t\t<a href=\"https:\/\/www.gb-geodezie.cz\/wp-content\/gallery\/pozemkove_upravy-uvodni_jednani\/pozemkove_upravy2-1.jpg\"\n\t\t\ttitle=\"\"\n\t\t\tdata-src=\"https:\/\/www.gb-geodezie.cz\/wp-content\/gallery\/pozemkove_upravy-uvodni_jednani\/pozemkove_upravy2-1.jpg\"\n\t\t\tdata-thumbnail=\"https:\/\/www.gb-geodezie.cz\/wp-content\/gallery\/pozemkove_upravy-uvodni_jednani\/thumbs\/thumbs_pozemkove_upravy2-1.jpg\"\n\t\t\tdata-image-id=\"39\"\n\t\t\tdata-title=\"pozemkove_upravy2\"\n\t\t\tdata-description=\"\"\n\t\t\t\t\t\t\t\t\t\t\t\t\t\t\tclass=\"shutterset_06925c50f1eca6d75635665909426b85\">\n\t\t\t\n\t\t\t<img data-image-id='39'\n\t\t\t\ttitle=\"\"\n\t\t\t\talt=\"pozemkove_upravy2\"\n\t\t\t\tsrc=\"https:\/\/www.gb-geodezie.cz\/wp-content\/gallery\/pozemkove_upravy-uvodni_jednani\/pozemkove_upravy2-1.jpg\"\n\t\t\t\tstyle=\"max-height: 218px;\"\/>\n\t\t<\/a>\n\n\t\t\n\t\t<a href=\"https:\/\/www.gb-geodezie.cz\/wp-content\/gallery\/pozemkove_upravy-uvodni_jednani\/pozemkove_upravy3-1.jpg\"\n\t\t\ttitle=\"\"\n\t\t\tdata-src=\"https:\/\/www.gb-geodezie.cz\/wp-content\/gallery\/pozemkove_upravy-uvodni_jednani\/pozemkove_upravy3-1.jpg\"\n\t\t\tdata-thumbnail=\"https:\/\/www.gb-geodezie.cz\/wp-content\/gallery\/pozemkove_upravy-uvodni_jednani\/thumbs\/thumbs_pozemkove_upravy3-1.jpg\"\n\t\t\tdata-image-id=\"40\"\n\t\t\tdata-title=\"pozemkove_upravy3\"\n\t\t\tdata-description=\"\"\n\t\t\t\t\t\t\t\t\t\t\t\t\t\t\tclass=\"shutterset_06925c50f1eca6d75635665909426b85\">\n\t\t\t\n\t\t\t<img data-image-id='40'\n\t\t\t\ttitle=\"\"\n\t\t\t\talt=\"pozemkove_upravy3\"\n\t\t\t\tsrc=\"https:\/\/www.gb-geodezie.cz\/wp-content\/gallery\/pozemkove_upravy-uvodni_jednani\/pozemkove_upravy3-1.jpg\"\n\t\t\t\tstyle=\"max-height: 218px;\"\/>\n\t\t<\/a>\n\n\t\t<\/div>\n\n\n<\/p>\n<p>Prvn\u00edm kontaktem s vlastn\u00edky by m\u011blo b\u00fdt tzv. \u00favodn\u00ed jedn\u00e1n\u00ed, na kter\u00e9 jsou zv\u00e1ni vlastn\u00edci v p\u0159edpokl\u00e1dan\u00e9m obvodu pozemkov\u00e9 \u00fapravy. Na n\u011bm jsou sezn\u00e1meni p\u0159edev\u0161\u00edm s \u00fa\u010delem, formou, obvodem pozemkov\u00e9 \u00fapravy a harmonogramem prac\u00ed.<\/p>\n<p>Na \u00favodn\u00edm jedn\u00e1n\u00ed si vlastn\u00edci pozemk\u016f v obvodu pozemkov\u00e9 \u00fapravy vol\u00ed sbor z\u00e1stupc\u016f. Krom\u011b volen\u00fdch \u010dlen\u016f jsou ve sboru i \u010dlenov\u00e9 nevolen\u00ed, jako pracovn\u00edk pozemkov\u00e9ho \u00fa\u0159adu (\u0159editel pozemkov\u00e9ho \u00fa\u0159adu nebo j\u00edm pov\u011b\u0159en\u00e1 osoba), z\u00e1stupce obce a d\u00e1le vlastn\u00edci, jejich\u017e v\u00fdm\u011bra pozemk\u016f p\u0159esahuje 10 % v\u00fdm\u011bry pozemk\u016f, na kter\u00fdch budou prov\u00e1d\u011bny pozemkov\u00e9 \u00fapravy. Po\u010det \u010dlen\u016f sboru, kter\u00fd mus\u00ed b\u00fdt lich\u00fd, stanov\u00ed pozemkov\u00fd \u00fa\u0159ad v rozsahu 5 a\u017e 15 \u010dlen\u016f podle celkov\u00e9ho po\u010dtu vlastn\u00edk\u016f a podle rozsahu \u0159e\u0161en\u00e9ho \u00fazem\u00ed.<\/p>\n<p>Pro p\u0159ehlednost a lep\u0161\u00ed pochopen\u00ed ze strany vlastn\u00edk\u016f je vystoupen\u00ed na\u0161ich projektant\u016f dopln\u011bno o projekci po\u010d\u00edta\u010dov\u00e9 prezentace, obsahuj\u00edc\u00ed zejm\u00e9na spoustu obrazov\u00fdch materi\u00e1l\u016f.<\/p>\n<p><strong>Funkce sboru z\u00e1stupc\u016f:<\/strong><\/p>\n<ul>\n<li>Pln\u00ed \u00falohu poradn\u00edho org\u00e1nu p\u0159i n\u00e1vrhu pl\u00e1nu spole\u010dn\u00fdch za\u0159\u00edzen\u00ed.<\/li>\n<li>Upozor\u0148uje na probl\u00e9my, kter\u00e9 je nutno v r\u00e1mci obvodu P\u00da \u0159e\u0161it \u2013 probl\u00e9my s nep\u0159\u00edstupnosti pozemk\u016f, nedostatek zpevn\u011bn\u00fdch cest, eroze v \u00fazem\u00ed, zan\u00e1\u0161en\u00ed vodn\u00edch tok\u016f splaveninami, \u0159e\u0161en\u00ed povod\u0148ov\u00e9 problematiky, v\u00fdstavba n\u00e1dr\u017e\u00ed nebo poldr\u016f, v\u00fdsadba v\u011btrolam\u016f \u010di jin\u00e9 zelen\u011b apod.<\/li>\n<li>Vyjad\u0159uje se a posuzuje pl\u00e1n spole\u010dn\u00fdch za\u0159\u00edzen\u00ed.<\/li>\n<li>Ur\u010duje priority v\u00fdstavby jednotliv\u00fdch prvk\u016f pl\u00e1nu spole\u010dn\u00fdch za\u0159\u00edzen\u00ed.<\/li>\n<li>Schvaluje odpu\u0161t\u011bn\u00ed doplatk\u016f, p\u0159i p\u0159ekro\u010den\u00ed cenov\u00e9 p\u0159im\u011b\u0159enosti.<\/li>\n<\/ul>\n","protected":false},"excerpt":{"rendered":"<p>Pozemkov\u00e9 \u00fapravy\u00a0\u00bb \u00davodn\u00ed jedn\u00e1n\u00ed Prvn\u00edm kontaktem s vlastn\u00edky by m\u011blo b\u00fdt tzv. \u00favodn\u00ed jedn\u00e1n\u00ed, na kter\u00e9 jsou zv\u00e1ni vlastn\u00edci v p\u0159edpokl\u00e1dan\u00e9m obvodu pozemkov\u00e9 \u00fapravy. Na n\u011bm jsou sezn\u00e1meni p\u0159edev\u0161\u00edm s \u00fa\u010delem, formou, obvodem pozemkov\u00e9 \u00fapravy a harmonogramem prac\u00ed. Na \u00favodn\u00edm&hellip; <\/p>\n","protected":false},"author":1,"featured_media":0,"parent":215,"menu_order":83,"comment_status":"closed","ping_status":"closed","template":"","meta":{"ngg_post_thumbnail":0,"footnotes":""},"class_list":["post-281","page","type-page","status-publish","hentry"],"_links":{"self":[{"href":"https:\/\/www.gb-geodezie.cz\/index.php?rest_route=\/wp\/v2\/pages\/281"}],"collection":[{"href":"https:\/\/www.gb-geodezie.cz\/index.php?rest_route=\/wp\/v2\/pages"}],"about":[{"href":"https:\/\/www.gb-geodezie.cz\/index.php?rest_route=\/wp\/v2\/types\/page"}],"author":[{"embeddable":true,"href":"https:\/\/www.gb-geodezie.cz\/index.php?rest_route=\/wp\/v2\/users\/1"}],"replies":[{"embeddable":true,"href":"https:\/\/www.gb-geodezie.cz\/index.php?rest_route=%2Fwp%2Fv2%2Fcomments&post=281"}],"version-history":[{"count":7,"href":"https:\/\/www.gb-geodezie.cz\/index.php?rest_route=\/wp\/v2\/pages\/281\/revisions"}],"predecessor-version":[{"id":1552,"href":"https:\/\/www.gb-geodezie.cz\/index.php?rest_route=\/wp\/v2\/pages\/281\/revisions\/1552"}],"up":[{"embeddable":true,"href":"https:\/\/www.gb-geodezie.cz\/index.php?rest_route=\/wp\/v2\/pages\/215"}],"wp:attachment":[{"href":"https:\/\/www.gb-geodezie.cz\/index.php?rest_route=%2Fwp%2Fv2%2Fmedia&parent=281"}],"curies":[{"name":"wp","href":"https:\/\/api.w.org\/{rel}","templated":true}]}}