
{"id":235,"date":"2016-01-26T17:41:09","date_gmt":"2016-01-26T16:41:09","guid":{"rendered":"http:\/\/10.10.20.35\/?page_id=235"},"modified":"2022-02-03T22:02:16","modified_gmt":"2022-02-03T21:02:16","slug":"zamereni-zajmoveho-uzemi","status":"publish","type":"page","link":"https:\/\/www.gb-geodezie.cz\/?page_id=235","title":{"rendered":"Zam\u011b\u0159en\u00ed z\u00e1jmov\u00e9ho \u00fazem\u00ed"},"content":{"rendered":"<p><strong><a href=\"http:\/\/www.gb-geodezie.cz\/?page_id=215\">Pozemkov\u00e9 \u00fapravy<\/a><strong>\u00a0<\/strong><span style=\"font-size: small;\">\u00bb <\/span>Zam\u011b\u0159en\u00ed z\u00e1jmov\u00e9ho \u00fazem\u00ed<\/strong><\/p>\n<p>\n<div class=\"ngg-galleryoverview ngg-slideshow\"\n\tid=\"ngg-slideshow-5597837b720877b0450cef05e77381c7-20033682800\"\n\tdata-gallery-id=\"5597837b720877b0450cef05e77381c7\"\n\tstyle=\"max-width: 650px;\n\t\t\tmax-height: 238px;\n\t\t\tdisplay: none;\">\n\n\t\n\t\t<a href=\"https:\/\/www.gb-geodezie.cz\/wp-content\/gallery\/pozemkove_upravy-zss\/zss1.jpg\"\n\t\t\ttitle=\"\"\n\t\t\tdata-src=\"https:\/\/www.gb-geodezie.cz\/wp-content\/gallery\/pozemkove_upravy-zss\/zss1.jpg\"\n\t\t\tdata-thumbnail=\"https:\/\/www.gb-geodezie.cz\/wp-content\/gallery\/pozemkove_upravy-zss\/thumbs\/thumbs_zss1.jpg\"\n\t\t\tdata-image-id=\"50\"\n\t\t\tdata-title=\"zss1\"\n\t\t\tdata-description=\"\"\n\t\t\t\t\t\t\t\t\t\t\t\t\t\t\tclass=\"shutterset_5597837b720877b0450cef05e77381c7\">\n\t\t\t\n\t\t\t<img data-image-id='50'\n\t\t\t\ttitle=\"\"\n\t\t\t\talt=\"zss1\"\n\t\t\t\tsrc=\"https:\/\/www.gb-geodezie.cz\/wp-content\/gallery\/pozemkove_upravy-zss\/zss1.jpg\"\n\t\t\t\tstyle=\"max-height: 218px;\"\/>\n\t\t<\/a>\n\n\t\t\n\t\t<a href=\"https:\/\/www.gb-geodezie.cz\/wp-content\/gallery\/pozemkove_upravy-zss\/zss2.JPG\"\n\t\t\ttitle=\"\"\n\t\t\tdata-src=\"https:\/\/www.gb-geodezie.cz\/wp-content\/gallery\/pozemkove_upravy-zss\/zss2.JPG\"\n\t\t\tdata-thumbnail=\"https:\/\/www.gb-geodezie.cz\/wp-content\/gallery\/pozemkove_upravy-zss\/thumbs\/thumbs_zss2.JPG\"\n\t\t\tdata-image-id=\"51\"\n\t\t\tdata-title=\"zss2\"\n\t\t\tdata-description=\"\"\n\t\t\t\t\t\t\t\t\t\t\t\t\t\t\tclass=\"shutterset_5597837b720877b0450cef05e77381c7\">\n\t\t\t\n\t\t\t<img data-image-id='51'\n\t\t\t\ttitle=\"\"\n\t\t\t\talt=\"zss2\"\n\t\t\t\tsrc=\"https:\/\/www.gb-geodezie.cz\/wp-content\/gallery\/pozemkove_upravy-zss\/zss2.JPG\"\n\t\t\t\tstyle=\"max-height: 218px;\"\/>\n\t\t<\/a>\n\n\t\t\n\t\t<a href=\"https:\/\/www.gb-geodezie.cz\/wp-content\/gallery\/pozemkove_upravy-zss\/zss3.JPG\"\n\t\t\ttitle=\"\"\n\t\t\tdata-src=\"https:\/\/www.gb-geodezie.cz\/wp-content\/gallery\/pozemkove_upravy-zss\/zss3.JPG\"\n\t\t\tdata-thumbnail=\"https:\/\/www.gb-geodezie.cz\/wp-content\/gallery\/pozemkove_upravy-zss\/thumbs\/thumbs_zss3.JPG\"\n\t\t\tdata-image-id=\"52\"\n\t\t\tdata-title=\"zss3\"\n\t\t\tdata-description=\"\"\n\t\t\t\t\t\t\t\t\t\t\t\t\t\t\tclass=\"shutterset_5597837b720877b0450cef05e77381c7\">\n\t\t\t\n\t\t\t<img data-image-id='52'\n\t\t\t\ttitle=\"\"\n\t\t\t\talt=\"zss3\"\n\t\t\t\tsrc=\"https:\/\/www.gb-geodezie.cz\/wp-content\/gallery\/pozemkove_upravy-zss\/zss3.JPG\"\n\t\t\t\tstyle=\"max-height: 218px;\"\/>\n\t\t<\/a>\n\n\t\t<\/div>\n\n\n<\/p>\n<p>Doch\u00e1z\u00ed k detailn\u00edmu zam\u011b\u0159en\u00ed z\u00e1jmov\u00e9ho \u00fazem\u00ed, kter\u00e9 slou\u017e\u00ed jako podklad pro v\u0161echny n\u00e1sledn\u00e9 etapy.<\/p>\n<p>P\u0159i zam\u011b\u0159en\u00ed z\u00e1jmov\u00e9ho \u00fazem\u00ed jsou vyu\u017e\u00edv\u00e1ny nejmodern\u011bj\u0161\u00ed p\u0159\u00edstroje a technologie, v\u010detn\u011b GNSS (GPS). P\u0159edm\u011btem zam\u011b\u0159en\u00ed jsou nejen p\u0159edm\u011bty, kter\u00e9 jsou obsahem souboru geodetick\u00fdch informac\u00ed katastru nemovitost\u00ed (budovy, hrani\u010dn\u00ed znaky, osa kolej\u00ed, apod.), ale i dal\u0161\u00ed prvky polohopisu a v\u00fd\u0161kopisu (poln\u00ed cesty, ploty, sloupy, znaky in\u017een\u00fdrsk\u00fdch s\u00edt\u00ed, \u0159\u00e1dky vinic a sad\u016f, ter\u00e9nn\u00ed hrany aj.). Pro n\u00e1vrh spole\u010dn\u00fdch za\u0159\u00edzen\u00ed je pak detailn\u011bji dom\u011b\u0159ov\u00e1n v\u00fd\u0161kopis u vybran\u00fdch nov\u011b navr\u017een\u00fdch prvk\u016f spole\u010dn\u00fdch za\u0159\u00edzen\u00ed (cesty, poldry, n\u00e1dr\u017ee ad.).<\/p>\n<p>V\u00fdsledn\u00e1 tematick\u00e1 mapa slou\u017e\u00ed jako v\u00fdznamn\u00fd podklad pro zpracov\u00e1n\u00ed pozemkov\u00e9 \u00fapravy.<\/p>\n<p>&nbsp;<\/p>\n<p>&nbsp;<\/p>\n<p>&nbsp;<\/p>\n","protected":false},"excerpt":{"rendered":"<p>Pozemkov\u00e9 \u00fapravy\u00a0\u00bb Zam\u011b\u0159en\u00ed z\u00e1jmov\u00e9ho \u00fazem\u00ed Doch\u00e1z\u00ed k detailn\u00edmu zam\u011b\u0159en\u00ed z\u00e1jmov\u00e9ho \u00fazem\u00ed, kter\u00e9 slou\u017e\u00ed jako podklad pro v\u0161echny n\u00e1sledn\u00e9 etapy. P\u0159i zam\u011b\u0159en\u00ed z\u00e1jmov\u00e9ho \u00fazem\u00ed jsou vyu\u017e\u00edv\u00e1ny nejmodern\u011bj\u0161\u00ed p\u0159\u00edstroje a technologie, v\u010detn\u011b GNSS (GPS). P\u0159edm\u011btem zam\u011b\u0159en\u00ed jsou nejen p\u0159edm\u011bty, kter\u00e9 jsou obsahem&hellip; <\/p>\n","protected":false},"author":1,"featured_media":0,"parent":215,"menu_order":82,"comment_status":"closed","ping_status":"closed","template":"","meta":{"ngg_post_thumbnail":0,"footnotes":""},"class_list":["post-235","page","type-page","status-publish","hentry"],"_links":{"self":[{"href":"https:\/\/www.gb-geodezie.cz\/index.php?rest_route=\/wp\/v2\/pages\/235"}],"collection":[{"href":"https:\/\/www.gb-geodezie.cz\/index.php?rest_route=\/wp\/v2\/pages"}],"about":[{"href":"https:\/\/www.gb-geodezie.cz\/index.php?rest_route=\/wp\/v2\/types\/page"}],"author":[{"embeddable":true,"href":"https:\/\/www.gb-geodezie.cz\/index.php?rest_route=\/wp\/v2\/users\/1"}],"replies":[{"embeddable":true,"href":"https:\/\/www.gb-geodezie.cz\/index.php?rest_route=%2Fwp%2Fv2%2Fcomments&post=235"}],"version-history":[{"count":32,"href":"https:\/\/www.gb-geodezie.cz\/index.php?rest_route=\/wp\/v2\/pages\/235\/revisions"}],"predecessor-version":[{"id":1553,"href":"https:\/\/www.gb-geodezie.cz\/index.php?rest_route=\/wp\/v2\/pages\/235\/revisions\/1553"}],"up":[{"embeddable":true,"href":"https:\/\/www.gb-geodezie.cz\/index.php?rest_route=\/wp\/v2\/pages\/215"}],"wp:attachment":[{"href":"https:\/\/www.gb-geodezie.cz\/index.php?rest_route=%2Fwp%2Fv2%2Fmedia&parent=235"}],"curies":[{"name":"wp","href":"https:\/\/api.w.org\/{rel}","templated":true}]}}