
{"id":229,"date":"2016-01-26T17:05:19","date_gmt":"2016-01-26T16:05:19","guid":{"rendered":"http:\/\/10.10.20.35\/?page_id=229"},"modified":"2022-02-03T22:04:20","modified_gmt":"2022-02-03T21:04:20","slug":"vyhodnoceni-podkladu-a-analyza-soucasneho-stavu","status":"publish","type":"page","link":"https:\/\/www.gb-geodezie.cz\/?page_id=229","title":{"rendered":"Vyhodnocen\u00ed podklad\u016f a rozbor sou\u010dasn\u00e9ho stavu"},"content":{"rendered":"<p><strong><a href=\"http:\/\/www.gb-geodezie.cz\/?page_id=215\">Pozemkov\u00e9 \u00fapravy<\/strong><\/a><strong>\u00a0<\/strong><span style=\"font-size: small;\">\u00bb <\/span><strong>Vyhodnocen\u00ed podklad\u016f a\u00a0rozbor sou\u010dasn\u00e9ho stavu<\/strong><\/p>\n<p>\n<div class=\"ngg-galleryoverview ngg-slideshow\"\n\tid=\"ngg-slideshow-9bae38d9a24266e35217aecd980956bb-7108576680\"\n\tdata-gallery-id=\"9bae38d9a24266e35217aecd980956bb\"\n\tstyle=\"max-width: 650px;\n\t\t\tmax-height: 238px;\n\t\t\tdisplay: none;\">\n\n\t\n\t\t<a href=\"https:\/\/www.gb-geodezie.cz\/wp-content\/gallery\/pozemkove_upravy-rozbor_soucasneho_stavu\/pozemkove_upravy-rozbor_soucasneho_stavu2-1.jpg\"\n\t\t\ttitle=\"\"\n\t\t\tdata-src=\"https:\/\/www.gb-geodezie.cz\/wp-content\/gallery\/pozemkove_upravy-rozbor_soucasneho_stavu\/pozemkove_upravy-rozbor_soucasneho_stavu2-1.jpg\"\n\t\t\tdata-thumbnail=\"https:\/\/www.gb-geodezie.cz\/wp-content\/gallery\/pozemkove_upravy-rozbor_soucasneho_stavu\/thumbs\/thumbs_pozemkove_upravy-rozbor_soucasneho_stavu2-1.jpg\"\n\t\t\tdata-image-id=\"36\"\n\t\t\tdata-title=\"OLYMPUS DIGITAL CAMERA\"\n\t\t\tdata-description=\"\"\n\t\t\t\t\t\t\t\t\t\t\t\t\t\t\tclass=\"shutterset_9bae38d9a24266e35217aecd980956bb\">\n\t\t\t\n\t\t\t<img data-image-id='36'\n\t\t\t\ttitle=\"\"\n\t\t\t\talt=\"OLYMPUS DIGITAL CAMERA\"\n\t\t\t\tsrc=\"https:\/\/www.gb-geodezie.cz\/wp-content\/gallery\/pozemkove_upravy-rozbor_soucasneho_stavu\/pozemkove_upravy-rozbor_soucasneho_stavu2-1.jpg\"\n\t\t\t\tstyle=\"max-height: 218px;\"\/>\n\t\t<\/a>\n\n\t\t\n\t\t<a href=\"https:\/\/www.gb-geodezie.cz\/wp-content\/gallery\/pozemkove_upravy-rozbor_soucasneho_stavu\/pozemkove_upravy-rozbor_soucasneho_stavu3-1.jpg\"\n\t\t\ttitle=\"\"\n\t\t\tdata-src=\"https:\/\/www.gb-geodezie.cz\/wp-content\/gallery\/pozemkove_upravy-rozbor_soucasneho_stavu\/pozemkove_upravy-rozbor_soucasneho_stavu3-1.jpg\"\n\t\t\tdata-thumbnail=\"https:\/\/www.gb-geodezie.cz\/wp-content\/gallery\/pozemkove_upravy-rozbor_soucasneho_stavu\/thumbs\/thumbs_pozemkove_upravy-rozbor_soucasneho_stavu3-1.jpg\"\n\t\t\tdata-image-id=\"37\"\n\t\t\tdata-title=\"OLYMPUS DIGITAL CAMERA\"\n\t\t\tdata-description=\"\"\n\t\t\t\t\t\t\t\t\t\t\t\t\t\t\tclass=\"shutterset_9bae38d9a24266e35217aecd980956bb\">\n\t\t\t\n\t\t\t<img data-image-id='37'\n\t\t\t\ttitle=\"\"\n\t\t\t\talt=\"OLYMPUS DIGITAL CAMERA\"\n\t\t\t\tsrc=\"https:\/\/www.gb-geodezie.cz\/wp-content\/gallery\/pozemkove_upravy-rozbor_soucasneho_stavu\/pozemkove_upravy-rozbor_soucasneho_stavu3-1.jpg\"\n\t\t\t\tstyle=\"max-height: 218px;\"\/>\n\t\t<\/a>\n\n\t\t\n\t\t<a href=\"https:\/\/www.gb-geodezie.cz\/wp-content\/gallery\/pozemkove_upravy-rozbor_soucasneho_stavu\/pozemkove_upravy-rozbor_soucasneho_stavu4.jpg\"\n\t\t\ttitle=\"\"\n\t\t\tdata-src=\"https:\/\/www.gb-geodezie.cz\/wp-content\/gallery\/pozemkove_upravy-rozbor_soucasneho_stavu\/pozemkove_upravy-rozbor_soucasneho_stavu4.jpg\"\n\t\t\tdata-thumbnail=\"https:\/\/www.gb-geodezie.cz\/wp-content\/gallery\/pozemkove_upravy-rozbor_soucasneho_stavu\/thumbs\/thumbs_pozemkove_upravy-rozbor_soucasneho_stavu4.jpg\"\n\t\t\tdata-image-id=\"43\"\n\t\t\tdata-title=\"pozemkove_upravy-rozbor_soucasneho_stavu4\"\n\t\t\tdata-description=\"\"\n\t\t\t\t\t\t\t\t\t\t\t\t\t\t\tclass=\"shutterset_9bae38d9a24266e35217aecd980956bb\">\n\t\t\t\n\t\t\t<img data-image-id='43'\n\t\t\t\ttitle=\"\"\n\t\t\t\talt=\"pozemkove_upravy-rozbor_soucasneho_stavu4\"\n\t\t\t\tsrc=\"https:\/\/www.gb-geodezie.cz\/wp-content\/gallery\/pozemkove_upravy-rozbor_soucasneho_stavu\/pozemkove_upravy-rozbor_soucasneho_stavu4.jpg\"\n\t\t\t\tstyle=\"max-height: 218px;\"\/>\n\t\t<\/a>\n\n\t\t\n\t\t<a href=\"https:\/\/www.gb-geodezie.cz\/wp-content\/gallery\/pozemkove_upravy-rozbor_soucasneho_stavu\/pozemkove_upravy-rozbor_soucasneho_stavu5.jpg\"\n\t\t\ttitle=\"\"\n\t\t\tdata-src=\"https:\/\/www.gb-geodezie.cz\/wp-content\/gallery\/pozemkove_upravy-rozbor_soucasneho_stavu\/pozemkove_upravy-rozbor_soucasneho_stavu5.jpg\"\n\t\t\tdata-thumbnail=\"https:\/\/www.gb-geodezie.cz\/wp-content\/gallery\/pozemkove_upravy-rozbor_soucasneho_stavu\/thumbs\/thumbs_pozemkove_upravy-rozbor_soucasneho_stavu5.jpg\"\n\t\t\tdata-image-id=\"44\"\n\t\t\tdata-title=\"pozemkove_upravy-rozbor_soucasneho_stavu5\"\n\t\t\tdata-description=\"\"\n\t\t\t\t\t\t\t\t\t\t\t\t\t\t\tclass=\"shutterset_9bae38d9a24266e35217aecd980956bb\">\n\t\t\t\n\t\t\t<img data-image-id='44'\n\t\t\t\ttitle=\"\"\n\t\t\t\talt=\"pozemkove_upravy-rozbor_soucasneho_stavu5\"\n\t\t\t\tsrc=\"https:\/\/www.gb-geodezie.cz\/wp-content\/gallery\/pozemkove_upravy-rozbor_soucasneho_stavu\/pozemkove_upravy-rozbor_soucasneho_stavu5.jpg\"\n\t\t\t\tstyle=\"max-height: 218px;\"\/>\n\t\t<\/a>\n\n\t\t\n\t\t<a href=\"https:\/\/www.gb-geodezie.cz\/wp-content\/gallery\/pozemkove_upravy-rozbor_soucasneho_stavu\/pozemkove_upravy-rozbor_soucasneho_stavu6.jpg\"\n\t\t\ttitle=\"\"\n\t\t\tdata-src=\"https:\/\/www.gb-geodezie.cz\/wp-content\/gallery\/pozemkove_upravy-rozbor_soucasneho_stavu\/pozemkove_upravy-rozbor_soucasneho_stavu6.jpg\"\n\t\t\tdata-thumbnail=\"https:\/\/www.gb-geodezie.cz\/wp-content\/gallery\/pozemkove_upravy-rozbor_soucasneho_stavu\/thumbs\/thumbs_pozemkove_upravy-rozbor_soucasneho_stavu6.jpg\"\n\t\t\tdata-image-id=\"45\"\n\t\t\tdata-title=\"pozemkove_upravy-rozbor_soucasneho_stavu6\"\n\t\t\tdata-description=\"\"\n\t\t\t\t\t\t\t\t\t\t\t\t\t\t\tclass=\"shutterset_9bae38d9a24266e35217aecd980956bb\">\n\t\t\t\n\t\t\t<img data-image-id='45'\n\t\t\t\ttitle=\"\"\n\t\t\t\talt=\"pozemkove_upravy-rozbor_soucasneho_stavu6\"\n\t\t\t\tsrc=\"https:\/\/www.gb-geodezie.cz\/wp-content\/gallery\/pozemkove_upravy-rozbor_soucasneho_stavu\/pozemkove_upravy-rozbor_soucasneho_stavu6.jpg\"\n\t\t\t\tstyle=\"max-height: 218px;\"\/>\n\t\t<\/a>\n\n\t\t<\/div>\n\n\n<\/p>\n<p>Na po\u010d\u00e1tku prac\u00ed jsou shroma\u017e\u010fov\u00e1ny ve\u0161ker\u00e9 dostupn\u00e9 podklady, kter\u00e9 jsou n\u00e1sledn\u011b vyhodnoceny. Sou\u010d\u00e1st\u00ed etapy je i podrobn\u00fd ter\u00e9nn\u00ed pr\u016fzkum.<\/p>\n<p>K podklad\u016fm pat\u0159\u00ed p\u0159edev\u0161\u00edm mapy a dal\u0161\u00ed \u00fadaje katastru nemovitost\u00ed, \u00fazemn\u011b pl\u00e1novac\u00ed podklady a dokumentace \u010di dostupn\u00e9 projektov\u00e9 dokumentace v z\u00e1jmov\u00e9m \u00fazem\u00ed.<\/p>\n<p>D\u016fle\u017eitou \u010d\u00e1st\u00ed z pohledu zpracovatele je ter\u00e9nn\u00ed pr\u016fzkum. Toho se \u00fa\u010dastn\u00ed odpov\u011bdn\u00ed projektanti pozemkov\u00e9 \u00fapravy, projektanti n\u00e1vrhu spole\u010dn\u00fdch za\u0159\u00edzen\u00ed i geodeti. V ter\u00e9nu po\u0159\u00edzen\u00e1 bohat\u00e1 dokumentace pak slou\u017e\u00ed p\u0159i n\u00e1sledn\u00fdch etap\u00e1ch pozemkov\u00e9 \u00fapravy. D\u016fraz je db\u00e1n p\u0159edev\u0161\u00edm na<\/p>\n<ul>\n<li>stav cestn\u00ed s\u00edt\u011b<\/li>\n<li>vodohospod\u00e1\u0159sk\u00e9 prvky<\/li>\n<li>krajinn\u00fd r\u00e1z<\/li>\n<li>projevy vodn\u00ed a v\u011btrn\u00e9 eroze<\/li>\n<\/ul>\n<p>V\u00fdznamn\u00fdm podkladem jsou tak\u00e9 fotografie po\u0159\u00edzen\u00e9 ob\u010dany p\u0159i v\u011bt\u0161\u00edch de\u0161t\u00edch \u010di lok\u00e1ln\u00edch z\u00e1plav\u00e1ch, kter\u00e9 zpravidla shroma\u017e\u010fuj\u00ed z\u00e1stupci m\u00edstn\u00edch samospr\u00e1v zejm\u00e9na pro dokumentaci \u0161kod.<\/p>\n<p>&nbsp;<\/p>\n","protected":false},"excerpt":{"rendered":"<p>Pozemkov\u00e9 \u00fapravy\u00a0\u00bb Vyhodnocen\u00ed podklad\u016f a\u00a0rozbor sou\u010dasn\u00e9ho stavu Na po\u010d\u00e1tku prac\u00ed jsou shroma\u017e\u010fov\u00e1ny ve\u0161ker\u00e9 dostupn\u00e9 podklady, kter\u00e9 jsou n\u00e1sledn\u011b vyhodnoceny. Sou\u010d\u00e1st\u00ed etapy je i podrobn\u00fd ter\u00e9nn\u00ed pr\u016fzkum. K podklad\u016fm pat\u0159\u00ed p\u0159edev\u0161\u00edm mapy a dal\u0161\u00ed \u00fadaje katastru nemovitost\u00ed, \u00fazemn\u011b pl\u00e1novac\u00ed podklady a&hellip; <\/p>\n","protected":false},"author":1,"featured_media":0,"parent":215,"menu_order":81,"comment_status":"closed","ping_status":"closed","template":"","meta":{"ngg_post_thumbnail":0,"footnotes":""},"class_list":["post-229","page","type-page","status-publish","hentry"],"_links":{"self":[{"href":"https:\/\/www.gb-geodezie.cz\/index.php?rest_route=\/wp\/v2\/pages\/229"}],"collection":[{"href":"https:\/\/www.gb-geodezie.cz\/index.php?rest_route=\/wp\/v2\/pages"}],"about":[{"href":"https:\/\/www.gb-geodezie.cz\/index.php?rest_route=\/wp\/v2\/types\/page"}],"author":[{"embeddable":true,"href":"https:\/\/www.gb-geodezie.cz\/index.php?rest_route=\/wp\/v2\/users\/1"}],"replies":[{"embeddable":true,"href":"https:\/\/www.gb-geodezie.cz\/index.php?rest_route=%2Fwp%2Fv2%2Fcomments&post=229"}],"version-history":[{"count":32,"href":"https:\/\/www.gb-geodezie.cz\/index.php?rest_route=\/wp\/v2\/pages\/229\/revisions"}],"predecessor-version":[{"id":1555,"href":"https:\/\/www.gb-geodezie.cz\/index.php?rest_route=\/wp\/v2\/pages\/229\/revisions\/1555"}],"up":[{"embeddable":true,"href":"https:\/\/www.gb-geodezie.cz\/index.php?rest_route=\/wp\/v2\/pages\/215"}],"wp:attachment":[{"href":"https:\/\/www.gb-geodezie.cz\/index.php?rest_route=%2Fwp%2Fv2%2Fmedia&parent=229"}],"curies":[{"name":"wp","href":"https:\/\/api.w.org\/{rel}","templated":true}]}}