
{"id":215,"date":"2016-01-26T14:47:11","date_gmt":"2016-01-26T13:47:11","guid":{"rendered":"http:\/\/10.10.20.35\/?page_id=215"},"modified":"2022-09-09T14:52:49","modified_gmt":"2022-09-09T13:52:49","slug":"pozemkove-upravy","status":"publish","type":"page","link":"https:\/\/www.gb-geodezie.cz\/?page_id=215","title":{"rendered":"Pozemkov\u00e9 \u00fapravy"},"content":{"rendered":"<h5>Pozemkov\u00e9 \u00fapravy<span style=\"text-decoration: underline;\"><img loading=\"lazy\" decoding=\"async\" class=\"alignright wp-image-240 size-full\" src=\"http:\/\/www.gb-geodezie.cz\/wp-content\/uploads\/2016\/01\/pozemkove-upravy1.png\" alt=\"pozemkove-upravy1\" width=\"250\" height=\"176\" \/><\/span><\/h5>\n<p>Ve zpracov\u00e1n\u00ed pozemkov\u00fdch \u00faprav m\u00e1 firma GB-geodezie, spol. s r.o. dlouholet\u00e9 zku\u0161enosti. Za tuto dobu z\u00edskali na\u0161i odborn\u00edci nep\u0159ebern\u00e9 mno\u017estv\u00ed zku\u0161enost\u00ed.<\/p>\n<ul>\n<li><span style=\"text-decoration: underline;\"><a title=\"\" href=\"http:\/\/www.gb-geodezie.cz\/?page_id=235\">zam\u011b\u0159en\u00ed z\u00e1jmov\u00e9ho \u00fazem\u00ed<\/a><\/span><\/li>\n<li><span style=\"text-decoration: underline;\"><a title=\"\" href=\"http:\/\/www.gb-geodezie.cz\/?page_id=229\">vyhodnocen\u00ed podklad\u016f a\u00a0rozbor sou\u010dasn\u00e9ho stavu<\/a><\/span><\/li>\n<li><span style=\"text-decoration: underline;\"><a title=\"\" href=\"http:\/\/www.gb-geodezie.cz\/?page_id=281\">\u00favodn\u00ed jedn\u00e1n\u00ed<\/a><\/span><\/li>\n<li><span style=\"text-decoration: underline;\"><a title=\"\" href=\"http:\/\/www.gb-geodezie.cz\/?page_id=285\">zji\u0161\u0165ov\u00e1n\u00ed pr\u016fb\u011bhu hranic na obvodu pozemkov\u00fdch \u00faprav<\/a><\/span><\/li>\n<li><span style=\"text-decoration: underline;\"><a title=\"\" href=\"http:\/\/www.gb-geodezie.cz\/?page_id=288\">pl\u00e1n spole\u010dn\u00fdch za\u0159\u00edzen\u00ed<\/a><img loading=\"lazy\" decoding=\"async\" class=\"alignright wp-image-239 size-full\" src=\"http:\/\/www.gb-geodezie.cz\/wp-content\/uploads\/2016\/01\/pozemkove-upravy2.png\" alt=\"pozemkove-upravy2\" width=\"250\" height=\"170\" \/><\/span><\/li>\n<li><span style=\"text-decoration: underline;\"><a title=\"\" href=\"http:\/\/www.gb-geodezie.cz\/?page_id=291\">n\u00e1roky<\/a><\/span><\/li>\n<li><span style=\"text-decoration: underline;\"><a title=\"\" href=\"http:\/\/www.gb-geodezie.cz\/?page_id=293\">n\u00e1vrh nov\u00e9ho uspo\u0159\u00e1d\u00e1n\u00ed<\/a><\/span><\/li>\n<li><span style=\"text-decoration: underline;\"><a title=\"\" href=\"http:\/\/www.gb-geodezie.cz\/?page_id=296\">z\u00e1v\u011bre\u010dn\u00e9 jedn\u00e1n\u00ed<\/a><\/span><\/li>\n<li><span style=\"text-decoration: underline;\"><a title=\"\" href=\"http:\/\/www.gb-geodezie.cz\/?page_id=298\">digit\u00e1ln\u00ed katastr\u00e1ln\u00ed mapa<\/a><\/span><\/li>\n<li><span style=\"text-decoration: underline;\"><a title=\"\" href=\"http:\/\/www.gb-geodezie.cz\/?page_id=300\">realiza\u010dn\u00ed pr\u00e1ce<\/a><\/span><\/li>\n<\/ul>\n<p><strong>Doposud\u00a0jsme zpracovali pozemkov\u00e9 \u00fapravy, KoP\u00da i JP\u00da, celkem na 72 katastr\u00e1ln\u00edch \u00fazem\u00edch\u00a0o celkov\u00e9 v\u00fdm\u011b\u0159e p\u0159ibli\u017en\u011b 59 tis\u00edc hektar\u016f.<\/strong><\/p>\n<p><strong>Mezi na\u0161imi obchodn\u00edmi partnery je 21 pobo\u010dek St\u00e1tn\u00edch pozemkov\u00fdch \u00fa\u0159ad\u016f\u00a0v 8 kraj\u00edch \u010cR.<\/strong><\/p>\n<p>&nbsp;<\/p>\n<p><strong>V\u00a0sou\u010dasnosti zpracov\u00e1v\u00e1me n\u00e1sleduj\u00edc\u00ed pozemkov\u00e9 \u00fapravy:<\/strong><\/p>\n<table width=\"406\">\n<tbody>\n<tr>\n<td width=\"216\"><strong>n\u00e1zev akce<\/strong><\/td>\n<td width=\"190\"><strong>pobo\u010dka SP\u00da<\/strong><\/td>\n<\/tr>\n<tr>\n<td>Bzov\u00e1 u Ho\u0159ovic<\/td>\n<td>Beroun<\/td>\n<\/tr>\n<tr>\n<td>Debl\u00edn<\/td>\n<td>Brno &#8211; venkov<\/td>\n<\/tr>\n<tr>\n<td>D\u00edv\u010d\u00ed Hrad<\/td>\n<td>Brunt\u00e1l<\/td>\n<\/tr>\n<tr>\n<td>Doln\u00ed Povelice<\/td>\n<td>Brunt\u00e1l<\/td>\n<\/tr>\n<tr>\n<td>S\u00e1dek u D\u00edv\u010d\u00edho Hradu<\/td>\n<td>Brunt\u00e1l<\/td>\n<\/tr>\n<tr>\n<td>Krumv\u00ed\u0159<\/td>\n<td>B\u0159eclav<\/td>\n<\/tr>\n<tr>\n<td>Lan\u017ehot<\/td>\n<td>B\u0159eclav<\/td>\n<\/tr>\n<tr>\n<td>Brni\u0161t\u011b<\/td>\n<td>\u010cesk\u00e1 L\u00edpa<\/td>\n<\/tr>\n<tr>\n<td>Dubnice pod Ralskem<\/td>\n<td>\u010cesk\u00e1 L\u00edpa<\/td>\n<\/tr>\n<tr>\n<td>Velk\u00fd Grunov<\/td>\n<td>\u010cesk\u00e1 L\u00edpa<\/td>\n<\/tr>\n<tr>\n<td>Fry\u010dovice<\/td>\n<td>Fr\u00fddek M\u00edstek<\/td>\n<\/tr>\n<tr>\n<td>Dub\u0148any<\/td>\n<td>Hodon\u00edn<\/td>\n<\/tr>\n<tr>\n<td>Vacenovice<\/td>\n<td>Hodon\u00edn<\/td>\n<\/tr>\n<tr>\n<td>B\u0159ezno u Chomutova<\/td>\n<td>Chomutov<\/td>\n<\/tr>\n<tr>\n<td>Bud\u00ed\u0161kovice<\/td>\n<td>Jind\u0159ich\u016fv hradec<\/td>\n<\/tr>\n<tr>\n<td>Mane\u0161ovice<\/td>\n<td>Jind\u0159ich\u016fv hradec<\/td>\n<\/tr>\n<tr>\n<td>P\u00edse\u010dn\u00e9 u slavonic<\/td>\n<td>Jind\u0159ich\u016fv hradec<\/td>\n<\/tr>\n<tr>\n<td>Vesce<\/td>\n<td>Jind\u0159ich\u016fv hradec<\/td>\n<\/tr>\n<tr>\n<td>Jarohn\u011bvice<\/td>\n<td>Krom\u011b\u0159\u00ed\u017e<\/td>\n<\/tr>\n<tr>\n<td>Martinice<\/td>\n<td>Krom\u011b\u0159\u00ed\u017e<\/td>\n<\/tr>\n<tr>\n<td>Vrchy<\/td>\n<td>Nov\u00fd ji\u010d\u00edn<\/td>\n<\/tr>\n<tr>\n<td>Uni\u010dov<\/td>\n<td>Olomouc<\/td>\n<\/tr>\n<tr>\n<td>Old\u0159i\u0161ov<\/td>\n<td>Opava<\/td>\n<\/tr>\n<tr>\n<td>Bous\u00edn<\/td>\n<td>Prost\u011bjov<\/td>\n<\/tr>\n<tr>\n<td>Repechy<\/td>\n<td>Prost\u011bjov<\/td>\n<\/tr>\n<tr>\n<td>V\u0159esovice<\/td>\n<td>Prost\u011bjov<\/td>\n<\/tr>\n<tr>\n<td>Budkov<\/td>\n<td>T\u0159eb\u00ed\u010d<\/td>\n<\/tr>\n<tr>\n<td>Kostelany<\/td>\n<td>Uhersk\u00e9 Hradi\u0161t\u011b<\/td>\n<\/tr>\n<tr>\n<td>Kunovice<\/td>\n<td>Uhersk\u00e9 Hradi\u0161t\u011b<\/td>\n<\/tr>\n<tr>\n<td>Nedakonice<\/td>\n<td>Uhersk\u00e9 Hradi\u0161t\u011b<\/td>\n<\/tr>\n<tr>\n<td>Vl\u010dnov<\/td>\n<td>uhersk\u00e9 hradi\u0161t\u011b<\/td>\n<\/tr>\n<tr>\n<td>Bohuslavice u Zl\u00edna<\/td>\n<td>Zl\u00edn<\/td>\n<\/tr>\n<tr>\n<td>Sto\u0161\u00edkovice na Louce<\/td>\n<td>Znojmo<\/td>\n<\/tr>\n<\/tbody>\n<\/table>\n","protected":false},"excerpt":{"rendered":"<p>Pozemkov\u00e9 \u00fapravy Ve zpracov\u00e1n\u00ed pozemkov\u00fdch \u00faprav m\u00e1 firma GB-geodezie, spol. s r.o. dlouholet\u00e9 zku\u0161enosti. Za tuto dobu z\u00edskali na\u0161i odborn\u00edci nep\u0159ebern\u00e9 mno\u017estv\u00ed zku\u0161enost\u00ed. zam\u011b\u0159en\u00ed z\u00e1jmov\u00e9ho \u00fazem\u00ed vyhodnocen\u00ed podklad\u016f a\u00a0rozbor sou\u010dasn\u00e9ho stavu \u00favodn\u00ed jedn\u00e1n\u00ed zji\u0161\u0165ov\u00e1n\u00ed pr\u016fb\u011bhu hranic na obvodu pozemkov\u00fdch \u00faprav&hellip; <\/p>\n","protected":false},"author":1,"featured_media":0,"parent":0,"menu_order":80,"comment_status":"closed","ping_status":"closed","template":"","meta":{"ngg_post_thumbnail":0,"footnotes":""},"class_list":["post-215","page","type-page","status-publish","hentry"],"_links":{"self":[{"href":"https:\/\/www.gb-geodezie.cz\/index.php?rest_route=\/wp\/v2\/pages\/215"}],"collection":[{"href":"https:\/\/www.gb-geodezie.cz\/index.php?rest_route=\/wp\/v2\/pages"}],"about":[{"href":"https:\/\/www.gb-geodezie.cz\/index.php?rest_route=\/wp\/v2\/types\/page"}],"author":[{"embeddable":true,"href":"https:\/\/www.gb-geodezie.cz\/index.php?rest_route=\/wp\/v2\/users\/1"}],"replies":[{"embeddable":true,"href":"https:\/\/www.gb-geodezie.cz\/index.php?rest_route=%2Fwp%2Fv2%2Fcomments&post=215"}],"version-history":[{"count":51,"href":"https:\/\/www.gb-geodezie.cz\/index.php?rest_route=\/wp\/v2\/pages\/215\/revisions"}],"predecessor-version":[{"id":1562,"href":"https:\/\/www.gb-geodezie.cz\/index.php?rest_route=\/wp\/v2\/pages\/215\/revisions\/1562"}],"wp:attachment":[{"href":"https:\/\/www.gb-geodezie.cz\/index.php?rest_route=%2Fwp%2Fv2%2Fmedia&parent=215"}],"curies":[{"name":"wp","href":"https:\/\/api.w.org\/{rel}","templated":true}]}}