
{"id":20,"date":"2016-01-21T16:04:50","date_gmt":"2016-01-21T15:04:50","guid":{"rendered":"http:\/\/10.10.20.35\/?page_id=20"},"modified":"2026-03-20T11:25:11","modified_gmt":"2026-03-20T10:25:11","slug":"hledame-vas","status":"publish","type":"page","link":"https:\/\/www.gb-geodezie.cz\/?page_id=20","title":{"rendered":"Hled\u00e1me V\u00e1s"},"content":{"rendered":"<h5>Nab\u00eddka zam\u011bstn\u00e1n\u00ed<img loading=\"lazy\" decoding=\"async\" class=\"wp-image-206 alignright\" src=\"http:\/\/www.gb-geodezie.cz\/wp-content\/uploads\/2016\/01\/business-job-300x300.jpg\" alt=\"business-job\" width=\"148\" height=\"148\" srcset=\"https:\/\/www.gb-geodezie.cz\/wp-content\/uploads\/2016\/01\/business-job-300x300.jpg 300w, https:\/\/www.gb-geodezie.cz\/wp-content\/uploads\/2016\/01\/business-job-150x150.jpg 150w, https:\/\/www.gb-geodezie.cz\/wp-content\/uploads\/2016\/01\/business-job-230x230.jpg 230w, https:\/\/www.gb-geodezie.cz\/wp-content\/uploads\/2016\/01\/business-job-80x80.jpg 80w, https:\/\/www.gb-geodezie.cz\/wp-content\/uploads\/2016\/01\/business-job.jpg 626w\" sizes=\"(max-width: 148px) 100vw, 148px\" \/><\/h5>\n<p>Jste p\u0159ipraveni zvl\u00e1dat vysok\u00e9 pracovn\u00ed nasazen\u00ed, ochotni cestovat a z\u00e1rove\u0148 b\u00fdt sou\u010d\u00e1st\u00ed sehran\u00e9ho kolektivu profesion\u00e1l\u016f? Jste nez\u00e1visl\u00e1 a flexibiln\u00ed osobnost, kter\u00e1 nehled\u00e1 pouze voln\u00e9 pracovn\u00ed m\u00edsto, ale zejm\u00e9na prostor, ve kter\u00e9m se m\u016f\u017ee realizovat? M\u00e1te-li z\u00e1jem spojit sv\u016fj \u00fasp\u011bch s na\u0161\u00edm, nev\u00e1hejte a kontaktujte n\u00e1s!<\/p>\n<p>GB-geodezie, spol. s r.o., je jedn\u00edm z nejv\u011bt\u0161\u00edch dodavatel\u016f geodetick\u00fdch prac\u00ed v \u010cR, kter\u00fd nab\u00edz\u00ed komplexn\u00ed nab\u00eddku geodetick\u00fdch prac\u00ed a slu\u017eeb. P\u0159ijm\u011bte na\u0161i v\u00fdzvu a sta\u0148te se sou\u010d\u00e1st\u00ed na\u0161eho zku\u0161en\u00e9ho pracovn\u00edho t\u00fdmu!<\/p>\n<p>&nbsp;<\/p>\n<p><strong>Nyn\u00ed hled\u00e1me nov\u00e9ho kolegu \/ novou kolegyni do na\u0161eho kolektivu.&nbsp;<\/strong><\/p>\n<p>P\u0159ijmeme<strong> geodety i brig\u00e1dn\u00edky<\/strong> <strong>S\u0160\/V\u0160 pro pracovi\u0161t\u011b Brno a Olomouc&nbsp;<\/strong>s&nbsp;n\u00e1stupem ihned:<\/p>\n<p>&nbsp;<\/p>\n<ul>\n<li><strong><a style=\"text-decoration: underline;\" href=\"http:\/\/www.gb-geodezie.cz\/?page_id=198\">Geodet \/ Geodetka<\/a><\/strong><\/li>\n<li><strong><a style=\"text-decoration: underline;\" href=\"http:\/\/www.gb-geodezie.cz\/?page_id=1265\">Geodet \/ Geodetka \u2013 zpracov\u00e1n\u00ed geometrick\u00fdch pl\u00e1n\u016f<\/a><\/strong><\/li>\n<li><strong><a style=\"text-decoration: underline;\" href=\"http:\/\/www.gb-geodezie.cz\/?page_id=1274\">Geodet pro m\u011b\u0159ick\u00e9 pr\u00e1ce v&nbsp;ter\u00e9nu &nbsp;(Pracovi\u0161t\u011b OLOMOUC)<\/a><\/strong><\/li>\n<\/ul>\n<p>&nbsp;<\/p>\n<p>Informujte se pros\u00edm p\u0159\u00edmo na p\u0159\u00edslu\u0161n\u00fdch pracovi\u0161t\u00edch, viz str\u00e1nka <a href=\"http:\/\/www.gb-geodezie.cz\/index.php\/kontakty\/\">Kontakt<\/a> a to i o mo\u017enostech brig\u00e1d.<\/p>\n","protected":false},"excerpt":{"rendered":"<p>Nab\u00eddka zam\u011bstn\u00e1n\u00ed Jste p\u0159ipraveni zvl\u00e1dat vysok\u00e9 pracovn\u00ed nasazen\u00ed, ochotni cestovat a z\u00e1rove\u0148 b\u00fdt sou\u010d\u00e1st\u00ed sehran\u00e9ho kolektivu profesion\u00e1l\u016f? Jste nez\u00e1visl\u00e1 a flexibiln\u00ed osobnost, kter\u00e1 nehled\u00e1 pouze voln\u00e9 pracovn\u00ed m\u00edsto, ale zejm\u00e9na prostor, ve kter\u00e9m se m\u016f\u017ee realizovat? M\u00e1te-li z\u00e1jem spojit sv\u016fj&hellip; <\/p>\n","protected":false},"author":1,"featured_media":0,"parent":0,"menu_order":3,"comment_status":"closed","ping_status":"closed","template":"","meta":{"ngg_post_thumbnail":0,"footnotes":""},"class_list":["post-20","page","type-page","status-publish","hentry"],"_links":{"self":[{"href":"https:\/\/www.gb-geodezie.cz\/index.php?rest_route=\/wp\/v2\/pages\/20"}],"collection":[{"href":"https:\/\/www.gb-geodezie.cz\/index.php?rest_route=\/wp\/v2\/pages"}],"about":[{"href":"https:\/\/www.gb-geodezie.cz\/index.php?rest_route=\/wp\/v2\/types\/page"}],"author":[{"embeddable":true,"href":"https:\/\/www.gb-geodezie.cz\/index.php?rest_route=\/wp\/v2\/users\/1"}],"replies":[{"embeddable":true,"href":"https:\/\/www.gb-geodezie.cz\/index.php?rest_route=%2Fwp%2Fv2%2Fcomments&post=20"}],"version-history":[{"count":73,"href":"https:\/\/www.gb-geodezie.cz\/index.php?rest_route=\/wp\/v2\/pages\/20\/revisions"}],"predecessor-version":[{"id":1691,"href":"https:\/\/www.gb-geodezie.cz\/index.php?rest_route=\/wp\/v2\/pages\/20\/revisions\/1691"}],"wp:attachment":[{"href":"https:\/\/www.gb-geodezie.cz\/index.php?rest_route=%2Fwp%2Fv2%2Fmedia&parent=20"}],"curies":[{"name":"wp","href":"https:\/\/api.w.org\/{rel}","templated":true}]}}