
{"id":194,"date":"2016-01-25T20:39:16","date_gmt":"2016-01-25T19:39:16","guid":{"rendered":"http:\/\/10.10.20.35\/?page_id=194"},"modified":"2016-01-26T14:27:30","modified_gmt":"2016-01-26T13:27:30","slug":"projektant-pozemkovych-uprav","status":"publish","type":"page","link":"https:\/\/www.gb-geodezie.cz\/?page_id=194","title":{"rendered":"Projektant pozemkov\u00fdch \u00faprav"},"content":{"rendered":"<p><strong>Projektant pozemkov\u00fdch \u00faprav (Brno)<\/strong><\/p>\n<p><strong>Pracovn\u00ed n\u00e1pl\u0148:<\/strong><\/p>\n<ul>\n<li>projekce pozemkov\u00fdch \u00faprav (anal\u00fdzy, n\u00e1roky, PSZ, n\u00e1vrh atd.)<\/li>\n<li>komunikace s vlastn\u00edky pozemk\u016f, se z\u00e1stupcem objednatele<\/li>\n<li>zpracov\u00e1n\u00ed dat v prost\u0159ed\u00ed Microstation \u2013 nadstavba POZEM<\/li>\n<li>\u0159\u00edzen\u00ed motorov\u00fdch vozidel (sk.B)<\/li>\n<\/ul>\n<p><strong>Po\u017eadavky:<\/strong><\/p>\n<ul>\n<li>min. S\u0160 vzd\u011bl\u00e1n\u00ed technick\u00e9ho sm\u011bru (geod\u00e9zie, nebo pozemkov\u00e9 \u00fapravy), V\u0160 v\u00fdhodou<\/li>\n<li>praxe v oboru v\u00fdhodou<\/li>\n<li>dobr\u00e1 znalost pr\u00e1ce na PC<\/li>\n<li>dobr\u00e1 znalost prost\u0159ed\u00ed MicroStation, p\u0159\u00edpadn\u011b AutoCAD v\u00fdhodou<\/li>\n<li>\u010dasov\u00e1 flexibilita, ob\u010dasn\u00e9 slu\u017eebn\u00ed cesty v \u010cR<\/li>\n<li>d\u016fslednost, samostatnost a spolehlivost v pln\u011bn\u00ed sv\u011b\u0159en\u00fdch \u00fakol\u016f<\/li>\n<li>ochota u\u010dit se nov\u00e9mu a d\u00e1le se vzd\u011bl\u00e1vat<\/li>\n<li>dobr\u00e9 komunika\u010dn\u00ed schopnosti<\/li>\n<li>proaktivn\u00ed a iniciativn\u00ed p\u0159\u00edstup<\/li>\n<li>\u0159idi\u010dsk\u00fd pr\u016fkaz skupiny B<\/li>\n<\/ul>\n<p><strong>Dal\u0161\u00ed benefity:<\/strong><\/p>\n<ul>\n<li>pru\u017en\u00e1 pracovn\u00ed doba<\/li>\n<li>mo\u017enost spolu\u00fa\u010dasti na projektech nap\u0159\u00ed\u010d spole\u010dnost\u00ed<\/li>\n<li>25 dn\u016f dovolen\u00e9<\/li>\n<li>stravenky<\/li>\n<\/ul>\n<p><strong>Pracovi\u0161t\u011b:<\/strong><\/p>\n<ul>\n<li>kancel\u00e1\u0159 Brno<\/li>\n<li>slu\u017eebn\u00ed cesty \u010cR<\/li>\n<\/ul>\n<p><b>V p\u0159\u00edpad\u011b Va\u0161eho z\u00e1jmu n\u00e1m po\u0161lete V\u00e1\u0161 strukturovan\u00fd \u017eivotopis.<\/b><\/p>\n","protected":false},"excerpt":{"rendered":"<p>Projektant pozemkov\u00fdch \u00faprav (Brno) Pracovn\u00ed n\u00e1pl\u0148: projekce pozemkov\u00fdch \u00faprav (anal\u00fdzy, n\u00e1roky, PSZ, n\u00e1vrh atd.) komunikace s vlastn\u00edky pozemk\u016f, se z\u00e1stupcem objednatele zpracov\u00e1n\u00ed dat v prost\u0159ed\u00ed Microstation \u2013 nadstavba POZEM \u0159\u00edzen\u00ed motorov\u00fdch vozidel (sk.B) Po\u017eadavky: min. S\u0160 vzd\u011bl\u00e1n\u00ed technick\u00e9ho sm\u011bru (geod\u00e9zie,&hellip; <\/p>\n","protected":false},"author":1,"featured_media":0,"parent":20,"menu_order":301,"comment_status":"closed","ping_status":"closed","template":"","meta":{"ngg_post_thumbnail":0,"footnotes":""},"class_list":["post-194","page","type-page","status-publish","hentry"],"_links":{"self":[{"href":"https:\/\/www.gb-geodezie.cz\/index.php?rest_route=\/wp\/v2\/pages\/194"}],"collection":[{"href":"https:\/\/www.gb-geodezie.cz\/index.php?rest_route=\/wp\/v2\/pages"}],"about":[{"href":"https:\/\/www.gb-geodezie.cz\/index.php?rest_route=\/wp\/v2\/types\/page"}],"author":[{"embeddable":true,"href":"https:\/\/www.gb-geodezie.cz\/index.php?rest_route=\/wp\/v2\/users\/1"}],"replies":[{"embeddable":true,"href":"https:\/\/www.gb-geodezie.cz\/index.php?rest_route=%2Fwp%2Fv2%2Fcomments&post=194"}],"version-history":[{"count":2,"href":"https:\/\/www.gb-geodezie.cz\/index.php?rest_route=\/wp\/v2\/pages\/194\/revisions"}],"predecessor-version":[{"id":202,"href":"https:\/\/www.gb-geodezie.cz\/index.php?rest_route=\/wp\/v2\/pages\/194\/revisions\/202"}],"up":[{"embeddable":true,"href":"https:\/\/www.gb-geodezie.cz\/index.php?rest_route=\/wp\/v2\/pages\/20"}],"wp:attachment":[{"href":"https:\/\/www.gb-geodezie.cz\/index.php?rest_route=%2Fwp%2Fv2%2Fmedia&parent=194"}],"curies":[{"name":"wp","href":"https:\/\/api.w.org\/{rel}","templated":true}]}}