
{"id":1443,"date":"2022-01-24T22:43:09","date_gmt":"2022-01-24T21:43:09","guid":{"rendered":"http:\/\/www.gb-geodezie.cz\/?page_id=1443"},"modified":"2024-07-21T19:47:32","modified_gmt":"2024-07-21T18:47:32","slug":"iso","status":"publish","type":"page","link":"https:\/\/www.gb-geodezie.cz\/?page_id=1443","title":{"rendered":"ISO"},"content":{"rendered":"<p><strong>ISO &#8211; dokumenty<\/strong><\/p>\n<table>\n<tbody>\n<tr>\n<td style=\"text-align: justify;\" width=\"80%\">CZ &#8211; Certifik\u00e1t ISO 9001<\/td>\n<td style=\"text-align: left;\" width=\"20%\"><a href=\"https:\/\/www.gb-geodezie.cz\/wp-content\/uploads\/2022\/01\/Certifikat_ISO_9001_rok_2020-2023.pdf\" target=\"_blank\" rel=\"noopener\"> <img loading=\"lazy\" decoding=\"async\" class=\"alignnone size-full wp-image-1426\" src=\"https:\/\/www.gb-geodezie.cz\/wp-content\/uploads\/2022\/01\/pdf.png\" alt=\"pdf\" width=\"28\" height=\"28\" srcset=\"https:\/\/www.gb-geodezie.cz\/wp-content\/uploads\/2022\/01\/pdf.png 128w, https:\/\/www.gb-geodezie.cz\/wp-content\/uploads\/2022\/01\/pdf-80x80.png 80w\" sizes=\"(max-width: 28px) 100vw, 28px\" \/> <\/a><\/td>\n<\/tr>\n<tr>\n<td style=\"text-align: justify;\" width=\"80%\">EN &#8211; Certifik\u00e1t ISO 9001<\/td>\n<td style=\"text-align: left;\" width=\"20%\"><a href=\"https:\/\/www.gb-geodezie.cz\/wp-content\/uploads\/2022\/01\/Certifikat_ISO_9001_rok_2020-2023_ang.pdf\" target=\"_blank\" rel=\"noopener\"> <img loading=\"lazy\" decoding=\"async\" class=\"alignnone size-full wp-image-1426\" src=\"https:\/\/www.gb-geodezie.cz\/wp-content\/uploads\/2022\/01\/pdf.png\" alt=\"pdf\" width=\"28\" height=\"28\" srcset=\"https:\/\/www.gb-geodezie.cz\/wp-content\/uploads\/2022\/01\/pdf.png 128w, https:\/\/www.gb-geodezie.cz\/wp-content\/uploads\/2022\/01\/pdf-80x80.png 80w\" sizes=\"(max-width: 28px) 100vw, 28px\" \/> <\/a><\/td>\n<\/tr>\n<tr>\n<td style=\"text-align: justify;\" width=\"80%\">CZ &#8211; Certifik\u00e1t ISO 14001<\/td>\n<td style=\"text-align: left;\" width=\"20%\"><a href=\"https:\/\/www.gb-geodezie.cz\/wp-content\/uploads\/2022\/01\/Certifikat_ISO_14001_rok_2020-2023.pdf\" target=\"_blank\" rel=\"noopener\"> <img loading=\"lazy\" decoding=\"async\" class=\"alignnone size-full wp-image-1426\" src=\"https:\/\/www.gb-geodezie.cz\/wp-content\/uploads\/2022\/01\/pdf.png\" alt=\"pdf\" width=\"28\" height=\"28\" srcset=\"https:\/\/www.gb-geodezie.cz\/wp-content\/uploads\/2022\/01\/pdf.png 128w, https:\/\/www.gb-geodezie.cz\/wp-content\/uploads\/2022\/01\/pdf-80x80.png 80w\" sizes=\"(max-width: 28px) 100vw, 28px\" \/> <\/a><\/td>\n<\/tr>\n<tr>\n<td style=\"text-align: justify;\" width=\"80%\">EN &#8211; Certifik\u00e1t ISO 14001<\/td>\n<td style=\"text-align: left;\" width=\"20%\"><a href=\"https:\/\/www.gb-geodezie.cz\/wp-content\/uploads\/2022\/01\/Certifikat_ISO_14001_rok_2020-2023_ang.pdf\" target=\"_blank\" rel=\"noopener\"> <img loading=\"lazy\" decoding=\"async\" class=\"alignnone size-full wp-image-1426\" src=\"https:\/\/www.gb-geodezie.cz\/wp-content\/uploads\/2022\/01\/pdf.png\" alt=\"pdf\" width=\"28\" height=\"28\" srcset=\"https:\/\/www.gb-geodezie.cz\/wp-content\/uploads\/2022\/01\/pdf.png 128w, https:\/\/www.gb-geodezie.cz\/wp-content\/uploads\/2022\/01\/pdf-80x80.png 80w\" sizes=\"(max-width: 28px) 100vw, 28px\" \/> <\/a><\/td>\n<\/tr>\n<tr>\n<td style=\"text-align: justify;\" width=\"80%\">CZ &#8211; Certifik\u00e1t OHSAS 18001<\/td>\n<td style=\"text-align: left;\" width=\"20%\"><a href=\"https:\/\/www.gb-geodezie.cz\/wp-content\/uploads\/2022\/01\/Certifikat_OHSAS_18001_rok_2020-2023.pdf\" target=\"_blank\" rel=\"noopener\"> <img loading=\"lazy\" decoding=\"async\" class=\"alignnone size-full wp-image-1426\" src=\"https:\/\/www.gb-geodezie.cz\/wp-content\/uploads\/2022\/01\/pdf.png\" alt=\"pdf\" width=\"28\" height=\"28\" srcset=\"https:\/\/www.gb-geodezie.cz\/wp-content\/uploads\/2022\/01\/pdf.png 128w, https:\/\/www.gb-geodezie.cz\/wp-content\/uploads\/2022\/01\/pdf-80x80.png 80w\" sizes=\"(max-width: 28px) 100vw, 28px\" \/> <\/a><\/td>\n<\/tr>\n<tr>\n<td style=\"text-align: justify;\" width=\"80%\">EN &#8211; Certifik\u00e1t OHSAS 18001<\/td>\n<td style=\"text-align: left;\" width=\"20%\"><a href=\"https:\/\/www.gb-geodezie.cz\/wp-content\/uploads\/2022\/01\/Certifikat_OHSAS_18001_rok_2020-2023_ang.pdf\" target=\"_blank\" rel=\"noopener\"> <img loading=\"lazy\" decoding=\"async\" class=\"alignnone size-full wp-image-1426\" src=\"https:\/\/www.gb-geodezie.cz\/wp-content\/uploads\/2022\/01\/pdf.png\" alt=\"pdf\" width=\"28\" height=\"28\" srcset=\"https:\/\/www.gb-geodezie.cz\/wp-content\/uploads\/2022\/01\/pdf.png 128w, https:\/\/www.gb-geodezie.cz\/wp-content\/uploads\/2022\/01\/pdf-80x80.png 80w\" sizes=\"(max-width: 28px) 100vw, 28px\" \/> <\/a><\/td>\n<\/tr>\n<\/tbody>\n<\/table>\n","protected":false},"excerpt":{"rendered":"<p>ISO &#8211; dokumenty CZ &#8211; Certifik\u00e1t ISO 9001 EN &#8211; Certifik\u00e1t ISO 9001 CZ &#8211; Certifik\u00e1t ISO 14001 EN &#8211; Certifik\u00e1t ISO 14001 CZ &#8211; Certifik\u00e1t OHSAS 18001 EN &#8211; Certifik\u00e1t OHSAS 18001<\/p>\n","protected":false},"author":1,"featured_media":0,"parent":0,"menu_order":0,"comment_status":"closed","ping_status":"closed","template":"","meta":{"ngg_post_thumbnail":0,"footnotes":""},"class_list":["post-1443","page","type-page","status-publish","hentry"],"_links":{"self":[{"href":"https:\/\/www.gb-geodezie.cz\/index.php?rest_route=\/wp\/v2\/pages\/1443"}],"collection":[{"href":"https:\/\/www.gb-geodezie.cz\/index.php?rest_route=\/wp\/v2\/pages"}],"about":[{"href":"https:\/\/www.gb-geodezie.cz\/index.php?rest_route=\/wp\/v2\/types\/page"}],"author":[{"embeddable":true,"href":"https:\/\/www.gb-geodezie.cz\/index.php?rest_route=\/wp\/v2\/users\/1"}],"replies":[{"embeddable":true,"href":"https:\/\/www.gb-geodezie.cz\/index.php?rest_route=%2Fwp%2Fv2%2Fcomments&post=1443"}],"version-history":[{"count":12,"href":"https:\/\/www.gb-geodezie.cz\/index.php?rest_route=\/wp\/v2\/pages\/1443\/revisions"}],"predecessor-version":[{"id":1603,"href":"https:\/\/www.gb-geodezie.cz\/index.php?rest_route=\/wp\/v2\/pages\/1443\/revisions\/1603"}],"wp:attachment":[{"href":"https:\/\/www.gb-geodezie.cz\/index.php?rest_route=%2Fwp%2Fv2%2Fmedia&parent=1443"}],"curies":[{"name":"wp","href":"https:\/\/api.w.org\/{rel}","templated":true}]}}