
{"id":1424,"date":"2022-01-24T22:34:41","date_gmt":"2022-01-24T21:34:41","guid":{"rendered":"http:\/\/www.gb-geodezie.cz\/?page_id=1424"},"modified":"2024-07-21T19:46:11","modified_gmt":"2024-07-21T18:46:11","slug":"eu","status":"publish","type":"page","link":"https:\/\/www.gb-geodezie.cz\/?page_id=1424","title":{"rendered":"Evropsk\u00e1 unie"},"content":{"rendered":"<p><strong>Evropsk\u00e1 unie &#8211; dokumenty<\/strong><\/p>\n<table>\n<tbody>\n<tr>\n<td style=\"text-align: justify;\" width=\"80%\">ROZVOJ AUTOMATIZACE A DIGITALIZACE V PODNIKU GB-GEODEZIE, SPOL. S R.O.<\/td>\n<td style=\"text-align: left;\" width=\"20%\"><a href=\"https:\/\/www.gb-geodezie.cz\/wp-content\/uploads\/2022\/01\/dotace_plakat.pdf\" target=\"_blank\" rel=\"noopener\"> <img loading=\"lazy\" decoding=\"async\" class=\"alignnone size-full wp-image-1426\" src=\"https:\/\/www.gb-geodezie.cz\/wp-content\/uploads\/2022\/01\/pdf.png\" alt=\"pdf\" width=\"28\" height=\"28\" srcset=\"https:\/\/www.gb-geodezie.cz\/wp-content\/uploads\/2022\/01\/pdf.png 128w, https:\/\/www.gb-geodezie.cz\/wp-content\/uploads\/2022\/01\/pdf-80x80.png 80w\" sizes=\"(max-width: 28px) 100vw, 28px\" \/> <\/a><\/td>\n<\/tr>\n<tr>\n<td style=\"text-align: justify;\" width=\"80%\">V\u00ddZKUM A V\u00ddVOJ MAPOVAC\u00cdCH PROST\u0158EDK\u016e<br \/>\nV PODNIKU GB-GEODEZIE, SPOL. S.R.O.<\/td>\n<td style=\"text-align: left;\" width=\"20%\"><a href=\"https:\/\/www.gb-geodezie.cz\/wp-content\/uploads\/2022\/02\/aplikace_plakat.pdf\" target=\"_blank\" rel=\"noopener\"> <img loading=\"lazy\" decoding=\"async\" class=\"alignnone size-full wp-image-1426\" src=\"https:\/\/www.gb-geodezie.cz\/wp-content\/uploads\/2022\/01\/pdf.png\" alt=\"pdf\" width=\"28\" height=\"28\" srcset=\"https:\/\/www.gb-geodezie.cz\/wp-content\/uploads\/2022\/01\/pdf.png 128w, https:\/\/www.gb-geodezie.cz\/wp-content\/uploads\/2022\/01\/pdf-80x80.png 80w\" sizes=\"(max-width: 28px) 100vw, 28px\" \/> <\/a><\/td>\n<\/tr>\n<\/tbody>\n<\/table>\n","protected":false},"excerpt":{"rendered":"<p>Evropsk\u00e1 unie &#8211; dokumenty ROZVOJ AUTOMATIZACE A DIGITALIZACE V PODNIKU GB-GEODEZIE, SPOL. S R.O. V\u00ddZKUM A V\u00ddVOJ MAPOVAC\u00cdCH PROST\u0158EDK\u016e V PODNIKU GB-GEODEZIE, SPOL. S.R.O.<\/p>\n","protected":false},"author":1,"featured_media":0,"parent":0,"menu_order":0,"comment_status":"closed","ping_status":"closed","template":"","meta":{"ngg_post_thumbnail":0,"footnotes":""},"class_list":["post-1424","page","type-page","status-publish","hentry"],"_links":{"self":[{"href":"https:\/\/www.gb-geodezie.cz\/index.php?rest_route=\/wp\/v2\/pages\/1424"}],"collection":[{"href":"https:\/\/www.gb-geodezie.cz\/index.php?rest_route=\/wp\/v2\/pages"}],"about":[{"href":"https:\/\/www.gb-geodezie.cz\/index.php?rest_route=\/wp\/v2\/types\/page"}],"author":[{"embeddable":true,"href":"https:\/\/www.gb-geodezie.cz\/index.php?rest_route=\/wp\/v2\/users\/1"}],"replies":[{"embeddable":true,"href":"https:\/\/www.gb-geodezie.cz\/index.php?rest_route=%2Fwp%2Fv2%2Fcomments&post=1424"}],"version-history":[{"count":20,"href":"https:\/\/www.gb-geodezie.cz\/index.php?rest_route=\/wp\/v2\/pages\/1424\/revisions"}],"predecessor-version":[{"id":1602,"href":"https:\/\/www.gb-geodezie.cz\/index.php?rest_route=\/wp\/v2\/pages\/1424\/revisions\/1602"}],"wp:attachment":[{"href":"https:\/\/www.gb-geodezie.cz\/index.php?rest_route=%2Fwp%2Fv2%2Fmedia&parent=1424"}],"curies":[{"name":"wp","href":"https:\/\/api.w.org\/{rel}","templated":true}]}}