
{"id":1350,"date":"2017-05-08T21:49:55","date_gmt":"2017-05-08T20:49:55","guid":{"rendered":"http:\/\/www.gb-geodezie.cz\/?page_id=1350"},"modified":"2017-05-08T21:50:23","modified_gmt":"2017-05-08T20:50:23","slug":"geodet-geodetka-na-hpp-dpp-brno","status":"publish","type":"page","link":"https:\/\/www.gb-geodezie.cz\/?page_id=1350","title":{"rendered":"Geodet \/ geodetka na HPP \/ DPP (Brno)"},"content":{"rendered":"<p><strong>Geodet \/ geodetka na HPP \/ DPP (Brno)<\/strong><\/p>\n<p><strong>Pracovn\u00ed n\u00e1pl\u0148:<\/strong><\/p>\n<ul>\n<li>p\u0159\u00edprava podklad\u016f pro zam\u011b\u0159en\u00ed<\/li>\n<li>komunikace se z\u00e1stupcem objednatele a se zpracovateli zak\u00e1zek<\/li>\n<li>mo\u017enost t\u00fddenn\u00edch slu\u017eebn\u00edch cest v \u010cR a zahrani\u010d\u00ed<\/li>\n<li>obsluha geodetick\u00fdch p\u0159\u00edstroj\u016f (elektr. tachymetr, GNSS, ru\u010dn\u00ed d\u00e1lkom\u011bry, nivela\u010dn\u00ed p\u0159\u00edstroje, ru\u010dn\u00ed GPS, obsluha pozemn\u00edho skeneru)<\/li>\n<li>zpracov\u00e1n\u00ed dat v prost\u0159ed\u00ed Microstation po \u00farove\u0148 kone\u010dn\u00e9ho odevzd\u00e1n\u00ed (technick\u00e9 zpr\u00e1vy, vyty\u010dovac\u00ed protokoly, m\u011b\u0159ick\u00e9 n\u00e1\u010drty)<\/li>\n<li>\u0159\u00edzen\u00ed motorov\u00fdch vozidel (sk.B)<\/li>\n<\/ul>\n<p><strong>Po\u017eadavky:<\/strong><\/p>\n<ul>\n<li>S\u0160 vzd\u011bl\u00e1n\u00ed technick\u00e9ho sm\u011bru (geod\u00e9zie), V\u0160 v\u00fdhodou<\/li>\n<li>praxe v oboru v\u00fdhodou<\/li>\n<li>znalost geodetick\u00fdch \u00faloh a softwar\u016f pro zpracov\u00e1n\u00ed v\u00fdsledk\u016f jednotliv\u00fdch metod<\/li>\n<li>znalost prost\u0159ed\u00ed MicroStation, p\u0159\u00edpadn\u011b AutoCAD<\/li>\n<li>\u010dasov\u00e1 flexibilita, slu\u017eebn\u00ed cesty v tuzemsku i zahrani\u010d\u00ed<\/li>\n<li>d\u016fslednost, samostatnost a spolehlivost v pln\u011bn\u00ed sv\u011b\u0159en\u00fdch \u00fakol\u016f<\/li>\n<li>ochota u\u010dit se nov\u00e9mu a d\u00e1le se vzd\u011bl\u00e1vat<\/li>\n<li>dobr\u00e9 komunika\u010dn\u00ed schopnosti<\/li>\n<li>proaktivn\u00ed a iniciativn\u00ed p\u0159\u00edstup<\/li>\n<li>\u0159idi\u010dsk\u00fd pr\u016fkaz skupiny B<\/li>\n<\/ul>\n<p><strong>Dal\u0161\u00ed benefity:<\/strong><\/p>\n<ul>\n<li>flexibiln\u00ed za\u010d\u00e1tek\/konec pracovn\u00ed doby<\/li>\n<li>mo\u017enost spolu\u00fa\u010dasti na projektech nap\u0159\u00ed\u010d spole\u010dnost\u00ed<\/li>\n<li>25 dn\u016f dovolen\u00e9<\/li>\n<li>stravenky, bonusy\/pr\u00e9mie, notebook, mo\u017enost ob\u010dasn\u00e9 pr\u00e1ce z domova, firemn\u00ed akce<\/li>\n<\/ul>\n<p><strong>Pracovi\u0161t\u011b:<\/strong><\/p>\n<ul>\n<li>kancel\u00e1\u0159 Brno<\/li>\n<li>slu\u017eebn\u00ed cesty \u010cR, zahrani\u010d\u00ed<\/li>\n<\/ul>\n<p><strong>Typ smluvn\u00edho vztahu:<\/strong><\/p>\n<ul>\n<li>HPP nebo DPP<\/li>\n<\/ul>\n<p>V p\u0159\u00edpad\u011b va\u0161eho z\u00e1jmu n\u00e1s kontaktujte na telefonu +420 724 013 067, Ing. Zden\u011bk L\u00e1ska, nebo za\u0161lete \u017eivotopis na email <a href=\"mailto:gb@geodezie-brno.cz\">gb(at)geodezie-brno.cz<\/a>.<\/p>\n","protected":false},"excerpt":{"rendered":"<p>Geodet \/ geodetka na HPP \/ DPP (Brno) Pracovn\u00ed n\u00e1pl\u0148: p\u0159\u00edprava podklad\u016f pro zam\u011b\u0159en\u00ed komunikace se z\u00e1stupcem objednatele a se zpracovateli zak\u00e1zek mo\u017enost t\u00fddenn\u00edch slu\u017eebn\u00edch cest v \u010cR a zahrani\u010d\u00ed obsluha geodetick\u00fdch p\u0159\u00edstroj\u016f (elektr. tachymetr, GNSS, ru\u010dn\u00ed d\u00e1lkom\u011bry, nivela\u010dn\u00ed p\u0159\u00edstroje,&hellip; <\/p>\n","protected":false},"author":1,"featured_media":0,"parent":20,"menu_order":1350,"comment_status":"closed","ping_status":"closed","template":"","meta":{"ngg_post_thumbnail":0,"footnotes":""},"class_list":["post-1350","page","type-page","status-publish","hentry"],"_links":{"self":[{"href":"https:\/\/www.gb-geodezie.cz\/index.php?rest_route=\/wp\/v2\/pages\/1350"}],"collection":[{"href":"https:\/\/www.gb-geodezie.cz\/index.php?rest_route=\/wp\/v2\/pages"}],"about":[{"href":"https:\/\/www.gb-geodezie.cz\/index.php?rest_route=\/wp\/v2\/types\/page"}],"author":[{"embeddable":true,"href":"https:\/\/www.gb-geodezie.cz\/index.php?rest_route=\/wp\/v2\/users\/1"}],"replies":[{"embeddable":true,"href":"https:\/\/www.gb-geodezie.cz\/index.php?rest_route=%2Fwp%2Fv2%2Fcomments&post=1350"}],"version-history":[{"count":4,"href":"https:\/\/www.gb-geodezie.cz\/index.php?rest_route=\/wp\/v2\/pages\/1350\/revisions"}],"predecessor-version":[{"id":1354,"href":"https:\/\/www.gb-geodezie.cz\/index.php?rest_route=\/wp\/v2\/pages\/1350\/revisions\/1354"}],"up":[{"embeddable":true,"href":"https:\/\/www.gb-geodezie.cz\/index.php?rest_route=\/wp\/v2\/pages\/20"}],"wp:attachment":[{"href":"https:\/\/www.gb-geodezie.cz\/index.php?rest_route=%2Fwp%2Fv2%2Fmedia&parent=1350"}],"curies":[{"name":"wp","href":"https:\/\/api.w.org\/{rel}","templated":true}]}}