
{"id":1269,"date":"2016-09-08T13:54:32","date_gmt":"2016-09-08T12:54:32","guid":{"rendered":"http:\/\/www.gb-geodezie.cz\/?page_id=1269"},"modified":"2016-09-11T20:20:44","modified_gmt":"2016-09-11T19:20:44","slug":"geodet-pro-mobilni-mapovani","status":"publish","type":"page","link":"https:\/\/www.gb-geodezie.cz\/?page_id=1269","title":{"rendered":"Geodet pro mobiln\u00ed mapov\u00e1n\u00ed"},"content":{"rendered":"<p><strong>Geodet<\/strong> pro mobiln\u00ed mapov\u00e1n\u00ed <strong>\u00a0(Brno)<\/strong><\/p>\n<p><strong>Pracovn\u00ed n\u00e1pl\u0148:<\/strong><\/p>\n<ul>\n<li>p\u0159\u00edprava podklad\u016f pro m\u011b\u0159en\u00ed<\/li>\n<li>v\u00fdb\u011br nejvhodn\u011bj\u0161\u00ed metody pro zam\u011b\u0159en\u00ed zak\u00e1zky<\/li>\n<li>komunikace se z\u00e1stupcem objednatele a se zpracovateli zak\u00e1zek<\/li>\n<li>mo\u017enost t\u00fddenn\u00edch slu\u017eebn\u00edch cest v \u010cR a zahrani\u010d\u00ed<\/li>\n<li>po\u0159izov\u00e1n\u00ed dat mobiln\u00edm mapovac\u00edm syst\u00e9mem<\/li>\n<li>zpracov\u00e1n\u00ed dat<\/li>\n<li>\u0159\u00edzen\u00ed motorov\u00fdch vozidel (sk.B)<\/li>\n<\/ul>\n<p><strong>Po\u017eadavky:<\/strong><\/p>\n<ul>\n<li>S\u0160 vzd\u011bl\u00e1n\u00ed technick\u00e9ho sm\u011bru (geod\u00e9zie), V\u0160 v\u00fdhodou<\/li>\n<li>praxe v oboru v\u00fdhodou<\/li>\n<li>dobr\u00e1 znalost pr\u00e1ce na PC<\/li>\n<li>znalost prost\u0159ed\u00ed MicroStation, p\u0159\u00edpadn\u011b AutoCAD<\/li>\n<li>znalost AJ v\u00fdhodou<\/li>\n<li>\u010dasov\u00e1 flexibilita, ob\u010dasn\u00e9 slu\u017eebn\u00ed cesty v tuzemsku i zahrani\u010d\u00ed<\/li>\n<li>d\u016fslednost, samostatnost a spolehlivost v pln\u011bn\u00ed sv\u011b\u0159en\u00fdch \u00fakol\u016f<\/li>\n<li>ochota u\u010dit se nov\u00e9mu a d\u00e1le se vzd\u011bl\u00e1vat<\/li>\n<li>dobr\u00e9 komunika\u010dn\u00ed schopnosti<\/li>\n<li>proaktivn\u00ed a iniciativn\u00ed p\u0159\u00edstup<\/li>\n<li>\u0159idi\u010dsk\u00fd pr\u016fkaz skupiny B (aktivn\u00ed \u0159idi\u010d)<\/li>\n<\/ul>\n<p><strong>Dal\u0161\u00ed benefity:<\/strong><\/p>\n<ul>\n<li>pru\u017en\u00e1 pracovn\u00ed doba<\/li>\n<li>mo\u017enost spolu\u00fa\u010dasti na projektech nap\u0159\u00ed\u010d spole\u010dnost\u00ed<\/li>\n<li>25 dn\u016f dovolen\u00e9<\/li>\n<li>stravenky<\/li>\n<\/ul>\n<p><strong>Pracovi\u0161t\u011b:<\/strong><\/p>\n<ul>\n<li>kancel\u00e1\u0159 Brno<\/li>\n<li>slu\u017eebn\u00ed cesty \u010cR, zahrani\u010d\u00ed<\/li>\n<\/ul>\n<p>Bli\u017e\u0161\u00ed informace:<\/p>\n<p><strong>Ing. MICHAL \u0160AFA\u0158\u00cdK<\/strong><br \/>\nT\u00a0 +420\u00a0538\u00a0702\u00a0000<br \/>\nM +420\u00a0724\u00a0827 848<br \/>\n<a href=\"mailto:michal.safarik@geodezie-brno.cz\">michal.safarik(at)geodezie-brno.cz<\/a><br \/>\n<a href=\"mailto:gb@geodezie-brno.cz\">gb(at)geodezie-brno.cz<\/a><br \/>\n<a href=\"http:\/\/www.geodezie-brno.cz\">www.geodezie-brno.cz<\/a><\/p>\n","protected":false},"excerpt":{"rendered":"<p>Geodet pro mobiln\u00ed mapov\u00e1n\u00ed \u00a0(Brno) Pracovn\u00ed n\u00e1pl\u0148: p\u0159\u00edprava podklad\u016f pro m\u011b\u0159en\u00ed v\u00fdb\u011br nejvhodn\u011bj\u0161\u00ed metody pro zam\u011b\u0159en\u00ed zak\u00e1zky komunikace se z\u00e1stupcem objednatele a se zpracovateli zak\u00e1zek mo\u017enost t\u00fddenn\u00edch slu\u017eebn\u00edch cest v \u010cR a zahrani\u010d\u00ed po\u0159izov\u00e1n\u00ed dat mobiln\u00edm mapovac\u00edm syst\u00e9mem zpracov\u00e1n\u00ed dat&hellip; <\/p>\n","protected":false},"author":1,"featured_media":0,"parent":20,"menu_order":302,"comment_status":"closed","ping_status":"closed","template":"","meta":{"ngg_post_thumbnail":0,"footnotes":""},"class_list":["post-1269","page","type-page","status-publish","hentry"],"_links":{"self":[{"href":"https:\/\/www.gb-geodezie.cz\/index.php?rest_route=\/wp\/v2\/pages\/1269"}],"collection":[{"href":"https:\/\/www.gb-geodezie.cz\/index.php?rest_route=\/wp\/v2\/pages"}],"about":[{"href":"https:\/\/www.gb-geodezie.cz\/index.php?rest_route=\/wp\/v2\/types\/page"}],"author":[{"embeddable":true,"href":"https:\/\/www.gb-geodezie.cz\/index.php?rest_route=\/wp\/v2\/users\/1"}],"replies":[{"embeddable":true,"href":"https:\/\/www.gb-geodezie.cz\/index.php?rest_route=%2Fwp%2Fv2%2Fcomments&post=1269"}],"version-history":[{"count":5,"href":"https:\/\/www.gb-geodezie.cz\/index.php?rest_route=\/wp\/v2\/pages\/1269\/revisions"}],"predecessor-version":[{"id":1304,"href":"https:\/\/www.gb-geodezie.cz\/index.php?rest_route=\/wp\/v2\/pages\/1269\/revisions\/1304"}],"up":[{"embeddable":true,"href":"https:\/\/www.gb-geodezie.cz\/index.php?rest_route=\/wp\/v2\/pages\/20"}],"wp:attachment":[{"href":"https:\/\/www.gb-geodezie.cz\/index.php?rest_route=%2Fwp%2Fv2%2Fmedia&parent=1269"}],"curies":[{"name":"wp","href":"https:\/\/api.w.org\/{rel}","templated":true}]}}