
{"id":1222,"date":"2016-06-13T21:47:29","date_gmt":"2016-06-13T20:47:29","guid":{"rendered":"http:\/\/www.gb-geodezie.cz\/?page_id=1222"},"modified":"2017-07-17T16:39:20","modified_gmt":"2017-07-17T15:39:20","slug":"brigadnik-geodet","status":"publish","type":"page","link":"https:\/\/www.gb-geodezie.cz\/?page_id=1222","title":{"rendered":"Brig\u00e1dn\u00edk \u2013 geodet"},"content":{"rendered":"<p><strong>Brig\u00e1dn\u00edk \u2013 geodet (Brno)<\/strong><\/p>\n<p><strong>Pracovn\u00ed n\u00e1pl\u0148:<\/strong><\/p>\n<ul>\n<ul>\n<li>pomocn\u00e9 m\u011b\u0159ick\u00e9 pr\u00e1ce v oblasti mapov\u00e1n\u00ed a katastru nemovitost\u00ed \u2013 vhodn\u00e9 pro studenty oboru geod\u00e9zie<\/li>\n<\/ul>\n<\/ul>\n<p><b>V p\u0159\u00edpad\u011b Va\u0161eho z\u00e1jmu n\u00e1s kontaktuje<\/b><strong><a href=\"http:\/\/www.gb-geodezie.cz\/index.php\/kontakty\/brno\/\"> telefonicky nebo mailem<\/a>.<\/strong><\/p>\n","protected":false},"excerpt":{"rendered":"<p>Brig\u00e1dn\u00edk \u2013 geodet (Brno) Pracovn\u00ed n\u00e1pl\u0148: pomocn\u00e9 m\u011b\u0159ick\u00e9 pr\u00e1ce v oblasti mapov\u00e1n\u00ed a katastru nemovitost\u00ed \u2013 vhodn\u00e9 pro studenty oboru geod\u00e9zie V p\u0159\u00edpad\u011b Va\u0161eho z\u00e1jmu n\u00e1s kontaktuje telefonicky nebo mailem.<\/p>\n","protected":false},"author":1,"featured_media":0,"parent":20,"menu_order":195,"comment_status":"closed","ping_status":"closed","template":"","meta":{"ngg_post_thumbnail":0,"footnotes":""},"class_list":["post-1222","page","type-page","status-publish","hentry"],"_links":{"self":[{"href":"https:\/\/www.gb-geodezie.cz\/index.php?rest_route=\/wp\/v2\/pages\/1222"}],"collection":[{"href":"https:\/\/www.gb-geodezie.cz\/index.php?rest_route=\/wp\/v2\/pages"}],"about":[{"href":"https:\/\/www.gb-geodezie.cz\/index.php?rest_route=\/wp\/v2\/types\/page"}],"author":[{"embeddable":true,"href":"https:\/\/www.gb-geodezie.cz\/index.php?rest_route=\/wp\/v2\/users\/1"}],"replies":[{"embeddable":true,"href":"https:\/\/www.gb-geodezie.cz\/index.php?rest_route=%2Fwp%2Fv2%2Fcomments&post=1222"}],"version-history":[{"count":7,"href":"https:\/\/www.gb-geodezie.cz\/index.php?rest_route=\/wp\/v2\/pages\/1222\/revisions"}],"predecessor-version":[{"id":1308,"href":"https:\/\/www.gb-geodezie.cz\/index.php?rest_route=\/wp\/v2\/pages\/1222\/revisions\/1308"}],"up":[{"embeddable":true,"href":"https:\/\/www.gb-geodezie.cz\/index.php?rest_route=\/wp\/v2\/pages\/20"}],"wp:attachment":[{"href":"https:\/\/www.gb-geodezie.cz\/index.php?rest_route=%2Fwp%2Fv2%2Fmedia&parent=1222"}],"curies":[{"name":"wp","href":"https:\/\/api.w.org\/{rel}","templated":true}]}}