
{"id":113,"date":"2016-01-25T14:29:29","date_gmt":"2016-01-25T13:29:29","guid":{"rendered":"http:\/\/10.10.20.35\/?page_id=113"},"modified":"2016-02-05T23:20:07","modified_gmt":"2016-02-05T22:20:07","slug":"misys","status":"publish","type":"page","link":"https:\/\/www.gb-geodezie.cz\/?page_id=113","title":{"rendered":"GIS  &#8211; MISYS"},"content":{"rendered":"<h5>GIS pro m\u011bsta a obce<\/h5>\n<p>Na\u0161e \u0159e\u0161en\u00ed jsou zalo\u017eena na produktech firmy\u00a0<span class=\"aktualita\"><a href=\"http:\/\/www.gepro.cz\/\" target=\"_blank\">GEPRO<\/a><\/span><span class=\"Apple-converted-space\">\u00a0<\/span><\/p>\n<ul>\n<li>MISYS<img loading=\"lazy\" decoding=\"async\" class=\"wp-image-125 size-full alignright\" src=\"http:\/\/www.gb-geodezie.cz\/wp-content\/uploads\/2016\/01\/misys.jpg\" alt=\"misys\" width=\"418\" height=\"222\" srcset=\"https:\/\/www.gb-geodezie.cz\/wp-content\/uploads\/2016\/01\/misys.jpg 418w, https:\/\/www.gb-geodezie.cz\/wp-content\/uploads\/2016\/01\/misys-300x159.jpg 300w\" sizes=\"(max-width: 418px) 100vw, 418px\" \/><\/li>\n<li>MISYS-WEB<\/li>\n<li><a href=\"http:\/\/geoportal.gepro.cz\" target=\"_blank\">GEOPORT\u00c1L GEPRO <\/a>&#8211; vyzkou\u0161ejte zdarma<\/li>\n<\/ul>\n<p><b>Digit\u00e1ln\u00ed mapy \u00a0\u201c\u00a0v\u0161echny pohromad\u011b\u00a0\u201d<span class=\"Apple-converted-space\">\u00a0<\/span>:<\/b><\/p>\n<ul>\n<li>Katastr nemovitost\u00ed<\/li>\n<li>Ortofotomapy<\/li>\n<li>In\u017een\u00fdrsk\u00e9 s\u00edt\u011b<\/li>\n<li>\u00dazemn\u00ed pl\u00e1ny<\/li>\n<\/ul>\n<p><b>\u00dazemn\u011b analytick\u00e9 podklady:<\/b><\/p>\n<ul>\n<li>zpracov\u00e1n\u00ed dat<\/li>\n<li>kooperace s urbanisty<\/li>\n<li>evidence a v\u00fddej dat<\/li>\n<li>publikace pomoc\u00ed webov\u00e9ho mapov\u00e9ho serveru MISYS-WEB<\/li>\n<\/ul>\n<p><b>Pravideln\u00e1 aktualizace dat i SW na z\u00e1klad\u011b smluvn\u00edch vztah\u016f s dohodnutou a jasnou cenou:<\/b><\/p>\n<ul>\n<li>Aktualizace dat katastru nemovitost\u00ed na z\u00e1klad\u011b smlouvy o zprost\u0159edkov\u00e1n\u00ed s \u010cUZK<\/li>\n<li>Ortofotomapy p\u0159\u00edmo od zdroje<\/li>\n<li>Napojen\u00ed na internetov\u00e9 zdroje, WMS slu\u017eby atd.<img loading=\"lazy\" decoding=\"async\" class=\"wp-image-127 alignright\" src=\"http:\/\/www.gb-geodezie.cz\/wp-content\/uploads\/2016\/01\/psp_zelen-300x214.png\" alt=\"psp_zelen\" width=\"350\" height=\"250\" srcset=\"https:\/\/www.gb-geodezie.cz\/wp-content\/uploads\/2016\/01\/psp_zelen-300x214.png 300w, https:\/\/www.gb-geodezie.cz\/wp-content\/uploads\/2016\/01\/psp_zelen-1024x730.png 1024w, https:\/\/www.gb-geodezie.cz\/wp-content\/uploads\/2016\/01\/psp_zelen.png 1301w\" sizes=\"(max-width: 350px) 100vw, 350px\" \/><\/li>\n<li>hotline, konzultace, poradenstv\u00ed v oblasti geografick\u00fdch dat<\/li>\n<\/ul>\n<p><b>PASPORTY &#8211; komunikace, ve\u0159ejn\u00e9 osv\u011btlen\u00ed, evidence pozemk\u016f a dal\u0161\u00ed:<\/b><\/p>\n<ul>\n<li>zpracov\u00e1n\u00ed z v\u00e1mi dodan\u00fdch podklad\u016f<\/li>\n<li>vyhodnocen\u00ed z dostupn\u00fdch mapov\u00fdch podklad\u016f &#8211; ortofotomapy, katastr\u00e1ln\u00ed mapy,&#8230;<\/li>\n<li>sb\u011br dat v ter\u00e9nu metodou GPS<\/li>\n<li>po\u0159\u00edzen\u00ed fotodokumentace<\/li>\n<li><span class=\"aktualita\"><a href=\"http:\/\/www.gepro.cz\/geograficke-informacni-systemy\/pasporty\/\" target=\"_blank\">dal\u0161\u00ed informace<\/a><\/span><\/li>\n<\/ul>\n<p>&nbsp;<\/p>\n<p>Kontakty:<\/p>\n<table>\n<tbody>\n<tr>\n<td>Miroslav Hoz\u00e1k<\/td>\n<td>Simona Rybov\u00e1<\/td>\n<\/tr>\n<tr>\n<td>602 749 258<\/td>\n<td>725 756 259<\/td>\n<\/tr>\n<tr>\n<td colspan=\"2\"><a href=\"mailto:misys@geodezie-brno.cz\">MISYS(AT)GEODEZIE-BRNO.CZ<\/a><\/td>\n<\/tr>\n<\/tbody>\n<\/table>\n","protected":false},"excerpt":{"rendered":"<p>GIS pro m\u011bsta a obce Na\u0161e \u0159e\u0161en\u00ed jsou zalo\u017eena na produktech firmy\u00a0GEPRO\u00a0 MISYS MISYS-WEB GEOPORT\u00c1L GEPRO &#8211; vyzkou\u0161ejte zdarma Digit\u00e1ln\u00ed mapy \u00a0\u201c\u00a0v\u0161echny pohromad\u011b\u00a0\u201d\u00a0: Katastr nemovitost\u00ed Ortofotomapy In\u017een\u00fdrsk\u00e9 s\u00edt\u011b \u00dazemn\u00ed pl\u00e1ny \u00dazemn\u011b analytick\u00e9 podklady: zpracov\u00e1n\u00ed dat kooperace s urbanisty evidence a&hellip; <\/p>\n","protected":false},"author":2,"featured_media":125,"parent":0,"menu_order":40,"comment_status":"closed","ping_status":"closed","template":"","meta":{"ngg_post_thumbnail":0,"footnotes":""},"class_list":["post-113","page","type-page","status-publish","has-post-thumbnail","hentry"],"_links":{"self":[{"href":"https:\/\/www.gb-geodezie.cz\/index.php?rest_route=\/wp\/v2\/pages\/113"}],"collection":[{"href":"https:\/\/www.gb-geodezie.cz\/index.php?rest_route=\/wp\/v2\/pages"}],"about":[{"href":"https:\/\/www.gb-geodezie.cz\/index.php?rest_route=\/wp\/v2\/types\/page"}],"author":[{"embeddable":true,"href":"https:\/\/www.gb-geodezie.cz\/index.php?rest_route=\/wp\/v2\/users\/2"}],"replies":[{"embeddable":true,"href":"https:\/\/www.gb-geodezie.cz\/index.php?rest_route=%2Fwp%2Fv2%2Fcomments&post=113"}],"version-history":[{"count":21,"href":"https:\/\/www.gb-geodezie.cz\/index.php?rest_route=\/wp\/v2\/pages\/113\/revisions"}],"predecessor-version":[{"id":1032,"href":"https:\/\/www.gb-geodezie.cz\/index.php?rest_route=\/wp\/v2\/pages\/113\/revisions\/1032"}],"wp:featuredmedia":[{"embeddable":true,"href":"https:\/\/www.gb-geodezie.cz\/index.php?rest_route=\/wp\/v2\/media\/125"}],"wp:attachment":[{"href":"https:\/\/www.gb-geodezie.cz\/index.php?rest_route=%2Fwp%2Fv2%2Fmedia&parent=113"}],"curies":[{"name":"wp","href":"https:\/\/api.w.org\/{rel}","templated":true}]}}