
{"id":107,"date":"2016-01-22T12:05:21","date_gmt":"2016-01-22T11:05:21","guid":{"rendered":"http:\/\/10.10.20.35\/?page_id=107"},"modified":"2023-02-07T15:41:22","modified_gmt":"2023-02-07T14:41:22","slug":"topnet","status":"publish","type":"page","link":"https:\/\/www.gb-geodezie.cz\/?page_id=107","title":{"rendered":"TopNET"},"content":{"rendered":"<h5>TopNET<img loading=\"lazy\" decoding=\"async\" class=\" wp-image-502 alignright\" src=\"http:\/\/www.gb-geodezie.cz\/wp-content\/uploads\/2016\/01\/topnet_antena.jpg\" alt=\"topnet_antena\" width=\"255\" height=\"240\" srcset=\"https:\/\/www.gb-geodezie.cz\/wp-content\/uploads\/2016\/01\/topnet_antena.jpg 605w, https:\/\/www.gb-geodezie.cz\/wp-content\/uploads\/2016\/01\/topnet_antena-300x282.jpg 300w\" sizes=\"(max-width: 255px) 100vw, 255px\" \/><\/h5>\n<ul>\n<li>TopNET je s\u00ed\u0165 permanentn\u00edch GNSS stanic, provozovan\u00e1 firmou GB-geodezie, spol. s r.o.<\/li>\n<li class=\"title\">S\u00ed\u0165 TopNET poskytuje sv\u00fdm u\u017eivatel\u016fm korek\u010dn\u00ed data pro diferenci\u00e1ln\u00ed ur\u010dov\u00e1n\u00ed polohy.<\/li>\n<li class=\"title\">S\u00ed\u0165 TopNET sv\u00fdmi slu\u017ebami pokr\u00fdv\u00e1 \u00fazem\u00ed cel\u00e9 \u010cesk\u00e9 Republiky.<\/li>\n<li class=\"title\">S\u00ed\u0165 TopNET poskytuje data z naviga\u010dn\u00edch syst\u00e9m\u016f GPS a GLONASS<\/li>\n<\/ul>\n<div class=\"entry\">\n<p><a href=\"http:\/\/topnet.gb-geodezie.cz\/topnet\/topnet.aspx#intro\">K \u010demu slou\u017e\u00ed permanentn\u00ed GNSS s\u00edt\u011b<\/a><br \/>\n<a href=\"http:\/\/topnet.gb-geodezie.cz\/topnet\/topnet.aspx#desc\">Popis s\u00edt\u011b topnet<\/a><br \/>\n<a href=\"http:\/\/topnet.gb-geodezie.cz\/topnet\/topnet.aspx#devices\">GNSS p\u0159ij\u00edma\u010de a ant\u00e9ny<\/a><br \/>\n<a href=\"http:\/\/topnet.gb-geodezie.cz\/topnet\/topnet.aspx#data\">Dostupn\u00e1 data<\/a><br \/>\n<a href=\"http:\/\/topnet.gb-geodezie.cz\/topnet\/topnet.aspx#coords\">Sou\u0159adnice<\/a><br \/>\n<a href=\"http:\/\/topnet.gb-geodezie.cz\/topnet\/topnet.aspx#stability\">Sledov\u00e1n\u00ed stability stanic<\/a><br \/>\n<a href=\"http:\/\/topnet.gb-geodezie.cz\/topnet\/topnet.aspx#history\">Historie<\/a><\/p>\n<div id=\"intro\">\n<p><strong>K \u010demu slou\u017e\u00ed permanentn\u00ed GNSS s\u00edt\u011b<\/strong><\/p>\n<p>Pro b\u011b\u017en\u00e9 u\u017eit\u00ed p\u0159i navigaci n\u00e1m posta\u010duje \u0159\u00e1dov\u011b metrov\u00e1 p\u0159esnost, kterou n\u00e1m zajist\u00ed jeden jednofrekven\u010dn\u00ed GPS p\u0159ij\u00edma\u010d. Pokud ale v re\u00e1ln\u00e9m \u010dase vy\u017eadujeme submetrovou p\u0159esnost v ur\u010den\u00ed prostorov\u00e9 polohy bodu, mus\u00edme m\u00edt p\u0159ij\u00edma\u010de dva a vyu\u017e\u00edt n\u011bkter\u00e9 z diferenci\u00e1ln\u00edch metod ur\u010den\u00ed polohy. Z tohoto d\u016fvodu se za\u010daly po cel\u00e9m sv\u011bt\u011b budovat s\u00edt\u011b permanentn\u00edch GNSS stanic, d\u00edky kter\u00fdm u\u017eivatel\u016fm sta\u010d\u00ed si po\u0159\u00eddit pouze jeden GNSS p\u0159ij\u00edma\u010d, kter\u00fd je schopen p\u0159ij\u00edmat korek\u010dn\u00ed data z t\u011bchto s\u00edt\u00ed.<\/p>\n<p><strong>Popis s\u00edt\u011b TopNET<\/strong><\/p>\n<p>V sou\u010dasnosti je v s\u00edti zapojeno 32 GNSS stanic rozlo\u017een\u00fdch po \u00fazem\u00ed \u010cesk\u00e9 republiky tak, aby cel\u00e1 \u010cesk\u00e1 republika byla pokryta RTK a VRS korekcemi. D\u00e1le jsou v&nbsp;s\u00edti zapojeny tak\u00e9 3 stanice Rakousk\u00e9 s\u00edt\u011b EPOSA a \u010dty\u0159i stanice Polsk\u00e9 s\u00edt\u011b TPI NETpro.<\/p>\n<p>Spr\u00e1vu s\u00edt\u011b a generov\u00e1n\u00ed virtu\u00e1ln\u00edch stanic zaji\u0161\u0165uje firemn\u00ed software TopNET od firmy Topcon. Na \u00fazem\u00ed \u010cesk\u00e9 republiky vyu\u017e\u00edv\u00e1 S\u00ed\u0165 TopNET stanice v\u00edce provozovatel\u016f. Jsou jimi GB-geodezie s.r.o. (provozuje 22 stanic), \u00dastav struktury a mechaniky hornin Akademie v\u011bd \u010cR (provozuje 7 stanic), Vysok\u00e1 \u0161kola b\u00e1\u0148sk\u00e1 &#8211; Technick\u00e1 univerzita Ostrava (provozuje 2 stanice).<\/p>\n<p>Podrobn\u011bj\u0161\u00ed informace a registrace&nbsp;slu\u017eby TopNET je vyhrazen&nbsp;samostatn\u00fd port\u00e1l <a href=\"http:\/\/topnet.gb-geodezie.cz\/topnet\/topnet.aspx\">slu\u017eby<\/a>.<\/p>\n<\/div>\n<\/div>\n<p><img loading=\"lazy\" decoding=\"async\" src=\"http:\/\/www.gb-geodezie.cz\/wp-content\/uploads\/2023\/02\/TopNET2023_web.jpg\" alt=\"\" width=\"1109\" height=\"654\" class=\"alignnone size-full wp-image-1566\" srcset=\"https:\/\/www.gb-geodezie.cz\/wp-content\/uploads\/2023\/02\/TopNET2023_web.jpg 1109w, https:\/\/www.gb-geodezie.cz\/wp-content\/uploads\/2023\/02\/TopNET2023_web-300x177.jpg 300w, https:\/\/www.gb-geodezie.cz\/wp-content\/uploads\/2023\/02\/TopNET2023_web-1024x604.jpg 1024w, https:\/\/www.gb-geodezie.cz\/wp-content\/uploads\/2023\/02\/TopNET2023_web-768x453.jpg 768w\" sizes=\"(max-width: 1109px) 100vw, 1109px\" \/><\/p>\n","protected":false},"excerpt":{"rendered":"<p>TopNET TopNET je s\u00ed\u0165 permanentn\u00edch GNSS stanic, provozovan\u00e1 firmou GB-geodezie, spol. s r.o. S\u00ed\u0165 TopNET poskytuje sv\u00fdm u\u017eivatel\u016fm korek\u010dn\u00ed data pro diferenci\u00e1ln\u00ed ur\u010dov\u00e1n\u00ed polohy. S\u00ed\u0165 TopNET sv\u00fdmi slu\u017ebami pokr\u00fdv\u00e1 \u00fazem\u00ed cel\u00e9 \u010cesk\u00e9 Republiky. S\u00ed\u0165 TopNET poskytuje data z naviga\u010dn\u00edch syst\u00e9m\u016f&hellip; <\/p>\n","protected":false},"author":1,"featured_media":0,"parent":0,"menu_order":70,"comment_status":"closed","ping_status":"closed","template":"","meta":{"ngg_post_thumbnail":0,"footnotes":""},"class_list":["post-107","page","type-page","status-publish","hentry"],"_links":{"self":[{"href":"https:\/\/www.gb-geodezie.cz\/index.php?rest_route=\/wp\/v2\/pages\/107"}],"collection":[{"href":"https:\/\/www.gb-geodezie.cz\/index.php?rest_route=\/wp\/v2\/pages"}],"about":[{"href":"https:\/\/www.gb-geodezie.cz\/index.php?rest_route=\/wp\/v2\/types\/page"}],"author":[{"embeddable":true,"href":"https:\/\/www.gb-geodezie.cz\/index.php?rest_route=\/wp\/v2\/users\/1"}],"replies":[{"embeddable":true,"href":"https:\/\/www.gb-geodezie.cz\/index.php?rest_route=%2Fwp%2Fv2%2Fcomments&post=107"}],"version-history":[{"count":39,"href":"https:\/\/www.gb-geodezie.cz\/index.php?rest_route=\/wp\/v2\/pages\/107\/revisions"}],"predecessor-version":[{"id":1582,"href":"https:\/\/www.gb-geodezie.cz\/index.php?rest_route=\/wp\/v2\/pages\/107\/revisions\/1582"}],"wp:attachment":[{"href":"https:\/\/www.gb-geodezie.cz\/index.php?rest_route=%2Fwp%2Fv2%2Fmedia&parent=107"}],"curies":[{"name":"wp","href":"https:\/\/api.w.org\/{rel}","templated":true}]}}