
{"id":10,"date":"2016-01-21T16:01:29","date_gmt":"2016-01-21T15:01:29","guid":{"rendered":"http:\/\/10.10.20.35\/?page_id=10"},"modified":"2022-02-03T20:55:15","modified_gmt":"2022-02-03T19:55:15","slug":"kontakty","status":"publish","type":"page","link":"https:\/\/www.gb-geodezie.cz\/?page_id=10","title":{"rendered":"Kontakty"},"content":{"rendered":"<h5>Kontakty<\/h5>\n<p>Snahou na\u0161\u00ed spole\u010dnosti je b\u00fdt V\u00e1m co nejbl\u00ed\u017ee.&nbsp;Ve\u0161ker\u00e9 geodetick\u00e9 pr\u00e1ce a souvisej\u00edc\u00ed slu\u017eby poskytujeme z t\u011bchto pracovi\u0161\u0165:<\/p>\n<div id=\"wpgmza_map\" class=\"wpgmza_map\" data-settings='{\"id\":\"1\",\"map_title\":\"GB-geodezie\",\"map_width\":\"100\",\"map_height\":\"400\",\"map_start_lat\":\"49.543435\",\"map_start_lng\":\"16.900691\",\"map_start_location\":\"49.5434352252143,16.900690667701713\",\"map_start_zoom\":\"8\",\"default_marker\":\"0\",\"type\":\"1\",\"alignment\":\"1\",\"directions_enabled\":\"0\",\"styling_enabled\":\"0\",\"styling_json\":\"\",\"active\":\"0\",\"kml\":\"\",\"bicycle\":\"0\",\"traffic\":\"0\",\"dbox\":\"1\",\"dbox_width\":\"250\",\"listmarkers\":\"0\",\"listmarkers_advanced\":\"0\",\"filterbycat\":\"0\",\"ugm_enabled\":\"0\",\"ugm_category_enabled\":\"0\",\"fusion\":\"\",\"map_width_type\":\"\\\\%\",\"map_height_type\":\"px\",\"mass_marker_support\":\"1\",\"ugm_access\":\"0\",\"order_markers_by\":\"1\",\"order_markers_choice\":\"2\",\"show_user_location\":\"2\",\"default_to\":\"\",\"other_settings\":{\"store_locator_enabled\":2,\"wpgmza_store_locator_restrict\":\"CZ\",\"store_locator_distance\":2,\"store_locator_bounce\":1,\"store_locator_hide_before_search\":2,\"store_locator_use_their_location\":2,\"store_locator_name_search\":2,\"store_locator_category\":2,\"store_locator_query_string\":\"ZIP \\\/ Address:\",\"store_locator_name_string\":\"Title \\\/ Description:\",\"wpgmza_dbox_width_type\":\"px\",\"map_max_zoom\":\"1\",\"sl_stroke_color\":\"FF0000\",\"sl_stroke_opacity\":\"0.25\",\"sl_fill_color\":\"FF0000\",\"sl_fill_opacity\":\"0.15\",\"click_open_link\":2,\"weather_layer\":2,\"weather_layer_temp_type\":1,\"cloud_layer\":2,\"transport_layer\":0,\"wpgmza_iw_type\":\"0\",\"list_markers_by\":\"0\",\"push_in_map\":\"\",\"push_in_map_placement\":\"9\",\"wpgmza_push_in_map_width\":\"\",\"wpgmza_push_in_map_height\":\"\",\"wpgmza_theme_data\":\"[{\\\\\\\"featureType\\\\\\\":\\\\\\\"landscape\\\\\\\",\\\\\\\"stylers\\\\\\\":[{\\\\\\\"saturation\\\\\\\":-100},{\\\\\\\"lightness\\\\\\\":65},{\\\\\\\"visibility\\\\\\\":\\\\\\\"on\\\\\\\"}]},{\\\\\\\"featureType\\\\\\\":\\\\\\\"poi\\\\\\\",\\\\\\\"stylers\\\\\\\":[{\\\\\\\"saturation\\\\\\\":-100},{\\\\\\\"lightness\\\\\\\":51},{\\\\\\\"visibility\\\\\\\":\\\\\\\"simplified\\\\\\\"}]},{\\\\\\\"featureType\\\\\\\":\\\\\\\"road.highway\\\\\\\",\\\\\\\"stylers\\\\\\\":[{\\\\\\\"saturation\\\\\\\":-100},{\\\\\\\"visibility\\\\\\\":\\\\\\\"simplified\\\\\\\"}]},{\\\\\\\"featureType\\\\\\\":\\\\\\\"road.arterial\\\\\\\",\\\\\\\"stylers\\\\\\\":[{\\\\\\\"saturation\\\\\\\":-100},{\\\\\\\"lightness\\\\\\\":30},{\\\\\\\"visibility\\\\\\\":\\\\\\\"on\\\\\\\"}]},{\\\\\\\"featureType\\\\\\\":\\\\\\\"road.local\\\\\\\",\\\\\\\"stylers\\\\\\\":[{\\\\\\\"saturation\\\\\\\":-100},{\\\\\\\"lightness\\\\\\\":40},{\\\\\\\"visibility\\\\\\\":\\\\\\\"on\\\\\\\"}]},{\\\\\\\"featureType\\\\\\\":\\\\\\\"transit\\\\\\\",\\\\\\\"stylers\\\\\\\":[{\\\\\\\"saturation\\\\\\\":-100},{\\\\\\\"visibility\\\\\\\":\\\\\\\"simplified\\\\\\\"}]},{\\\\\\\"featureType\\\\\\\":\\\\\\\"administrative.province\\\\\\\",\\\\\\\"stylers\\\\\\\":[{\\\\\\\"visibility\\\\\\\":\\\\\\\"off\\\\\\\"}]},{\\\\\\\"featureType\\\\\\\":\\\\\\\"water\\\\\\\",\\\\\\\"elementType\\\\\\\":\\\\\\\"labels\\\\\\\",\\\\\\\"stylers\\\\\\\":[{\\\\\\\"visibility\\\\\\\":\\\\\\\"on\\\\\\\"},{\\\\\\\"lightness\\\\\\\":-25},{\\\\\\\"saturation\\\\\\\":-100}]},{\\\\\\\"featureType\\\\\\\":\\\\\\\"water\\\\\\\",\\\\\\\"elementType\\\\\\\":\\\\\\\"geometry\\\\\\\",\\\\\\\"stylers\\\\\\\":[{\\\\\\\"hue\\\\\\\":\\\\\\\"#ffff00\\\\\\\"},{\\\\\\\"lightness\\\\\\\":-25},{\\\\\\\"saturation\\\\\\\":-97}]}]\",\"wpgmza_theme_selection\":3,\"shortcodeAttributes\":{\"id\":\"1\"}}}' data-map-id='1' Data-maps-engine='google-maps' data-shortcode-attributes='{\"id\":\"1\"}' style=\"display:block; overflow:auto; width:100%; height:400px; float:left;\"><\/div>\n<p>&nbsp;<\/p>\n<table width=\"100%\">\n<tbody>\n<tr>\n<th style=\"text-align: center;\" colspan=\"3\" bgcolor=\"#004fa3\"><span style=\"color: #ffffff;\">S\u00eddlo spole\u010dnosti<\/span><\/th>\n<\/tr>\n<tr>\n<td width=\"50%\">\n<h6>&nbsp;<a href=\"http:\/\/www.gb-geodezie.cz\/?page_id=838\">Brno<\/a><\/h6>\n<p>&nbsp;<\/p>\n<p><span style=\"color: #808080;\"><a style=\"color: #808080;\" href=\"http:\/\/www.gb-geodezie.cz\/?page_id=838\"><em><u>podrobn\u00fd seznam kontakt\u016f<\/u><\/em><\/a>&#8230;<\/span><\/td>\n<td width=\"60%\">Tu\u0159anka 1521\/92b<br \/>\n627 00 Brno<br \/>\ntel.: +420 538 702 000<br \/>\nmail: <a href=\"mailto:gb@geodezie-brno.cz\">gb(at)geodezie-brno.cz<\/a><\/td>\n<\/tr>\n<\/tbody>\n<\/table>\n<p>&nbsp;<\/p>\n<table width=\"100%\">\n<tbody>\n<tr>\n<th style=\"text-align: center;\" colspan=\"2\" bgcolor=\"#004fa3\"><span style=\"color: #ffffff;\">pobo\u010dky spole\u010dnosti<\/span><\/th>\n<\/tr>\n<tr>\n<td width=\"50%\">\n<h6 style=\"text-align: left;\"><a href=\"http:\/\/www.gb-geodezie.cz\/?page_id=614\">Boskovice<\/a><\/h6>\n<p>&nbsp;<\/p>\n<p><span style=\"color: #808080;\"><a style=\"color: #808080;\" href=\"http:\/\/www.gb-geodezie.cz\/?page_id=614\"><em><u>podrobn\u00fd seznam kontakt\u016f<\/u><\/em><\/a>&#8230;<\/span><\/td>\n<td width=\"60%\">Dr. Sv\u011br\u00e1ka 2065\/13<br \/>\n680 11 Boskovice<br \/>\nmobil: +420 724 885 756<br \/>\nmail: <a href=\"mailto:boskovice@geodezie-brno.cz\">boskovice(at)geodezie-brno.cz<\/a><\/td>\n<\/tr>\n<tr>\n<td width=\"50%\">\n<h6><a href=\"http:\/\/www.gb-geodezie.cz\/?page_id=901\">Blansko<\/a><\/h6>\n<p>&nbsp;<\/p>\n<p><span style=\"color: #808080;\"><a style=\"color: #808080;\" href=\"http:\/\/www.gb-geodezie.cz\/?page_id=901\"><em><u>podrobn\u00fd seznam kontakt\u016f<\/u><\/em><\/a>&#8230;<\/span><\/td>\n<td width=\"60%\">Smetanova 2359\/6<br \/>\n678 01 Blansko<br \/>\ntel: +420 516 411 757<br \/>\nmail: <a href=\"mailto:blansko@geodezie-brno.cz\">blansko(at)geodezie-brno.cz<\/a><\/td>\n<\/tr>\n<tr>\n<td width=\"50%\">\n<h6><a href=\"http:\/\/www.gb-geodezie.cz\/?page_id=914\">Olomouc<b><br \/>\n<\/b><\/a><\/h6>\n<p>&nbsp;<\/p>\n<p><span style=\"color: #808080;\"><a style=\"color: #808080;\" href=\"http:\/\/www.gb-geodezie.cz\/?page_id=914\"><em><u>podrobn\u00fd seznam kontakt\u016f<\/u><\/em><\/a>&#8230;<\/span><\/td>\n<td width=\"60%\">Tov\u00e1rn\u00ed 41<br \/>\n772 00 Olomouc<br \/>\ntel: +420 602 512 367,&nbsp;tel: +420 602 512 382<br \/>\nmail: <a href=\"mailto:olomouc@geodezie-brno.cz\">olomouc(at)geodezie-brno.cz<\/a><\/td>\n<\/tr>\n<tr>\n<td width=\"50%\">\n<h6><a href=\"http:\/\/www.gb-geodezie.cz\/?page_id=798\">Opava<b><br \/>\n<\/b><\/a><\/h6>\n<p>&nbsp;<\/p>\n<p><span style=\"color: #808080;\"><a style=\"color: #808080;\" href=\"http:\/\/www.gb-geodezie.cz\/?page_id=798\"><em><u>podrobn\u00fd seznam kontakt\u016f<\/u><\/em><\/a>&#8230;<\/span><\/td>\n<td width=\"60%\">Kom\u00e1rovsk\u00e1 2<br \/>\n746 01 Opava<br \/>\ntel: +420 602 749 258<br \/>\nmail: <a href=\"mailto:opava@geodezie-brno.cz\">opava(at)geodezie-brno.cz<\/a><\/td>\n<\/tr>\n<tr>\n<td width=\"50%\">\n<h6><a href=\"http:\/\/www.gb-geodezie.cz\/?page_id=906\">\u017d\u010f\u00e1r nad S\u00e1zavou<\/a><\/h6>\n<p>&nbsp;<\/p>\n<p><span style=\"color: #808080;\"><a style=\"color: #808080;\" href=\"http:\/\/www.gb-geodezie.cz\/?page_id=906\"><em><u>podrobn\u00fd seznam kontakt\u016f<\/u><\/em><\/a>&#8230;<\/span><\/td>\n<td width=\"60%\">Doln\u00ed 165\/1<br \/>\n591 01 \u017d\u010f\u00e1r nad S\u00e1zavou<br \/>\ntel: +420 566 623 246<br \/>\nmail: <a href=\"mailto:zdar@geodezie-brno.cz\">zdar(at)geodezie-brno.cz<\/a><\/td>\n<\/tr>\n<\/tbody>\n<\/table>\n","protected":false},"excerpt":{"rendered":"<p>Kontakty Snahou na\u0161\u00ed spole\u010dnosti je b\u00fdt V\u00e1m co nejbl\u00ed\u017ee.&nbsp;Ve\u0161ker\u00e9 geodetick\u00e9 pr\u00e1ce a souvisej\u00edc\u00ed slu\u017eby poskytujeme z t\u011bchto pracovi\u0161\u0165: &nbsp; S\u00eddlo spole\u010dnosti &nbsp;Brno &nbsp; podrobn\u00fd seznam kontakt\u016f&#8230; Tu\u0159anka 1521\/92b 627 00 Brno tel.: +420 538 702 000 mail: gb(at)geodezie-brno.cz &nbsp; pobo\u010dky&hellip; <\/p>\n","protected":false},"author":1,"featured_media":0,"parent":0,"menu_order":4,"comment_status":"closed","ping_status":"closed","template":"","meta":{"ngg_post_thumbnail":0,"footnotes":""},"class_list":["post-10","page","type-page","status-publish","hentry"],"_links":{"self":[{"href":"https:\/\/www.gb-geodezie.cz\/index.php?rest_route=\/wp\/v2\/pages\/10"}],"collection":[{"href":"https:\/\/www.gb-geodezie.cz\/index.php?rest_route=\/wp\/v2\/pages"}],"about":[{"href":"https:\/\/www.gb-geodezie.cz\/index.php?rest_route=\/wp\/v2\/types\/page"}],"author":[{"embeddable":true,"href":"https:\/\/www.gb-geodezie.cz\/index.php?rest_route=\/wp\/v2\/users\/1"}],"replies":[{"embeddable":true,"href":"https:\/\/www.gb-geodezie.cz\/index.php?rest_route=%2Fwp%2Fv2%2Fcomments&post=10"}],"version-history":[{"count":158,"href":"https:\/\/www.gb-geodezie.cz\/index.php?rest_route=\/wp\/v2\/pages\/10\/revisions"}],"predecessor-version":[{"id":1516,"href":"https:\/\/www.gb-geodezie.cz\/index.php?rest_route=\/wp\/v2\/pages\/10\/revisions\/1516"}],"wp:attachment":[{"href":"https:\/\/www.gb-geodezie.cz\/index.php?rest_route=%2Fwp%2Fv2%2Fmedia&parent=10"}],"curies":[{"name":"wp","href":"https:\/\/api.w.org\/{rel}","templated":true}]}}